{"id":81669,"date":"2026-04-15T19:20:49","date_gmt":"2026-04-15T17:20:49","guid":{"rendered":"https:\/\/dev.mivv.com\/scarico-moto\/k-058-sm3x-kawasaki-z650-2024-2026\/"},"modified":"2026-04-15T19:20:49","modified_gmt":"2026-04-15T17:20:49","slug":"k-058-sm3x-kawasaki-z650-2024-2026","status":"publish","type":"product","link":"https:\/\/dev.mivv.com\/fr\/product\/k-058-sm3x-kawasaki-z650-2024-2026\/","title":{"rendered":"K.058.SM3X &#8211; KAWASAKI Z650 2024 > 2026"},"content":{"rendered":"<p>R\u00e9alis\u00e9 pour am\u00e9liorer <strong>l\u2019aspect, le son et les prestations<\/strong> de la moto, le pot slip-on Mivv est issu de l\u2019attention maximale vers le design, en vue de satisfaire ceux qui souhaitent se <strong>d\u00e9marquer<\/strong> aussi par l\u2019allure de leur moto.<\/p>\n<p>Le pot <strong>MK3<\/strong>, fruit de l&rsquo;exp\u00e9rience acquise lors des championnats du monde <strong>Moto3 et Moto2<\/strong>, est la synth\u00e8se parfaite entre <strong>performance et technologie<\/strong>. Avec un <strong>design<\/strong> similaire aux \u00e9chappements con\u00e7us pour le <strong>championnat mondial Moto3<\/strong>, le MK3 est un produit <strong>compact<\/strong> capable de lib\u00e9rer <strong>le son captivant MIVV<\/strong>. <\/p>\n<p>La version acier se caract\u00e9rise par un corps central en acier inox 304 bross\u00e9 avec finition\u00a0<strong>\u2018pearled\u2019<\/strong>\u00a0qui, conjointement \u00e0 la grille de protection sur l\u2019embout de sortie, donne au silencieux un <strong>look inimitable<\/strong>.<\/p>\n","protected":false},"excerpt":{"rendered":"<p>NON HOMOLOGUE&rsquo;. L&rsquo;installation de ce syst\u00e8me d&rsquo;\u00e9chappement sans la switch-off key peut provoquer l&rsquo;allumage du voyant d&rsquo;avertissement du moteur.<\/p>\n","protected":false},"featured_media":30436,"template":"","meta":{"_acf_changed":false},"product_brand":[20928,20862,20926],"product_cat":[679],"product_tag":[],"class_list":{"0":"post-81669","1":"product","2":"type-product","3":"status-publish","4":"has-post-thumbnail","6":"product_brand-2024-2026-8405","7":"product_brand-kawasaki","8":"product_brand-z-650","9":"product_cat-ligne-complete","11":"first","12":"instock","13":"shipping-taxable","14":"product-type-simple"},"acf":[],"_links":{"self":[{"href":"https:\/\/dev.mivv.com\/fr\/wp-json\/wp\/v2\/product\/81669","targetHints":{"allow":["GET"]}}],"collection":[{"href":"https:\/\/dev.mivv.com\/fr\/wp-json\/wp\/v2\/product"}],"about":[{"href":"https:\/\/dev.mivv.com\/fr\/wp-json\/wp\/v2\/types\/product"}],"wp:featuredmedia":[{"embeddable":true,"href":"https:\/\/dev.mivv.com\/fr\/wp-json\/wp\/v2\/media\/30436"}],"wp:attachment":[{"href":"https:\/\/dev.mivv.com\/fr\/wp-json\/wp\/v2\/media?parent=81669"}],"wp:term":[{"taxonomy":"product_brand","embeddable":true,"href":"https:\/\/dev.mivv.com\/fr\/wp-json\/wp\/v2\/product_brand?post=81669"},{"taxonomy":"product_cat","embeddable":true,"href":"https:\/\/dev.mivv.com\/fr\/wp-json\/wp\/v2\/product_cat?post=81669"},{"taxonomy":"product_tag","embeddable":true,"href":"https:\/\/dev.mivv.com\/fr\/wp-json\/wp\/v2\/product_tag?post=81669"}],"curies":[{"name":"wp","href":"https:\/\/api.w.org\/{rel}","templated":true}]}}