{"id":81802,"date":"2026-04-15T19:21:30","date_gmt":"2026-04-15T17:21:30","guid":{"rendered":"https:\/\/dev.mivv.com\/scarico-moto\/kt-021-lekb-ktm-790-adventure-r-2021-2024\/"},"modified":"2026-04-15T19:21:30","modified_gmt":"2026-04-15T17:21:30","slug":"kt-021-lekb-ktm-790-adventure-r-2021-2024","status":"publish","type":"product","link":"https:\/\/dev.mivv.com\/fr\/product\/kt-021-lekb-ktm-790-adventure-r-2021-2024\/","title":{"rendered":"KT.021.LEKB \u2013 KTM 790 ADVENTURE \/ R 2021 > 2024"},"content":{"rendered":"<p>R\u00e9alis\u00e9 pour am\u00e9liorer <strong>l\u2019aspect, le son et les prestations<\/strong> de la moto, le pot slip-on Mivv est issu de l\u2019attention maximale vers le design, en vue de satisfaire ceux qui souhaitent se <strong>d\u00e9marquer<\/strong> aussi par l\u2019allure de leur moto.<\/p>\n<p>Le projet \u00e9chappement \u2018Dakar\u2019 est le r\u00e9sultat de l&rsquo;exp\u00e9rience de notre R&#038;D dans les <strong>courses rallye.<\/strong><\/p>\n<p>Le r\u00e9sultat est un <strong>pot d\u2019\u00e9chappement essentiel et robuste<\/strong>, id\u00e9ale pour tous ceux qui pr\u00e9f\u00e8rent faire un tout-terrain plus <strong>exigeant<\/strong>.<\/p>\n<p>La version\u00a0<strong>Black<\/strong>\u00a0est caract\u00e9ris\u00e9e par un corps central en acier inox <strong>noir<\/strong> 304 avec effet\u00a0<strong>\u00ab\u00a0Black Moon\u00a0\u00bb<\/strong>, une finition obtenue gr\u00e2ce \u00e0 un proc\u00e9d\u00e9 de peinture sp\u00e9cial \u00e0 base de <strong>c\u00e9ramique<\/strong>.<\/p>\n","protected":false},"excerpt":{"rendered":"<p>PARE-CHALEUR CARBONE INCLUS<\/p>\n","protected":false},"featured_media":64431,"template":"","meta":{"_acf_changed":false},"product_brand":[21019,21017,20972],"product_cat":[704],"product_tag":[],"class_list":{"0":"post-81802","1":"product","2":"type-product","3":"status-publish","4":"has-post-thumbnail","6":"product_brand-2021-790-adventure-r","7":"product_brand-790-adventure-r","8":"product_brand-ktm","9":"product_cat-slip-on","11":"first","12":"instock","13":"shipping-taxable","14":"product-type-simple"},"acf":[],"_links":{"self":[{"href":"https:\/\/dev.mivv.com\/fr\/wp-json\/wp\/v2\/product\/81802","targetHints":{"allow":["GET"]}}],"collection":[{"href":"https:\/\/dev.mivv.com\/fr\/wp-json\/wp\/v2\/product"}],"about":[{"href":"https:\/\/dev.mivv.com\/fr\/wp-json\/wp\/v2\/types\/product"}],"wp:featuredmedia":[{"embeddable":true,"href":"https:\/\/dev.mivv.com\/fr\/wp-json\/wp\/v2\/media\/64431"}],"wp:attachment":[{"href":"https:\/\/dev.mivv.com\/fr\/wp-json\/wp\/v2\/media?parent=81802"}],"wp:term":[{"taxonomy":"product_brand","embeddable":true,"href":"https:\/\/dev.mivv.com\/fr\/wp-json\/wp\/v2\/product_brand?post=81802"},{"taxonomy":"product_cat","embeddable":true,"href":"https:\/\/dev.mivv.com\/fr\/wp-json\/wp\/v2\/product_cat?post=81802"},{"taxonomy":"product_tag","embeddable":true,"href":"https:\/\/dev.mivv.com\/fr\/wp-json\/wp\/v2\/product_tag?post=81802"}],"curies":[{"name":"wp","href":"https:\/\/api.w.org\/{rel}","templated":true}]}}