{"id":82552,"date":"2026-04-15T19:34:16","date_gmt":"2026-04-15T17:34:16","guid":{"rendered":"https:\/\/dev.mivv.com\/scarico-moto\/k-060-sh1ban-kawasaki-vulcan-s-2017-2023\/"},"modified":"2026-04-15T19:34:16","modified_gmt":"2026-04-15T17:34:16","slug":"k-060-sh1ban-kawasaki-vulcan-s-2017-2023","status":"publish","type":"product","link":"https:\/\/dev.mivv.com\/fr\/product\/k-060-sh1ban-kawasaki-vulcan-s-2017-2023\/","title":{"rendered":"K.060.SH1BAN &#8211; KAWASAKI VULCAN S 2017 > 2023"},"content":{"rendered":"<p>R\u00e9alis\u00e9 pour am\u00e9liorer <strong>l\u2019aspect, le son et les prestations<\/strong> de la moto, le pot slip-on Mivv est issu de l\u2019attention maximale vers le design, en vue de satisfaire ceux qui souhaitent se <strong>d\u00e9marquer<\/strong> aussi par l\u2019allure de leur moto.<\/p>\n<p>Les \u00e9chappements de la gamme HR-1 ont une forme ronde assembl\u00e9e avec des rivets noirs au <strong>look sp\u00e9cial<\/strong>. Il est compl\u00e9t\u00e9 \u00e0 la sortie par un embout en <strong>alu verni noir c\u00e9ramique<\/strong> ou en <strong>carbone \u00ab\u00a0twill 3K look\u00a0\u00bb.<\/strong><\/p>\n<p>Il a le corps en acier noir \u00e0 l\u2019aspect <strong>\u2018Black Moon\u2019,<\/strong> obtenu par une peinture particuli\u00e8re \u00e0 base c\u00e9ramique lui donnant un <strong>look &lsquo;classic style&rsquo;<\/strong>.<\/p>\n","protected":false},"excerpt":{"rendered":"<p>NON HOMOLOGUE&rsquo;. VERSION \u00ab\u00a0FULL BLACK\u00a0\u00bb<\/p>\n","protected":false},"featured_media":22242,"template":"","meta":{"_acf_changed":false},"product_brand":[20896,20862,20895],"product_cat":[679],"product_tag":[],"class_list":{"0":"post-82552","1":"product","2":"type-product","3":"status-publish","4":"has-post-thumbnail","6":"product_brand-2017-vulcan-s","7":"product_brand-kawasaki","8":"product_brand-vulcan-s","9":"product_cat-ligne-complete","11":"first","12":"instock","13":"shipping-taxable","14":"product-type-simple"},"acf":[],"_links":{"self":[{"href":"https:\/\/dev.mivv.com\/fr\/wp-json\/wp\/v2\/product\/82552","targetHints":{"allow":["GET"]}}],"collection":[{"href":"https:\/\/dev.mivv.com\/fr\/wp-json\/wp\/v2\/product"}],"about":[{"href":"https:\/\/dev.mivv.com\/fr\/wp-json\/wp\/v2\/types\/product"}],"wp:featuredmedia":[{"embeddable":true,"href":"https:\/\/dev.mivv.com\/fr\/wp-json\/wp\/v2\/media\/22242"}],"wp:attachment":[{"href":"https:\/\/dev.mivv.com\/fr\/wp-json\/wp\/v2\/media?parent=82552"}],"wp:term":[{"taxonomy":"product_brand","embeddable":true,"href":"https:\/\/dev.mivv.com\/fr\/wp-json\/wp\/v2\/product_brand?post=82552"},{"taxonomy":"product_cat","embeddable":true,"href":"https:\/\/dev.mivv.com\/fr\/wp-json\/wp\/v2\/product_cat?post=82552"},{"taxonomy":"product_tag","embeddable":true,"href":"https:\/\/dev.mivv.com\/fr\/wp-json\/wp\/v2\/product_tag?post=82552"}],"curies":[{"name":"wp","href":"https:\/\/api.w.org\/{rel}","templated":true}]}}