{"id":82565,"date":"2026-04-15T19:34:22","date_gmt":"2026-04-15T17:34:22","guid":{"rendered":"https:\/\/dev.mivv.com\/scarico-moto\/mv-pg-0008-lv-piaggio-vespa-gtv-300-2023-2024\/"},"modified":"2026-04-15T19:34:22","modified_gmt":"2026-04-15T17:34:22","slug":"mv-pg-0008-lv-piaggio-vespa-gtv-300-2023-2024","status":"publish","type":"product","link":"https:\/\/dev.mivv.com\/fr\/product\/mv-pg-0008-lv-piaggio-vespa-gtv-300-2023-2024\/","title":{"rendered":"MV.PG.0008.LV \u2013 PIAGGIO VESPA GTV 300 2023 > 2024"},"content":{"rendered":"<p>Les \u00e9chappements Mivv pour scooter ont \u00e9t\u00e9 r\u00e9alis\u00e9s pour am\u00e9liorer le <strong>son<\/strong>, augmenter les <strong>performances<\/strong> et enrichir <strong>l\u2019allure<\/strong> des scooters. Un m\u00e9lange parfait pour avoir un scooter vraiment <strong>sp\u00e9cial<\/strong>.<\/p>\n<p>Le pot <strong>Mivv MOVER<\/strong> s\u2019installe <strong>facilement<\/strong> et garantit plus de <strong>puissance<\/strong>, plus de couple et moins de <strong>poids<\/strong>. De forme ovale et avec embout en mat\u00e9riel sp\u00e9cial Hpp le Mivv MOVER donne \u00e0 ton scooter <strong>une allure unique<\/strong> \u00e0 cot\u00e9 de <strong>l\u2019inimitable son Mivv<\/strong>.<\/p>\n<p>Disponible en acier inox avec finition <strong>noir<\/strong> obtenue gr\u00e2ce \u00e0 une sp\u00e9ciale peinture c\u00e9ramique lui donnant un effet <strong>\u2018black moon\u2019<\/strong>.<\/p>\n<p>Mivv MOVER est \u00e9quip\u00e9 de catalyseur homologu\u00e9 au normes CE\/CEE pour la circulation routi\u00e8re.<\/p>\n","protected":false},"excerpt":{"rendered":"<p>HOMOLOGU\u00c9 UNIQUEMENT AVEC CATALYSEUR ACC.044.A1 INSTALL\u00c9. NON COMPATIBLE AVEC LES V\u00c9HICULES EURO5+ \u00c9QUIP\u00c9S DE SONDE LAMBDA APRES-CATALYSEUR.<\/p>\n","protected":false},"featured_media":64593,"template":"","meta":{"_acf_changed":false},"product_brand":[21171,21133,21170],"product_cat":[704],"product_tag":[],"class_list":{"0":"post-82565","1":"product","2":"type-product","3":"status-publish","4":"has-post-thumbnail","6":"product_brand-2023-vespa-gtv-300","7":"product_brand-piaggio","8":"product_brand-vespa-gtv-300","9":"product_cat-slip-on","11":"first","12":"instock","13":"shipping-taxable","14":"product-type-simple"},"acf":[],"_links":{"self":[{"href":"https:\/\/dev.mivv.com\/fr\/wp-json\/wp\/v2\/product\/82565","targetHints":{"allow":["GET"]}}],"collection":[{"href":"https:\/\/dev.mivv.com\/fr\/wp-json\/wp\/v2\/product"}],"about":[{"href":"https:\/\/dev.mivv.com\/fr\/wp-json\/wp\/v2\/types\/product"}],"wp:featuredmedia":[{"embeddable":true,"href":"https:\/\/dev.mivv.com\/fr\/wp-json\/wp\/v2\/media\/64593"}],"wp:attachment":[{"href":"https:\/\/dev.mivv.com\/fr\/wp-json\/wp\/v2\/media?parent=82565"}],"wp:term":[{"taxonomy":"product_brand","embeddable":true,"href":"https:\/\/dev.mivv.com\/fr\/wp-json\/wp\/v2\/product_brand?post=82565"},{"taxonomy":"product_cat","embeddable":true,"href":"https:\/\/dev.mivv.com\/fr\/wp-json\/wp\/v2\/product_cat?post=82565"},{"taxonomy":"product_tag","embeddable":true,"href":"https:\/\/dev.mivv.com\/fr\/wp-json\/wp\/v2\/product_tag?post=82565"}],"curies":[{"name":"wp","href":"https:\/\/api.w.org\/{rel}","templated":true}]}}