{"id":82586,"date":"2026-04-15T19:34:27","date_gmt":"2026-04-15T17:34:27","guid":{"rendered":"https:\/\/dev.mivv.com\/scarico-moto\/acc-044-a1-piaggio-vespa-gtv-300-2023-2024\/"},"modified":"2026-04-15T19:34:27","modified_gmt":"2026-04-15T17:34:27","slug":"acc-044-a1-piaggio-vespa-gtv-300-2023-2024","status":"publish","type":"product","link":"https:\/\/dev.mivv.com\/fr\/product\/acc-044-a1-piaggio-vespa-gtv-300-2023-2024\/","title":{"rendered":"ACC.044.A1 &#8211; PIAGGIO VESPA GTV 300 2023 >2024"},"content":{"rendered":"<p>Mivv propose des catalyseurs m\u00e9talliques afin de garantir \u00e0 votre moto une am\u00e9lioration des performances et du son.<br \/>\nCes catalyseurs sont \u00e9tudi\u00e9s pour obtenir une r\u00e9duction ad\u00e9quate des \u00e9missions polluantes qui permet l\u2019homologation du syst\u00e8me d\u2019\u00e9chappement selon les normes en vigueur.<\/p>\n","protected":false},"excerpt":{"rendered":"<p>S&rsquo;ADAPTE UNIQUEMENT SUR L&rsquo;\u00c9CHAPPEMENT MOVER<\/p>\n","protected":false},"featured_media":63272,"template":"","meta":{"_acf_changed":false},"product_brand":[21171,21133,21170],"product_cat":[689],"product_tag":[],"class_list":{"0":"post-82586","1":"product","2":"type-product","3":"status-publish","4":"has-post-thumbnail","6":"product_brand-2023-vespa-gtv-300","7":"product_brand-piaggio","8":"product_brand-vespa-gtv-300","9":"product_cat-catalyseur","11":"first","12":"instock","13":"shipping-taxable","14":"product-type-simple"},"acf":[],"_links":{"self":[{"href":"https:\/\/dev.mivv.com\/fr\/wp-json\/wp\/v2\/product\/82586","targetHints":{"allow":["GET"]}}],"collection":[{"href":"https:\/\/dev.mivv.com\/fr\/wp-json\/wp\/v2\/product"}],"about":[{"href":"https:\/\/dev.mivv.com\/fr\/wp-json\/wp\/v2\/types\/product"}],"wp:featuredmedia":[{"embeddable":true,"href":"https:\/\/dev.mivv.com\/fr\/wp-json\/wp\/v2\/media\/63272"}],"wp:attachment":[{"href":"https:\/\/dev.mivv.com\/fr\/wp-json\/wp\/v2\/media?parent=82586"}],"wp:term":[{"taxonomy":"product_brand","embeddable":true,"href":"https:\/\/dev.mivv.com\/fr\/wp-json\/wp\/v2\/product_brand?post=82586"},{"taxonomy":"product_cat","embeddable":true,"href":"https:\/\/dev.mivv.com\/fr\/wp-json\/wp\/v2\/product_cat?post=82586"},{"taxonomy":"product_tag","embeddable":true,"href":"https:\/\/dev.mivv.com\/fr\/wp-json\/wp\/v2\/product_tag?post=82586"}],"curies":[{"name":"wp","href":"https:\/\/api.w.org\/{rel}","templated":true}]}}