{"id":82600,"date":"2026-04-15T19:34:31","date_gmt":"2026-04-15T17:34:31","guid":{"rendered":"https:\/\/dev.mivv.com\/scarico-moto\/re-004-c1-royal-enfield-meteor-350-2021-2024\/"},"modified":"2026-04-15T19:34:31","modified_gmt":"2026-04-15T17:34:31","slug":"re-004-c1-royal-enfield-meteor-350-2021-2024","status":"publish","type":"product","link":"https:\/\/dev.mivv.com\/fr\/product\/re-004-c1-royal-enfield-meteor-350-2021-2024\/","title":{"rendered":"RE.004.C1 &#8211; ROYAL ENFIELD METEOR 350 2021 > 2024"},"content":{"rendered":"<p>Les tubes d\u00e9catalyseur optionnelles, r\u00e9alis\u00e9s en acier inox, permettent d\u2019augmenter les performances du v\u00e9hicule surtout si associ\u00e9s au silencieux slip-on Mivv en garantissant un look plus \u00ab racing \u00bb et un son incomparable. Les tubes d\u00e9catalyseur ne sont pas homologu\u00e9s pour un usage routier.<\/p>\n","protected":false},"excerpt":{"rendered":"<p>No-kat pipe (convient aussi bien aux silencieux MIVV qu&rsquo;\u00e0 l&rsquo;original)<\/p>\n","protected":false},"featured_media":40230,"template":"","meta":{"_acf_changed":false},"product_brand":[21208,21207,21201],"product_cat":[794],"product_tag":[],"class_list":{"0":"post-82600","1":"product","2":"type-product","3":"status-publish","4":"has-post-thumbnail","6":"product_brand-2021-meteor-350","7":"product_brand-meteor-350","8":"product_brand-royal-enfield","9":"product_cat-tube-sans-kat","11":"first","12":"instock","13":"shipping-taxable","14":"product-type-simple"},"acf":[],"_links":{"self":[{"href":"https:\/\/dev.mivv.com\/fr\/wp-json\/wp\/v2\/product\/82600","targetHints":{"allow":["GET"]}}],"collection":[{"href":"https:\/\/dev.mivv.com\/fr\/wp-json\/wp\/v2\/product"}],"about":[{"href":"https:\/\/dev.mivv.com\/fr\/wp-json\/wp\/v2\/types\/product"}],"wp:featuredmedia":[{"embeddable":true,"href":"https:\/\/dev.mivv.com\/fr\/wp-json\/wp\/v2\/media\/40230"}],"wp:attachment":[{"href":"https:\/\/dev.mivv.com\/fr\/wp-json\/wp\/v2\/media?parent=82600"}],"wp:term":[{"taxonomy":"product_brand","embeddable":true,"href":"https:\/\/dev.mivv.com\/fr\/wp-json\/wp\/v2\/product_brand?post=82600"},{"taxonomy":"product_cat","embeddable":true,"href":"https:\/\/dev.mivv.com\/fr\/wp-json\/wp\/v2\/product_cat?post=82600"},{"taxonomy":"product_tag","embeddable":true,"href":"https:\/\/dev.mivv.com\/fr\/wp-json\/wp\/v2\/product_tag?post=82600"}],"curies":[{"name":"wp","href":"https:\/\/api.w.org\/{rel}","templated":true}]}}