{"id":82740,"date":"2026-04-15T19:35:18","date_gmt":"2026-04-15T17:35:18","guid":{"rendered":"https:\/\/dev.mivv.com\/scarico-moto\/kt-031-c1-ktm-390-duke-2024-2024\/"},"modified":"2026-04-15T19:35:18","modified_gmt":"2026-04-15T17:35:18","slug":"kt-031-c1-ktm-390-duke-2024-2024","status":"publish","type":"product","link":"https:\/\/dev.mivv.com\/fr\/product\/kt-031-c1-ktm-390-duke-2024-2024\/","title":{"rendered":"KT.031.C1 &#8211; KTM 390 DUKE 2024 > 2024"},"content":{"rendered":"<p>Les tubes d\u00e9catalyseur optionnelles, r\u00e9alis\u00e9s en acier inox, permettent d\u2019augmenter les performances du v\u00e9hicule surtout si associ\u00e9s au silencieux slip-on Mivv en garantissant un look plus \u00ab racing \u00bb et un son incomparable. Les tubes d\u00e9catalyseur ne sont pas homologu\u00e9s pour un usage routier.<\/p>\n","protected":false},"excerpt":{"rendered":"<p>No-kat pipe (convient aussi bien aux silencieux MIVV qu&rsquo;\u00e0 l&rsquo;original). L&rsquo;installation de ce syst\u00e8me d&rsquo;\u00e9chappement sans la switch-off key peut provoquer l&rsquo;allumage du voyant d&rsquo;avertissement du moteur.<\/p>\n","protected":false},"featured_media":34751,"template":"","meta":{"_acf_changed":false},"product_brand":[21002,20998,20972],"product_cat":[794],"product_tag":[],"class_list":{"0":"post-82740","1":"product","2":"type-product","3":"status-publish","4":"has-post-thumbnail","6":"product_brand-2024-2026-635","7":"product_brand-390-duke","8":"product_brand-ktm","9":"product_cat-tube-sans-kat","11":"first","12":"instock","13":"shipping-taxable","14":"product-type-simple"},"acf":[],"_links":{"self":[{"href":"https:\/\/dev.mivv.com\/fr\/wp-json\/wp\/v2\/product\/82740","targetHints":{"allow":["GET"]}}],"collection":[{"href":"https:\/\/dev.mivv.com\/fr\/wp-json\/wp\/v2\/product"}],"about":[{"href":"https:\/\/dev.mivv.com\/fr\/wp-json\/wp\/v2\/types\/product"}],"wp:featuredmedia":[{"embeddable":true,"href":"https:\/\/dev.mivv.com\/fr\/wp-json\/wp\/v2\/media\/34751"}],"wp:attachment":[{"href":"https:\/\/dev.mivv.com\/fr\/wp-json\/wp\/v2\/media?parent=82740"}],"wp:term":[{"taxonomy":"product_brand","embeddable":true,"href":"https:\/\/dev.mivv.com\/fr\/wp-json\/wp\/v2\/product_brand?post=82740"},{"taxonomy":"product_cat","embeddable":true,"href":"https:\/\/dev.mivv.com\/fr\/wp-json\/wp\/v2\/product_cat?post=82740"},{"taxonomy":"product_tag","embeddable":true,"href":"https:\/\/dev.mivv.com\/fr\/wp-json\/wp\/v2\/product_tag?post=82740"}],"curies":[{"name":"wp","href":"https:\/\/api.w.org\/{rel}","templated":true}]}}