{"id":83678,"date":"2026-04-15T19:43:11","date_gmt":"2026-04-15T17:43:11","guid":{"rendered":"https:\/\/dev.mivv.com\/scarico-moto\/50-dk-081-0-ktm-790-duke-2025-2026\/"},"modified":"2026-04-15T19:43:11","modified_gmt":"2026-04-15T17:43:11","slug":"50-dk-081-0-ktm-790-duke-2025-2026","status":"publish","type":"product","link":"https:\/\/dev.mivv.com\/fr\/product\/50-dk-081-0-ktm-790-duke-2025-2026\/","title":{"rendered":"50.DK.081.0 \u2013 KTM 790 DUKE 2025 > 2026"},"content":{"rendered":"<p>Le DB-Killer est un dispositif sp\u00e9cialement d\u00e9velopp\u00e9 pour <strong>r\u00e9duire davantage le bruit du syst\u00e8me d&rsquo;\u00e9chappement<\/strong>. Chaque <strong>mod\u00e8le<\/strong> DB-Killer est sp\u00e9cifiquement con\u00e7u pour chaque moto.<\/p>\n","protected":false},"excerpt":{"rendered":"<p>Le DB-Killer est un dispositif sp\u00e9cialement d\u00e9velopp\u00e9 pour r\u00e9duire davantage le bruit du syst\u00e8me d&rsquo;\u00e9chappement. Chaque mod\u00e8le DB-Killer est sp\u00e9cifiquement con\u00e7u pour chaque moto.<\/p>\n","protected":false},"featured_media":34389,"template":"","meta":{"_acf_changed":false},"product_brand":[21024,21021,20972],"product_cat":[4391],"product_tag":[],"class_list":{"0":"post-83678","1":"product","2":"type-product","3":"status-publish","4":"has-post-thumbnail","6":"product_brand-2025-2026-8548","7":"product_brand-790-duke","8":"product_brand-ktm","9":"product_cat-db-killer","11":"first","12":"instock","13":"shipping-taxable","14":"product-type-simple"},"acf":[],"_links":{"self":[{"href":"https:\/\/dev.mivv.com\/fr\/wp-json\/wp\/v2\/product\/83678","targetHints":{"allow":["GET"]}}],"collection":[{"href":"https:\/\/dev.mivv.com\/fr\/wp-json\/wp\/v2\/product"}],"about":[{"href":"https:\/\/dev.mivv.com\/fr\/wp-json\/wp\/v2\/types\/product"}],"wp:featuredmedia":[{"embeddable":true,"href":"https:\/\/dev.mivv.com\/fr\/wp-json\/wp\/v2\/media\/34389"}],"wp:attachment":[{"href":"https:\/\/dev.mivv.com\/fr\/wp-json\/wp\/v2\/media?parent=83678"}],"wp:term":[{"taxonomy":"product_brand","embeddable":true,"href":"https:\/\/dev.mivv.com\/fr\/wp-json\/wp\/v2\/product_brand?post=83678"},{"taxonomy":"product_cat","embeddable":true,"href":"https:\/\/dev.mivv.com\/fr\/wp-json\/wp\/v2\/product_cat?post=83678"},{"taxonomy":"product_tag","embeddable":true,"href":"https:\/\/dev.mivv.com\/fr\/wp-json\/wp\/v2\/product_tag?post=83678"}],"curies":[{"name":"wp","href":"https:\/\/api.w.org\/{rel}","templated":true}]}}