{"id":84217,"date":"2026-04-15T19:46:29","date_gmt":"2026-04-15T17:46:29","guid":{"rendered":"https:\/\/dev.mivv.com\/scarico-moto\/s-061-c1-suzuki-v-strom-800-se-2023-2024\/"},"modified":"2026-04-15T19:46:29","modified_gmt":"2026-04-15T17:46:29","slug":"s-061-c1-suzuki-v-strom-800-se-2023-2024","status":"publish","type":"product","link":"https:\/\/dev.mivv.com\/fr\/product\/s-061-c1-suzuki-v-strom-800-se-2023-2024\/","title":{"rendered":"S.061.C1 &#8211; SUZUKI V-STROM 800 SE 2023  > 2024"},"content":{"rendered":"<p>Les tubes d\u00e9catalyseur optionnelles, r\u00e9alis\u00e9s en acier inox, permettent d\u2019augmenter les performances du v\u00e9hicule surtout si associ\u00e9s au silencieux slip-on Mivv en garantissant un look plus \u00ab racing \u00bb et un son incomparable. Les tubes d\u00e9catalyseur ne sont pas homologu\u00e9s pour un usage routier.<\/p>\n","protected":false},"excerpt":{"rendered":"<p>No-kat pipe (convient aussi bien aux silencieux MIVV qu&rsquo;\u00e0 l&rsquo;original).<\/p>\n","protected":false},"featured_media":41166,"template":"","meta":{"_acf_changed":false},"product_brand":[21326,21211,21325],"product_cat":[794],"product_tag":[],"class_list":{"0":"post-84217","1":"product","2":"type-product","3":"status-publish","4":"has-post-thumbnail","6":"product_brand-2023-v-strom-800-se","7":"product_brand-suzuki","8":"product_brand-v-strom-800-se-2","9":"product_cat-tube-sans-kat","11":"first","12":"instock","13":"shipping-taxable","14":"product-type-simple"},"acf":[],"_links":{"self":[{"href":"https:\/\/dev.mivv.com\/fr\/wp-json\/wp\/v2\/product\/84217","targetHints":{"allow":["GET"]}}],"collection":[{"href":"https:\/\/dev.mivv.com\/fr\/wp-json\/wp\/v2\/product"}],"about":[{"href":"https:\/\/dev.mivv.com\/fr\/wp-json\/wp\/v2\/types\/product"}],"wp:featuredmedia":[{"embeddable":true,"href":"https:\/\/dev.mivv.com\/fr\/wp-json\/wp\/v2\/media\/41166"}],"wp:attachment":[{"href":"https:\/\/dev.mivv.com\/fr\/wp-json\/wp\/v2\/media?parent=84217"}],"wp:term":[{"taxonomy":"product_brand","embeddable":true,"href":"https:\/\/dev.mivv.com\/fr\/wp-json\/wp\/v2\/product_brand?post=84217"},{"taxonomy":"product_cat","embeddable":true,"href":"https:\/\/dev.mivv.com\/fr\/wp-json\/wp\/v2\/product_cat?post=84217"},{"taxonomy":"product_tag","embeddable":true,"href":"https:\/\/dev.mivv.com\/fr\/wp-json\/wp\/v2\/product_tag?post=84217"}],"curies":[{"name":"wp","href":"https:\/\/api.w.org\/{rel}","templated":true}]}}