{"id":84414,"date":"2026-04-15T19:47:37","date_gmt":"2026-04-15T17:47:37","guid":{"rendered":"https:\/\/dev.mivv.com\/scarico-moto\/y-080-lvc-yamaha-t-max-560-2025-2026\/"},"modified":"2026-04-15T19:47:37","modified_gmt":"2026-04-15T17:47:37","slug":"y-080-lvc-yamaha-t-max-560-2025-2026","status":"publish","type":"product","link":"https:\/\/dev.mivv.com\/fr\/product\/y-080-lvc-yamaha-t-max-560-2025-2026\/","title":{"rendered":"Y.080.LVC &#8211; YAMAHA T-MAX 560 2025 > 2026"},"content":{"rendered":"<p>R\u00e9alis\u00e9 pour am\u00e9liorer <strong>l\u2019aspect, le son et les prestations<\/strong> de la moto, le pot slip-on Mivv est issu de l\u2019attention maximale vers le design, en vue de satisfaire ceux qui souhaitent se <strong>d\u00e9marquer<\/strong> aussi par l\u2019allure de leur moto.<\/p>\n<p>L\u2019\u00e9chappement OVAL s\u2019adapte parfaitement \u00e0 n\u2019importe quel type de moto. Peaufin\u00e9 dans les moindres d\u00e9tails, c\u2019est une ligne qui repr\u00e9sente le meilleur compromis entre <strong>design<\/strong> et <strong>performances.<\/strong><\/p>\n<p>This exhaust features a central body made of black stainless steel with a brushed <strong>\u201cBlack Satin\u201d<\/strong> effect, obtained with a special colouring process that provides a more <strong>aggressive<\/strong> look to the silencer.<\/p>\n","protected":false},"excerpt":{"rendered":"<p>HOMOLOGU\u00c9 UNIQUEMENT AVEC LE CATALYSEUR ACC.099.A1 INSTALL\u00c9. L&rsquo;installation de ce syst\u00e8me d&rsquo;\u00e9chappement sans catalyseur et la switch-off key peut provoquer l&rsquo;allumage du voyant d&rsquo;avertissement du moteur. Catalyseur amovible ACC.099.A1 disponible en option<\/p>\n","protected":false},"featured_media":62926,"template":"","meta":{"_acf_changed":false},"product_brand":[21430,21427,21384],"product_cat":[679],"product_tag":[],"class_list":{"0":"post-84414","1":"product","2":"type-product","3":"status-publish","4":"has-post-thumbnail","6":"product_brand-2025-2026-9402","7":"product_brand-t-max-560","8":"product_brand-yamaha","9":"product_cat-ligne-complete","11":"first","12":"instock","13":"shipping-taxable","14":"product-type-simple"},"acf":[],"_links":{"self":[{"href":"https:\/\/dev.mivv.com\/fr\/wp-json\/wp\/v2\/product\/84414","targetHints":{"allow":["GET"]}}],"collection":[{"href":"https:\/\/dev.mivv.com\/fr\/wp-json\/wp\/v2\/product"}],"about":[{"href":"https:\/\/dev.mivv.com\/fr\/wp-json\/wp\/v2\/types\/product"}],"wp:featuredmedia":[{"embeddable":true,"href":"https:\/\/dev.mivv.com\/fr\/wp-json\/wp\/v2\/media\/62926"}],"wp:attachment":[{"href":"https:\/\/dev.mivv.com\/fr\/wp-json\/wp\/v2\/media?parent=84414"}],"wp:term":[{"taxonomy":"product_brand","embeddable":true,"href":"https:\/\/dev.mivv.com\/fr\/wp-json\/wp\/v2\/product_brand?post=84414"},{"taxonomy":"product_cat","embeddable":true,"href":"https:\/\/dev.mivv.com\/fr\/wp-json\/wp\/v2\/product_cat?post=84414"},{"taxonomy":"product_tag","embeddable":true,"href":"https:\/\/dev.mivv.com\/fr\/wp-json\/wp\/v2\/product_tag?post=84414"}],"curies":[{"name":"wp","href":"https:\/\/api.w.org\/{rel}","templated":true}]}}