{"id":84546,"date":"2026-04-15T19:48:39","date_gmt":"2026-04-15T17:48:39","guid":{"rendered":"https:\/\/dev.mivv.com\/scarico-moto\/y-078-l3k-yamaha-r9-2025-2026\/"},"modified":"2026-04-15T19:48:39","modified_gmt":"2026-04-15T17:48:39","slug":"y-078-l3k-yamaha-r9-2025-2026","status":"publish","type":"product","link":"https:\/\/dev.mivv.com\/fr\/product\/y-078-l3k-yamaha-r9-2025-2026\/","title":{"rendered":"Y.078.L3K &#8211; YAMAHA R9 2025 > 2026"},"content":{"rendered":"","protected":false},"excerpt":{"rendered":"<p>PARE-CHALEUR CARBONE INCLUS. HOMOLOGU\u00c9 UNIQUEMENT AVEC CATALYSEUR ACC.099.A1 INSTALL\u00c9. L&rsquo;installation de ce syst\u00e8me d&rsquo;\u00e9chappement sans catalyseur et la switch-off key peut provoquer l&rsquo;allumage du voyant d&rsquo;avertissement du moteur. Catalyseur amovible ACC.099.A1 disponible en option<\/p>\n","protected":false},"featured_media":66051,"template":"","meta":{"_acf_changed":false},"product_brand":[21420,21419,21384],"product_cat":[679],"product_tag":[],"class_list":{"0":"post-84546","1":"product","2":"type-product","3":"status-publish","4":"has-post-thumbnail","6":"product_brand-2025-2026-11517","7":"product_brand-r9","8":"product_brand-yamaha","9":"product_cat-ligne-complete","11":"first","12":"instock","13":"shipping-taxable","14":"product-type-simple"},"acf":[],"_links":{"self":[{"href":"https:\/\/dev.mivv.com\/fr\/wp-json\/wp\/v2\/product\/84546","targetHints":{"allow":["GET"]}}],"collection":[{"href":"https:\/\/dev.mivv.com\/fr\/wp-json\/wp\/v2\/product"}],"about":[{"href":"https:\/\/dev.mivv.com\/fr\/wp-json\/wp\/v2\/types\/product"}],"wp:featuredmedia":[{"embeddable":true,"href":"https:\/\/dev.mivv.com\/fr\/wp-json\/wp\/v2\/media\/66051"}],"wp:attachment":[{"href":"https:\/\/dev.mivv.com\/fr\/wp-json\/wp\/v2\/media?parent=84546"}],"wp:term":[{"taxonomy":"product_brand","embeddable":true,"href":"https:\/\/dev.mivv.com\/fr\/wp-json\/wp\/v2\/product_brand?post=84546"},{"taxonomy":"product_cat","embeddable":true,"href":"https:\/\/dev.mivv.com\/fr\/wp-json\/wp\/v2\/product_cat?post=84546"},{"taxonomy":"product_tag","embeddable":true,"href":"https:\/\/dev.mivv.com\/fr\/wp-json\/wp\/v2\/product_tag?post=84546"}],"curies":[{"name":"wp","href":"https:\/\/api.w.org\/{rel}","templated":true}]}}