{"id":84588,"date":"2026-04-15T19:48:52","date_gmt":"2026-04-15T17:48:52","guid":{"rendered":"https:\/\/dev.mivv.com\/scarico-moto\/y-081-ldrb-yamaha-tracer-9-gt-gt-2025-2026\/"},"modified":"2026-04-15T19:48:52","modified_gmt":"2026-04-15T17:48:52","slug":"y-081-ldrb-yamaha-tracer-9-gt-gt-2025-2026","status":"publish","type":"product","link":"https:\/\/dev.mivv.com\/fr\/product\/y-081-ldrb-yamaha-tracer-9-gt-gt-2025-2026\/","title":{"rendered":"Y.081.LDRB- YAMAHA TRACER 9 \/ GT \/ GT+ 2025 > 2026"},"content":{"rendered":"<p>R\u00e9alis\u00e9 pour am\u00e9liorer <strong>l\u2019aspect, le son et les prestations<\/strong> de la moto, le pot slip-on Mivv est issu de l\u2019attention maximale vers le design, en vue de satisfaire ceux qui souhaitent se <strong>d\u00e9marquer<\/strong> aussi par l\u2019allure de leur moto.<\/p>\n<p>Le pot DELTA RACE a une <strong>forme incomparable<\/strong>, m\u00e9tamorphose graduelle de conique \u00e0 <strong>hexagonale<\/strong>. Plusieurs d\u00e9tailles rendent son style unique, comme l\u2019embout en carbone twill 3K\u00a0; le collier \u00e0 <strong>double file de rivets<\/strong>; l\u2019entr\u00e9e usin\u00e9e qui garantit un couplage de haute pr\u00e9cision. Le logo Mivv sur son corps est enfin marqu\u00e9 par laser.<\/p>\n<p>Il a le corps en acier noir \u00e0 l\u2019aspect <strong>\u2018Black Moon\u2019<\/strong>, obtenu par une peinture particuli\u00e8re \u00e0 base c\u00e9ramique lui donnant un <strong>look agressif.<\/strong><\/p>\n","protected":false},"excerpt":{"rendered":"<p>HOMOLOGU\u00c9 EURO 5+ UNIQUEMENT AVEC CATALYSEUR ACC.099.A1 INSTALL\u00c9. L&rsquo;installation de ce syst\u00e8me d&rsquo;\u00e9chappement sans catalyseur et la switch-off key peut provoquer l&rsquo;allumage du voyant d&rsquo;avertissement du moteur. Catalyseur amovible ACC.099.A1 disponible en option<\/p>\n","protected":false},"featured_media":19196,"template":"","meta":{"_acf_changed":false},"product_brand":[21442,21440,21384],"product_cat":[679],"product_tag":[],"class_list":{"0":"post-84588","1":"product","2":"type-product","3":"status-publish","4":"has-post-thumbnail","6":"product_brand-2025-2026-10014","7":"product_brand-tracer-9-gt-gt","8":"product_brand-yamaha","9":"product_cat-ligne-complete","11":"first","12":"instock","13":"shipping-taxable","14":"product-type-simple"},"acf":[],"_links":{"self":[{"href":"https:\/\/dev.mivv.com\/fr\/wp-json\/wp\/v2\/product\/84588","targetHints":{"allow":["GET"]}}],"collection":[{"href":"https:\/\/dev.mivv.com\/fr\/wp-json\/wp\/v2\/product"}],"about":[{"href":"https:\/\/dev.mivv.com\/fr\/wp-json\/wp\/v2\/types\/product"}],"wp:featuredmedia":[{"embeddable":true,"href":"https:\/\/dev.mivv.com\/fr\/wp-json\/wp\/v2\/media\/19196"}],"wp:attachment":[{"href":"https:\/\/dev.mivv.com\/fr\/wp-json\/wp\/v2\/media?parent=84588"}],"wp:term":[{"taxonomy":"product_brand","embeddable":true,"href":"https:\/\/dev.mivv.com\/fr\/wp-json\/wp\/v2\/product_brand?post=84588"},{"taxonomy":"product_cat","embeddable":true,"href":"https:\/\/dev.mivv.com\/fr\/wp-json\/wp\/v2\/product_cat?post=84588"},{"taxonomy":"product_tag","embeddable":true,"href":"https:\/\/dev.mivv.com\/fr\/wp-json\/wp\/v2\/product_tag?post=84588"}],"curies":[{"name":"wp","href":"https:\/\/api.w.org\/{rel}","templated":true}]}}