{"id":84931,"date":"2026-04-15T19:51:07","date_gmt":"2026-04-15T17:51:07","guid":{"rendered":"https:\/\/dev.mivv.com\/scarico-moto\/y-081-k4k-yamaha-tracer-9-gt-gt-2025-2026\/"},"modified":"2026-04-15T19:51:07","modified_gmt":"2026-04-15T17:51:07","slug":"y-081-k4k-yamaha-tracer-9-gt-gt-2025-2026","status":"publish","type":"product","link":"https:\/\/dev.mivv.com\/fr\/product\/y-081-k4k-yamaha-tracer-9-gt-gt-2025-2026\/","title":{"rendered":"Y.081.K4K &#8211; YAMAHA TRACER 9 \/ GT \/ GT+ 2025 > 2026"},"content":{"rendered":"","protected":false},"excerpt":{"rendered":"<p>Catalyseur ACC.099.A1 inclus. Homologu\u00e9 E5+ (Reg.EC-UE 134\/2014). Suite \u00e0 l&rsquo;installation de ce syst\u00e8me d&rsquo;\u00e9chappement, le voyant moteur (MIL) pourrait s&rsquo;allumer. Si cela se produit, l&rsquo;installation optionnelle de la Switch-Off Key permettrait de r\u00e9soudre le probl\u00e8me. Pour plus d&rsquo;informations, consultez la section \u201cPi\u00e8ces En Option\u201d.<\/p>\n","protected":false},"featured_media":30628,"template":"","meta":{"_acf_changed":false},"product_brand":[21442,21440,21384],"product_cat":[679],"product_tag":[],"class_list":{"0":"post-84931","1":"product","2":"type-product","3":"status-publish","4":"has-post-thumbnail","6":"product_brand-2025-2026-10014","7":"product_brand-tracer-9-gt-gt","8":"product_brand-yamaha","9":"product_cat-ligne-complete","11":"first","12":"instock","13":"shipping-taxable","14":"product-type-simple"},"acf":[],"_links":{"self":[{"href":"https:\/\/dev.mivv.com\/fr\/wp-json\/wp\/v2\/product\/84931","targetHints":{"allow":["GET"]}}],"collection":[{"href":"https:\/\/dev.mivv.com\/fr\/wp-json\/wp\/v2\/product"}],"about":[{"href":"https:\/\/dev.mivv.com\/fr\/wp-json\/wp\/v2\/types\/product"}],"wp:featuredmedia":[{"embeddable":true,"href":"https:\/\/dev.mivv.com\/fr\/wp-json\/wp\/v2\/media\/30628"}],"wp:attachment":[{"href":"https:\/\/dev.mivv.com\/fr\/wp-json\/wp\/v2\/media?parent=84931"}],"wp:term":[{"taxonomy":"product_brand","embeddable":true,"href":"https:\/\/dev.mivv.com\/fr\/wp-json\/wp\/v2\/product_brand?post=84931"},{"taxonomy":"product_cat","embeddable":true,"href":"https:\/\/dev.mivv.com\/fr\/wp-json\/wp\/v2\/product_cat?post=84931"},{"taxonomy":"product_tag","embeddable":true,"href":"https:\/\/dev.mivv.com\/fr\/wp-json\/wp\/v2\/product_tag?post=84931"}],"curies":[{"name":"wp","href":"https:\/\/api.w.org\/{rel}","templated":true}]}}