{"id":86023,"date":"2026-04-15T19:57:53","date_gmt":"2026-04-15T17:57:53","guid":{"rendered":"https:\/\/dev.mivv.com\/scarico-moto\/cf-010-kzk-cf-moto-675sr-r-2025-2026\/"},"modified":"2026-04-15T19:57:53","modified_gmt":"2026-04-15T17:57:53","slug":"cf-010-kzk-cf-moto-675sr-r-2025-2026","status":"publish","type":"product","link":"https:\/\/dev.mivv.com\/fr\/product\/cf-010-kzk-cf-moto-675sr-r-2025-2026\/","title":{"rendered":"CF.010.KZK &#8211; CF MOTO 675SR-R  2025 > 2026"},"content":{"rendered":"","protected":false},"excerpt":{"rendered":"<p>Catalyseur ACC.099.A1 inclus. Homologu\u00e9 E5+ (Reg.EC-UE 134\/2014). Suite \u00e0 l&rsquo;installation de ce syst\u00e8me d&rsquo;\u00e9chappement, le voyant moteur (MIL) pourrait s&rsquo;allumer. Si cela se produit, l&rsquo;installation optionnelle de la Switch-Off Key permettrait de r\u00e9soudre le probl\u00e8me. Pour plus d&rsquo;informations, consultez la section \u201cPi\u00e8ces En Option\u201d.<\/p>\n","protected":false},"featured_media":66113,"template":"","meta":{"_acf_changed":false},"product_brand":[20528,20527,20510],"product_cat":[679],"product_tag":[],"class_list":{"0":"post-86023","1":"product","2":"type-product","3":"status-publish","4":"has-post-thumbnail","6":"product_brand-2025-675sr-r","7":"product_brand-675sr-r","8":"product_brand-cf-moto","9":"product_cat-ligne-complete","11":"first","12":"instock","13":"shipping-taxable","14":"product-type-simple"},"acf":[],"_links":{"self":[{"href":"https:\/\/dev.mivv.com\/fr\/wp-json\/wp\/v2\/product\/86023","targetHints":{"allow":["GET"]}}],"collection":[{"href":"https:\/\/dev.mivv.com\/fr\/wp-json\/wp\/v2\/product"}],"about":[{"href":"https:\/\/dev.mivv.com\/fr\/wp-json\/wp\/v2\/types\/product"}],"wp:featuredmedia":[{"embeddable":true,"href":"https:\/\/dev.mivv.com\/fr\/wp-json\/wp\/v2\/media\/66113"}],"wp:attachment":[{"href":"https:\/\/dev.mivv.com\/fr\/wp-json\/wp\/v2\/media?parent=86023"}],"wp:term":[{"taxonomy":"product_brand","embeddable":true,"href":"https:\/\/dev.mivv.com\/fr\/wp-json\/wp\/v2\/product_brand?post=86023"},{"taxonomy":"product_cat","embeddable":true,"href":"https:\/\/dev.mivv.com\/fr\/wp-json\/wp\/v2\/product_cat?post=86023"},{"taxonomy":"product_tag","embeddable":true,"href":"https:\/\/dev.mivv.com\/fr\/wp-json\/wp\/v2\/product_tag?post=86023"}],"curies":[{"name":"wp","href":"https:\/\/api.w.org\/{rel}","templated":true}]}}