{"id":86072,"date":"2026-04-15T19:58:06","date_gmt":"2026-04-15T17:58:06","guid":{"rendered":"https:\/\/dev.mivv.com\/scarico-moto\/s-067-kr1xb-suzuki-gsx-8t-gsx-8tt-2025-2026\/"},"modified":"2026-04-15T19:58:06","modified_gmt":"2026-04-15T17:58:06","slug":"s-067-kr1xb-suzuki-gsx-8t-gsx-8tt-2025-2026","status":"publish","type":"product","link":"https:\/\/dev.mivv.com\/fr\/product\/s-067-kr1xb-suzuki-gsx-8t-gsx-8tt-2025-2026\/","title":{"rendered":"S.067.KR1XB \u2013 SUZUKI GSX-8T \/ GSX-8TT 2025 > 2026"},"content":{"rendered":"<p>R\u00e9alis\u00e9 pour am\u00e9liorer <strong>l\u2019aspect, le son et les prestations<\/strong> de la moto, le pot slip-on Mivv est issu de l\u2019attention maximale vers le design, en vue de satisfaire ceux qui souhaitent se <strong>d\u00e9marquer<\/strong> aussi par l\u2019allure de leur moto.<\/p>\n<p>Les \u00e9chappements de la gamme <strong>SR-1<\/strong> sont principalement d\u00e9di\u00e9s aux superbikes et hypernaked. <strong>SR-1<\/strong> h\u00e9rite de toute l&rsquo;exp\u00e9rience acquise dans les diff\u00e9rents championnats du monde <strong>MotoGp &#8211; Moto2 &#8211; Moto3<\/strong>. Fini avec une grande attention aux d\u00e9tails, il garantit une am\u00e9lioration du <strong>look<\/strong> et des <strong>performances<\/strong> de la moto.<\/p>\n<p>Il a le corps en <strong>acier inox noir<\/strong> \u00e0 l\u2019aspect <strong>\u2018Black Moon\u2019<\/strong>, obtenu par une peinture particuli\u00e8re \u00e0 base c\u00e9ramique lui donnant un <strong>look agressif<\/strong>.<\/p>\n","protected":false},"excerpt":{"rendered":"<p>Catalyseur ACC.099.A1 inclus. Homologu\u00e9 E5+ (Reg.EC-UE 134\/2014). Suite \u00e0 l&rsquo;installation de ce syst\u00e8me d&rsquo;\u00e9chappement, le voyant moteur (MIL) pourrait s&rsquo;allumer. Si cela se produit, l&rsquo;installation optionnelle de la Switch-Off Key permettrait de r\u00e9soudre le probl\u00e8me. Pour plus d&rsquo;informations, consultez la section \u201cPi\u00e8ces En Option\u201d.<\/p>\n","protected":false},"featured_media":65680,"template":"","meta":{"_acf_changed":false},"product_brand":[21256,21255,21211],"product_cat":[679],"product_tag":[],"class_list":{"0":"post-86072","1":"product","2":"type-product","3":"status-publish","4":"has-post-thumbnail","6":"product_brand-2025-gsx8t-gsx8tt","7":"product_brand-gsx8t-gsx8tt","8":"product_brand-suzuki","9":"product_cat-ligne-complete","11":"first","12":"instock","13":"shipping-taxable","14":"product-type-simple"},"acf":[],"_links":{"self":[{"href":"https:\/\/dev.mivv.com\/fr\/wp-json\/wp\/v2\/product\/86072","targetHints":{"allow":["GET"]}}],"collection":[{"href":"https:\/\/dev.mivv.com\/fr\/wp-json\/wp\/v2\/product"}],"about":[{"href":"https:\/\/dev.mivv.com\/fr\/wp-json\/wp\/v2\/types\/product"}],"wp:featuredmedia":[{"embeddable":true,"href":"https:\/\/dev.mivv.com\/fr\/wp-json\/wp\/v2\/media\/65680"}],"wp:attachment":[{"href":"https:\/\/dev.mivv.com\/fr\/wp-json\/wp\/v2\/media?parent=86072"}],"wp:term":[{"taxonomy":"product_brand","embeddable":true,"href":"https:\/\/dev.mivv.com\/fr\/wp-json\/wp\/v2\/product_brand?post=86072"},{"taxonomy":"product_cat","embeddable":true,"href":"https:\/\/dev.mivv.com\/fr\/wp-json\/wp\/v2\/product_cat?post=86072"},{"taxonomy":"product_tag","embeddable":true,"href":"https:\/\/dev.mivv.com\/fr\/wp-json\/wp\/v2\/product_tag?post=86072"}],"curies":[{"name":"wp","href":"https:\/\/api.w.org\/{rel}","templated":true}]}}