{"id":89808,"date":"2026-04-21T13:21:29","date_gmt":"2026-04-21T11:21:29","guid":{"rendered":"https:\/\/dev.mivv.com\/scarico-moto\/d-022-c1-ducati-hypermotard-1100-2007-2020\/"},"modified":"2026-04-21T13:21:29","modified_gmt":"2026-04-21T11:21:29","slug":"d-022-c1-ducati-hypermotard-1100-2007-2020","status":"publish","type":"product","link":"https:\/\/dev.mivv.com\/fr\/product\/d-022-c1-ducati-hypermotard-1100-2007-2020\/","title":{"rendered":"D.022.C1 \u2013 DUCATI HYPERMOTARD 1100 2007 > 2020"},"content":{"rendered":"<p>Les tubes d\u00e9catalyseur optionnelles, r\u00e9alis\u00e9s en acier inox, permettent d\u2019augmenter les performances du v\u00e9hicule surtout si associ\u00e9s au silencieux slip-on Mivv en garantissant un look plus \u00ab racing \u00bb et un son incomparable. Les tubes d\u00e9catalyseur ne sont pas homologu\u00e9s pour un usage routier.<\/p>\n","protected":false},"excerpt":{"rendered":"<p>No-kat pipe (convient aussi bien aux silencieux MIVV qu&rsquo;\u00e0 l&rsquo;original).<\/p>\n","protected":false},"featured_media":9488,"template":"","meta":{"_acf_changed":false},"product_brand":[22894,22768,22887],"product_cat":[794],"product_tag":[],"class_list":{"0":"post-89808","1":"product","2":"type-product","3":"status-publish","4":"has-post-thumbnail","6":"product_brand-2007-2009-hypermotard-1100","7":"product_brand-ducati","8":"product_brand-hypermotard-1100","9":"product_cat-tube-sans-kat","11":"first","12":"instock","13":"shipping-taxable","14":"product-type-simple"},"acf":[],"_links":{"self":[{"href":"https:\/\/dev.mivv.com\/fr\/wp-json\/wp\/v2\/product\/89808","targetHints":{"allow":["GET"]}}],"collection":[{"href":"https:\/\/dev.mivv.com\/fr\/wp-json\/wp\/v2\/product"}],"about":[{"href":"https:\/\/dev.mivv.com\/fr\/wp-json\/wp\/v2\/types\/product"}],"wp:featuredmedia":[{"embeddable":true,"href":"https:\/\/dev.mivv.com\/fr\/wp-json\/wp\/v2\/media\/9488"}],"wp:attachment":[{"href":"https:\/\/dev.mivv.com\/fr\/wp-json\/wp\/v2\/media?parent=89808"}],"wp:term":[{"taxonomy":"product_brand","embeddable":true,"href":"https:\/\/dev.mivv.com\/fr\/wp-json\/wp\/v2\/product_brand?post=89808"},{"taxonomy":"product_cat","embeddable":true,"href":"https:\/\/dev.mivv.com\/fr\/wp-json\/wp\/v2\/product_cat?post=89808"},{"taxonomy":"product_tag","embeddable":true,"href":"https:\/\/dev.mivv.com\/fr\/wp-json\/wp\/v2\/product_tag?post=89808"}],"curies":[{"name":"wp","href":"https:\/\/api.w.org\/{rel}","templated":true}]}}