{"id":93378,"date":"2026-04-21T13:45:06","date_gmt":"2026-04-21T11:45:06","guid":{"rendered":"https:\/\/dev.mivv.com\/scarico-moto\/d-022-c2-ducati-hypermotard-1100-evo-2010-2020\/"},"modified":"2026-04-21T13:45:06","modified_gmt":"2026-04-21T11:45:06","slug":"d-022-c2-ducati-hypermotard-1100-evo-2010-2020","status":"publish","type":"product","link":"https:\/\/dev.mivv.com\/fr\/product\/d-022-c2-ducati-hypermotard-1100-evo-2010-2020\/","title":{"rendered":"D.022.C2 \u2013 DUCATI HYPERMOTARD 1100 EVO 2010 > 2020"},"content":{"rendered":"<p>Les tubes d\u00e9catalyseur optionnelles, r\u00e9alis\u00e9s en acier inox, permettent d\u2019augmenter les performances du v\u00e9hicule surtout si associ\u00e9s au silencieux slip-on Mivv en garantissant un look plus \u00ab racing \u00bb et un son incomparable. Les tubes d\u00e9catalyseur ne sont pas homologu\u00e9s pour un usage routier.<\/p>\n","protected":false},"excerpt":{"rendered":"<p>Les tubes d\u00e9catalyseur optionnelles, r\u00e9alis\u00e9s en acier inox, permettent d\u2019augmenter les performances du v\u00e9hicule surtout si associ\u00e9s au silencieux slip-on Mivv en garantissant un look plus \u00ab racing \u00bb et un son incomparable. Les tubes d\u00e9catalyseur ne sont pas homologu\u00e9s pour un usage routier.<\/p>\n","protected":false},"featured_media":9508,"template":"","meta":{"_acf_changed":false},"product_brand":[22768],"product_cat":[794],"product_tag":[],"class_list":{"0":"post-93378","1":"product","2":"type-product","3":"status-publish","4":"has-post-thumbnail","6":"product_brand-ducati","7":"product_cat-tube-sans-kat","9":"first","10":"instock","11":"shipping-taxable","12":"product-type-simple"},"acf":[],"_links":{"self":[{"href":"https:\/\/dev.mivv.com\/fr\/wp-json\/wp\/v2\/product\/93378","targetHints":{"allow":["GET"]}}],"collection":[{"href":"https:\/\/dev.mivv.com\/fr\/wp-json\/wp\/v2\/product"}],"about":[{"href":"https:\/\/dev.mivv.com\/fr\/wp-json\/wp\/v2\/types\/product"}],"wp:featuredmedia":[{"embeddable":true,"href":"https:\/\/dev.mivv.com\/fr\/wp-json\/wp\/v2\/media\/9508"}],"wp:attachment":[{"href":"https:\/\/dev.mivv.com\/fr\/wp-json\/wp\/v2\/media?parent=93378"}],"wp:term":[{"taxonomy":"product_brand","embeddable":true,"href":"https:\/\/dev.mivv.com\/fr\/wp-json\/wp\/v2\/product_brand?post=93378"},{"taxonomy":"product_cat","embeddable":true,"href":"https:\/\/dev.mivv.com\/fr\/wp-json\/wp\/v2\/product_cat?post=93378"},{"taxonomy":"product_tag","embeddable":true,"href":"https:\/\/dev.mivv.com\/fr\/wp-json\/wp\/v2\/product_tag?post=93378"}],"curies":[{"name":"wp","href":"https:\/\/api.w.org\/{rel}","templated":true}]}}