{"id":93491,"date":"2026-04-21T13:45:50","date_gmt":"2026-04-21T11:45:50","guid":{"rendered":"https:\/\/dev.mivv.com\/scarico-moto\/b-027-l7-bmw-s-1000-xr-2015-2019\/"},"modified":"2026-04-21T13:45:50","modified_gmt":"2026-04-21T11:45:50","slug":"b-027-l7-bmw-s-1000-xr-2015-2019","status":"publish","type":"product","link":"https:\/\/dev.mivv.com\/fr\/product\/b-027-l7-bmw-s-1000-xr-2015-2019\/","title":{"rendered":"B.027.L7 &#8211; BMW S 1000 XR 2015 > 2019"},"content":{"rendered":"<p>R\u00e9alis\u00e9 pour am\u00e9liorer <strong>l\u2019aspect, le son et les prestations<\/strong> de la moto, le pot slip-on Mivv est issu de l\u2019attention maximale vers le design, en vue de satisfaire ceux qui souhaitent se <strong>d\u00e9marquer<\/strong> aussi par l\u2019allure de leur moto.<\/p>\n<p>La ligne SUONO est la synth\u00e8se parfaite entre <strong>esth\u00e9tique, innovation et technologie<\/strong> appliqu\u00e9e. Lorsque nous l\u2019avons con\u00e7ue, nous avons choisi les <strong>meilleurs mat\u00e9riaux<\/strong> pour garantir au produit la <strong>l\u00e9g\u00e8ret\u00e9 maximale.<\/strong><\/p>\n<p>Compl\u00e8tement r\u00e9alis\u00e9 en acier inox bross\u00e9 r\u00e9sistant aux hautes temp\u00e9ratures, ce silencieux est l\u2019id\u00e9al pour les motards qui ne veulent pas renoncer au <strong>design.<\/strong><\/p>\n","protected":false},"excerpt":{"rendered":"<p>Le repose-pied du passager doit \u00eatre retir\u00e9. Non compatible avec les valises lat\u00e9rales droites.<\/p>\n","protected":false},"featured_media":62590,"template":"","meta":{"_acf_changed":false},"product_brand":[22103,22551],"product_cat":[704],"product_tag":[],"class_list":{"0":"post-93491","1":"product","2":"type-product","3":"status-publish","4":"has-post-thumbnail","6":"product_brand-bmw","7":"product_brand-s-1000-xr","8":"product_cat-slip-on","10":"first","11":"instock","12":"shipping-taxable","13":"product-type-simple"},"acf":[],"_links":{"self":[{"href":"https:\/\/dev.mivv.com\/fr\/wp-json\/wp\/v2\/product\/93491","targetHints":{"allow":["GET"]}}],"collection":[{"href":"https:\/\/dev.mivv.com\/fr\/wp-json\/wp\/v2\/product"}],"about":[{"href":"https:\/\/dev.mivv.com\/fr\/wp-json\/wp\/v2\/types\/product"}],"wp:featuredmedia":[{"embeddable":true,"href":"https:\/\/dev.mivv.com\/fr\/wp-json\/wp\/v2\/media\/62590"}],"wp:attachment":[{"href":"https:\/\/dev.mivv.com\/fr\/wp-json\/wp\/v2\/media?parent=93491"}],"wp:term":[{"taxonomy":"product_brand","embeddable":true,"href":"https:\/\/dev.mivv.com\/fr\/wp-json\/wp\/v2\/product_brand?post=93491"},{"taxonomy":"product_cat","embeddable":true,"href":"https:\/\/dev.mivv.com\/fr\/wp-json\/wp\/v2\/product_cat?post=93491"},{"taxonomy":"product_tag","embeddable":true,"href":"https:\/\/dev.mivv.com\/fr\/wp-json\/wp\/v2\/product_tag?post=93491"}],"curies":[{"name":"wp","href":"https:\/\/api.w.org\/{rel}","templated":true}]}}