{"id":94736,"date":"2026-04-21T13:54:34","date_gmt":"2026-04-21T11:54:34","guid":{"rendered":"https:\/\/dev.mivv.com\/scarico-moto\/c-ho-0007-b-honda-sh-300-2015-2016\/"},"modified":"2026-04-21T13:54:34","modified_gmt":"2026-04-21T11:54:34","slug":"c-ho-0007-b-honda-sh-300-2015-2016","status":"publish","type":"product","link":"https:\/\/dev.mivv.com\/fr\/product\/c-ho-0007-b-honda-sh-300-2015-2016\/","title":{"rendered":"C.HO.0007.B &#8211; HONDA SH 300 2015 > 2016"},"content":{"rendered":"<p>Les \u00e9chappements Mivv pour scooter ont \u00e9t\u00e9 r\u00e9alis\u00e9s pour am\u00e9liorer le <strong>son<\/strong>, augmenter les <strong>performances<\/strong> et enrichir <strong>l\u2019allure<\/strong> des scooters. Un m\u00e9lange parfait pour avoir un scooter vraiment <strong>sp\u00e9cial<\/strong>.<\/p>\n","protected":false},"excerpt":{"rendered":"<p>Les \u00e9chappements Mivv pour scooter ont \u00e9t\u00e9 r\u00e9alis\u00e9s pour am\u00e9liorer le son, augmenter les performances et enrichir l\u2019allure des scooters. Un m\u00e9lange parfait pour avoir un scooter vraiment sp\u00e9cial.<\/p>\n","protected":false},"featured_media":19162,"template":"","meta":{"_acf_changed":false},"product_brand":[24777,23846,24763],"product_cat":[679],"product_tag":[],"class_list":{"0":"post-94736","1":"product","2":"type-product","3":"status-publish","4":"has-post-thumbnail","6":"product_brand-2015-2016-sh300","7":"product_brand-honda","8":"product_brand-sh-300","9":"product_cat-ligne-complete","11":"first","12":"instock","13":"shipping-taxable","14":"product-type-simple"},"acf":[],"_links":{"self":[{"href":"https:\/\/dev.mivv.com\/fr\/wp-json\/wp\/v2\/product\/94736","targetHints":{"allow":["GET"]}}],"collection":[{"href":"https:\/\/dev.mivv.com\/fr\/wp-json\/wp\/v2\/product"}],"about":[{"href":"https:\/\/dev.mivv.com\/fr\/wp-json\/wp\/v2\/types\/product"}],"wp:featuredmedia":[{"embeddable":true,"href":"https:\/\/dev.mivv.com\/fr\/wp-json\/wp\/v2\/media\/19162"}],"wp:attachment":[{"href":"https:\/\/dev.mivv.com\/fr\/wp-json\/wp\/v2\/media?parent=94736"}],"wp:term":[{"taxonomy":"product_brand","embeddable":true,"href":"https:\/\/dev.mivv.com\/fr\/wp-json\/wp\/v2\/product_brand?post=94736"},{"taxonomy":"product_cat","embeddable":true,"href":"https:\/\/dev.mivv.com\/fr\/wp-json\/wp\/v2\/product_cat?post=94736"},{"taxonomy":"product_tag","embeddable":true,"href":"https:\/\/dev.mivv.com\/fr\/wp-json\/wp\/v2\/product_tag?post=94736"}],"curies":[{"name":"wp","href":"https:\/\/api.w.org\/{rel}","templated":true}]}}