{"id":94750,"date":"2026-04-21T13:54:40","date_gmt":"2026-04-21T11:54:40","guid":{"rendered":"https:\/\/dev.mivv.com\/scarico-moto\/d-037-ldgx-ducati-multistrada-1200-enduro-2016-2018\/"},"modified":"2026-04-21T13:54:40","modified_gmt":"2026-04-21T11:54:40","slug":"d-037-ldgx-ducati-multistrada-1200-enduro-2016-2018","status":"publish","type":"product","link":"https:\/\/dev.mivv.com\/fr\/product\/d-037-ldgx-ducati-multistrada-1200-enduro-2016-2018\/","title":{"rendered":"D.037.LDGX &#8211; DUCATI MULTISTRADA 1200 ENDURO 2016 > 2018"},"content":{"rendered":"<p>R\u00e9alis\u00e9 pour am\u00e9liorer <strong>l\u2019aspect, le son et les prestations<\/strong> de la moto, le pot slip-on Mivv est issu de l\u2019attention maximale vers le design, en vue de satisfaire ceux qui souhaitent se <strong>d\u00e9marquer<\/strong> aussi par l\u2019allure de leur moto.<\/p>\n<p>DOUBLE GUN est un produit extr\u00eamement <strong>l\u00e9ger<\/strong> avec un look minimal. Agressif et extr\u00eamement <strong>court<\/strong>, il est enti\u00e8rement r\u00e9alis\u00e9 en <strong>acier inoxydable<\/strong> avec un aspect \u00e0 l\u2019effet <strong>\u00ab\u00a0pearled\u00a0\u00bb<\/strong>, obtenu gr\u00e2ce \u00e0 un proc\u00e9d\u00e9 de finition sp\u00e9cial.<\/p>\n","protected":false},"excerpt":{"rendered":"<p>R\u00e9alis\u00e9 pour am\u00e9liorer l\u2019aspect, le son et les prestations de la moto, le pot slip-on Mivv est issu de l\u2019attention maximale vers le design, en vue de satisfaire ceux qui souhaitent se d\u00e9marquer aussi par l\u2019allure de leur moto. DOUBLE GUN est un produit extr\u00eamement l\u00e9ger avec un look minimal. Agressif et extr\u00eamement court, il [&hellip;]<\/p>\n","protected":false},"featured_media":63626,"template":"","meta":{"_acf_changed":false},"product_brand":[23293,22768,23286],"product_cat":[704],"product_tag":[],"class_list":{"0":"post-94750","1":"product","2":"type-product","3":"status-publish","4":"has-post-thumbnail","6":"product_brand-2016-multistrada-1200-enduro","7":"product_brand-ducati","8":"product_brand-multistrada-1200-enduro","9":"product_cat-slip-on","11":"first","12":"instock","13":"shipping-taxable","14":"product-type-simple"},"acf":[],"_links":{"self":[{"href":"https:\/\/dev.mivv.com\/fr\/wp-json\/wp\/v2\/product\/94750","targetHints":{"allow":["GET"]}}],"collection":[{"href":"https:\/\/dev.mivv.com\/fr\/wp-json\/wp\/v2\/product"}],"about":[{"href":"https:\/\/dev.mivv.com\/fr\/wp-json\/wp\/v2\/types\/product"}],"wp:featuredmedia":[{"embeddable":true,"href":"https:\/\/dev.mivv.com\/fr\/wp-json\/wp\/v2\/media\/63626"}],"wp:attachment":[{"href":"https:\/\/dev.mivv.com\/fr\/wp-json\/wp\/v2\/media?parent=94750"}],"wp:term":[{"taxonomy":"product_brand","embeddable":true,"href":"https:\/\/dev.mivv.com\/fr\/wp-json\/wp\/v2\/product_brand?post=94750"},{"taxonomy":"product_cat","embeddable":true,"href":"https:\/\/dev.mivv.com\/fr\/wp-json\/wp\/v2\/product_cat?post=94750"},{"taxonomy":"product_tag","embeddable":true,"href":"https:\/\/dev.mivv.com\/fr\/wp-json\/wp\/v2\/product_tag?post=94750"}],"curies":[{"name":"wp","href":"https:\/\/api.w.org\/{rel}","templated":true}]}}