{"id":96402,"date":"2026-04-21T14:06:54","date_gmt":"2026-04-21T12:06:54","guid":{"rendered":"https:\/\/dev.mivv.com\/scarico-moto\/acc-070-0-ducati-monster-821-2018-2020\/"},"modified":"2026-04-21T14:06:54","modified_gmt":"2026-04-21T12:06:54","slug":"acc-070-0-ducati-monster-821-2018-2020","status":"publish","type":"product","link":"https:\/\/dev.mivv.com\/fr\/product\/acc-070-0-ducati-monster-821-2018-2020\/","title":{"rendered":"ACC.070.0 \u2013 DUCATI MONSTER 821 2018> 2020"},"content":{"rendered":"<p>Ce pare-chaleur en <strong>fibre de carbone<\/strong> a \u00e9t\u00e9 con\u00e7u sp\u00e9cifiquement pour le syst\u00e8me d&rsquo;\u00e9chappement de cette moto. Ce produit <strong>optionnel<\/strong> facile \u00e0 installer donne un aspect <strong>plus sportif<\/strong> \u00e0 l&rsquo;ensemble du syst\u00e8me d&rsquo;\u00e9chappement et <strong>\u00e9vite le contact<\/strong> direct avec les parties du syst\u00e8me o\u00f9 des <strong>pics de chaleur<\/strong> \u00e9lev\u00e9s sont atteints.<\/p>\n","protected":false},"excerpt":{"rendered":"<p>Ce pare-chaleur en fibre de carbone a \u00e9t\u00e9 con\u00e7u sp\u00e9cifiquement pour le syst\u00e8me d&rsquo;\u00e9chappement de cette moto. Ce produit optionnel facile \u00e0 installer donne un aspect plus sportif \u00e0 l&rsquo;ensemble du syst\u00e8me d&rsquo;\u00e9chappement et \u00e9vite le contact direct avec les parties du syst\u00e8me o\u00f9 des pics de chaleur \u00e9lev\u00e9s sont atteints.<\/p>\n","protected":false},"featured_media":9665,"template":"","meta":{"_acf_changed":false},"product_brand":[23167,22768,23153],"product_cat":[758],"product_tag":[],"class_list":{"0":"post-96402","1":"product","2":"type-product","3":"status-publish","4":"has-post-thumbnail","6":"product_brand-2018-monster-821","7":"product_brand-ducati","8":"product_brand-monster-821","9":"product_cat-carter-pare-chaleur","11":"first","12":"instock","13":"shipping-taxable","14":"product-type-simple"},"acf":[],"_links":{"self":[{"href":"https:\/\/dev.mivv.com\/fr\/wp-json\/wp\/v2\/product\/96402","targetHints":{"allow":["GET"]}}],"collection":[{"href":"https:\/\/dev.mivv.com\/fr\/wp-json\/wp\/v2\/product"}],"about":[{"href":"https:\/\/dev.mivv.com\/fr\/wp-json\/wp\/v2\/types\/product"}],"wp:featuredmedia":[{"embeddable":true,"href":"https:\/\/dev.mivv.com\/fr\/wp-json\/wp\/v2\/media\/9665"}],"wp:attachment":[{"href":"https:\/\/dev.mivv.com\/fr\/wp-json\/wp\/v2\/media?parent=96402"}],"wp:term":[{"taxonomy":"product_brand","embeddable":true,"href":"https:\/\/dev.mivv.com\/fr\/wp-json\/wp\/v2\/product_brand?post=96402"},{"taxonomy":"product_cat","embeddable":true,"href":"https:\/\/dev.mivv.com\/fr\/wp-json\/wp\/v2\/product_cat?post=96402"},{"taxonomy":"product_tag","embeddable":true,"href":"https:\/\/dev.mivv.com\/fr\/wp-json\/wp\/v2\/product_tag?post=96402"}],"curies":[{"name":"wp","href":"https:\/\/api.w.org\/{rel}","templated":true}]}}