{"id":96738,"date":"2026-04-21T14:09:36","date_gmt":"2026-04-21T12:09:36","guid":{"rendered":"https:\/\/dev.mivv.com\/scarico-moto\/hd-002-c1-harley-davidson-ultra-limited-low-1690-20142016\/"},"modified":"2026-04-21T14:09:36","modified_gmt":"2026-04-21T12:09:36","slug":"hd-002-c1-harley-davidson-ultra-limited-low-1690-20142016","status":"publish","type":"product","link":"https:\/\/dev.mivv.com\/fr\/product\/hd-002-c1-harley-davidson-ultra-limited-low-1690-20142016\/","title":{"rendered":"HD.002.C1 &#8211; HARLEY DAVIDSON ULTRA LIMITED \/ LOW 1690 2014>2016"},"content":{"rendered":"<p>Les tubes d\u00e9catalyseur optionnelles, r\u00e9alis\u00e9s en acier inox, permettent d\u2019augmenter les performances du v\u00e9hicule surtout si associ\u00e9s au silencieux slip-on Mivv en garantissant un look plus \u00ab racing \u00bb et un son incomparable. Les tubes d\u00e9catalyseur ne sont pas homologu\u00e9s pour un usage routier.<\/p>\n","protected":false},"excerpt":{"rendered":"<p>COMPATIBLE AVEC FLHTK, FLHTKL<\/p>\n","protected":false},"featured_media":11381,"template":"","meta":{"_acf_changed":false},"product_brand":[23839,23629,23832],"product_cat":[794],"product_tag":[],"class_list":{"0":"post-96738","1":"product","2":"type-product","3":"status-publish","4":"has-post-thumbnail","6":"product_brand-2014-2016-ultra-limited-low-1690","7":"product_brand-harley-davidson","8":"product_brand-ultra-limited-low-1690","9":"product_cat-tube-sans-kat","11":"first","12":"instock","13":"shipping-taxable","14":"product-type-simple"},"acf":[],"_links":{"self":[{"href":"https:\/\/dev.mivv.com\/fr\/wp-json\/wp\/v2\/product\/96738","targetHints":{"allow":["GET"]}}],"collection":[{"href":"https:\/\/dev.mivv.com\/fr\/wp-json\/wp\/v2\/product"}],"about":[{"href":"https:\/\/dev.mivv.com\/fr\/wp-json\/wp\/v2\/types\/product"}],"wp:featuredmedia":[{"embeddable":true,"href":"https:\/\/dev.mivv.com\/fr\/wp-json\/wp\/v2\/media\/11381"}],"wp:attachment":[{"href":"https:\/\/dev.mivv.com\/fr\/wp-json\/wp\/v2\/media?parent=96738"}],"wp:term":[{"taxonomy":"product_brand","embeddable":true,"href":"https:\/\/dev.mivv.com\/fr\/wp-json\/wp\/v2\/product_brand?post=96738"},{"taxonomy":"product_cat","embeddable":true,"href":"https:\/\/dev.mivv.com\/fr\/wp-json\/wp\/v2\/product_cat?post=96738"},{"taxonomy":"product_tag","embeddable":true,"href":"https:\/\/dev.mivv.com\/fr\/wp-json\/wp\/v2\/product_tag?post=96738"}],"curies":[{"name":"wp","href":"https:\/\/api.w.org\/{rel}","templated":true}]}}