{"id":96787,"date":"2026-04-21T14:10:04","date_gmt":"2026-04-21T12:10:04","guid":{"rendered":"https:\/\/dev.mivv.com\/scarico-moto\/h-072-l6p-honda-cb-650-r-2019-2023\/"},"modified":"2026-04-21T14:10:04","modified_gmt":"2026-04-21T12:10:04","slug":"h-072-l6p-honda-cb-650-r-2019-2023","status":"publish","type":"product","link":"https:\/\/dev.mivv.com\/fr\/product\/h-072-l6p-honda-cb-650-r-2019-2023\/","title":{"rendered":"H.072.L6P \u2013 HONDA CB 650 R 2019 > 2023"},"content":{"rendered":"<p>R\u00e9alis\u00e9 pour am\u00e9liorer <strong>l\u2019aspect, le son et les prestations<\/strong> de la moto, le pot slip-on Mivv est issu de l\u2019attention maximale vers le design, en vue de satisfaire ceux qui souhaitent se <strong>d\u00e9marquer<\/strong> aussi par l\u2019allure de leur moto.<\/p>\n<p>Le pot GP PRO montre avec fiert\u00e9 les <strong>soudures TIG semi-artisanales<\/strong>, le <strong>design compact<\/strong> et le <strong>son profond<\/strong>. Inspir\u00e9 au monde des <strong>comp\u00e9titions<\/strong>, la sortie du pot est \u00e9quip\u00e9 d\u2019une <strong>grille de protection amovible<\/strong> qui cache le dB-killer. Sur le silencieux, tr\u00e8s \u00e9vident, le logo Mivv par laser.<\/p>\n<p>Le corps en <strong>titane<\/strong> bross\u00e9 a l\u2019aspect <strong>\u201cperl\u00e9\u201d<\/strong>, obtenu par un traitement sp\u00e9cial lui donnant une allure inimitable. C\u2019est la <strong>choix du VIP.<\/strong><\/p>\n","protected":false},"excerpt":{"rendered":"<p>HOMOLOGU\u00c9 UNIQUEMENT AVEC CATALYSEUR ACC.045.A1 INSTALL\u00c9. Pour am\u00e9liorer les performances, nous vous recommandons de remapper la bo\u00eete \u00e9lectronique. Pour plus d&rsquo;informations, regardez les notes techniques sous la bo\u00eete de documentation.<\/p>\n","protected":false},"featured_media":25364,"template":"","meta":{"_acf_changed":false},"product_brand":[24035,24028,23846],"product_cat":[679],"product_tag":[],"class_list":{"0":"post-96787","1":"product","2":"type-product","3":"status-publish","4":"has-post-thumbnail","6":"product_brand-2019-cb-650-r","7":"product_brand-cb-650-r","8":"product_brand-honda","9":"product_cat-ligne-complete","11":"first","12":"instock","13":"shipping-taxable","14":"product-type-simple"},"acf":[],"_links":{"self":[{"href":"https:\/\/dev.mivv.com\/fr\/wp-json\/wp\/v2\/product\/96787","targetHints":{"allow":["GET"]}}],"collection":[{"href":"https:\/\/dev.mivv.com\/fr\/wp-json\/wp\/v2\/product"}],"about":[{"href":"https:\/\/dev.mivv.com\/fr\/wp-json\/wp\/v2\/types\/product"}],"wp:featuredmedia":[{"embeddable":true,"href":"https:\/\/dev.mivv.com\/fr\/wp-json\/wp\/v2\/media\/25364"}],"wp:attachment":[{"href":"https:\/\/dev.mivv.com\/fr\/wp-json\/wp\/v2\/media?parent=96787"}],"wp:term":[{"taxonomy":"product_brand","embeddable":true,"href":"https:\/\/dev.mivv.com\/fr\/wp-json\/wp\/v2\/product_brand?post=96787"},{"taxonomy":"product_cat","embeddable":true,"href":"https:\/\/dev.mivv.com\/fr\/wp-json\/wp\/v2\/product_cat?post=96787"},{"taxonomy":"product_tag","embeddable":true,"href":"https:\/\/dev.mivv.com\/fr\/wp-json\/wp\/v2\/product_tag?post=96787"}],"curies":[{"name":"wp","href":"https:\/\/api.w.org\/{rel}","templated":true}]}}