{"id":97991,"date":"2026-04-21T14:19:44","date_gmt":"2026-04-21T12:19:44","guid":{"rendered":"https:\/\/dev.mivv.com\/scarico-moto\/r-du-0006-sm3c-ducati-panigale-v4-2018-2022\/"},"modified":"2026-04-21T14:19:44","modified_gmt":"2026-04-21T12:19:44","slug":"r-du-0006-sm3c-ducati-panigale-v4-2018-2022","status":"publish","type":"product","link":"https:\/\/dev.mivv.com\/fr\/product\/r-du-0006-sm3c-ducati-panigale-v4-2018-2022\/","title":{"rendered":"R.DU.0006.SM3C \u2013 DUCATI PANIGALE V4 2018 > 2022"},"content":{"rendered":"<p><strong>Les \u00e9chappements complets<\/strong> de tubes collecteurs repr\u00e9sentent l\u2019expression maximale de la <strong>technologie Mivv<\/strong>. Chaque produit est test\u00e9 sur nos bancs d\u2019essai en faisant particuli\u00e8rement attention aux <strong>performances<\/strong> du moteur, afin d\u2019obtenir les meilleurs r\u00e9sultats possibles<\/p>\n<p>La version <strong>EVO<\/strong>, qui s\u2019adresse au monde du racing, est la <strong>ligne d\u2019excellence<\/strong> des \u00e9chappements complets Mivv, n\u00e9e pour satisfaire aux exigences des <strong>\u00e9quipes<\/strong> participant aux diff\u00e9rents championnats. D\u00e9velopp\u00e9e gr\u00e2ce \u00e0 l\u2019exp\u00e9rience acquise dans le monde des comp\u00e9titions au plus haut niveau, comme la <strong>MotoGP<\/strong>, la version Evo est enti\u00e8rement r\u00e9alis\u00e9e en <strong>titane<\/strong> grade 1 avec exclusivement des soudures TIG des composants.\u2028<\/p>\n<p>Voici les avantages de nos \u00e9chappements complets : le maximum des <strong>performances<\/strong> ; mat\u00e9riaux extr\u00eamement fiables ; <strong>\u00e9conomie en poids ; facilit\u00e9<\/strong> de montage.<\/p>\n","protected":false},"excerpt":{"rendered":"<p>Non homologu\u00e9Pour am\u00e9liorer les performances, nous vous recommandons de remapper la bo\u00eete \u00e9lectronique. Cartographie bient\u00f4t disponible\u00c9missions sonores avec dB-killer install\u00e9: 109 dB(A) \u00e0 5500 tr\/min.<\/p>\n","protected":false},"featured_media":9734,"template":"","meta":{"_acf_changed":false},"product_brand":[23391,22768,23384],"product_cat":[979],"product_tag":[],"class_list":{"0":"post-97991","1":"product","2":"type-product","3":"status-publish","4":"has-post-thumbnail","6":"product_brand-2018-panigale-v4","7":"product_brand-ducati","8":"product_brand-panigale-v4","9":"product_cat-ligne-complete-evo","11":"first","12":"instock","13":"shipping-taxable","14":"product-type-simple"},"acf":[],"_links":{"self":[{"href":"https:\/\/dev.mivv.com\/fr\/wp-json\/wp\/v2\/product\/97991","targetHints":{"allow":["GET"]}}],"collection":[{"href":"https:\/\/dev.mivv.com\/fr\/wp-json\/wp\/v2\/product"}],"about":[{"href":"https:\/\/dev.mivv.com\/fr\/wp-json\/wp\/v2\/types\/product"}],"wp:featuredmedia":[{"embeddable":true,"href":"https:\/\/dev.mivv.com\/fr\/wp-json\/wp\/v2\/media\/9734"}],"wp:attachment":[{"href":"https:\/\/dev.mivv.com\/fr\/wp-json\/wp\/v2\/media?parent=97991"}],"wp:term":[{"taxonomy":"product_brand","embeddable":true,"href":"https:\/\/dev.mivv.com\/fr\/wp-json\/wp\/v2\/product_brand?post=97991"},{"taxonomy":"product_cat","embeddable":true,"href":"https:\/\/dev.mivv.com\/fr\/wp-json\/wp\/v2\/product_cat?post=97991"},{"taxonomy":"product_tag","embeddable":true,"href":"https:\/\/dev.mivv.com\/fr\/wp-json\/wp\/v2\/product_tag?post=97991"}],"curies":[{"name":"wp","href":"https:\/\/api.w.org\/{rel}","templated":true}]}}