{"id":98096,"date":"2026-04-21T14:20:29","date_gmt":"2026-04-21T12:20:29","guid":{"rendered":"https:\/\/dev.mivv.com\/scarico-moto\/d-045-c1-ducati-hypermotard-950-sp-2019-2020\/"},"modified":"2026-04-21T14:20:29","modified_gmt":"2026-04-21T12:20:29","slug":"d-045-c1-ducati-hypermotard-950-sp-2019-2020","status":"publish","type":"product","link":"https:\/\/dev.mivv.com\/fr\/product\/d-045-c1-ducati-hypermotard-950-sp-2019-2020\/","title":{"rendered":"D.045.C1 &#8211; DUCATI HYPERMOTARD 950 \/ SP  2019 > 2020"},"content":{"rendered":"<p>Les tubes d\u00e9catalyseur optionnelles, r\u00e9alis\u00e9s en acier inox, permettent d\u2019augmenter les performances du v\u00e9hicule surtout si associ\u00e9s au silencieux slip-on Mivv en garantissant un look plus \u00ab racing \u00bb et un son incomparable. Les tubes d\u00e9catalyseur ne sont pas homologu\u00e9s pour un usage routier.<\/p>\n","protected":false},"excerpt":{"rendered":"<p>No-kat pipe (convient aussi bien aux silencieux MIVV qu&rsquo;\u00e0 l&rsquo;original) NON COMPATIBLE AVEC LA VERSION SP EURO 5 AVEC COLLECTEURS ACCROCH\u00c9S PAR COLLIER. L&rsquo;installation de cet \u00e9chappement n\u00e9cessite le remappage de l&rsquo;ECU. Pour plus d&rsquo;informations, lisez les informations techniques sous la bo\u00eete de documentation.<\/p>\n","protected":false},"featured_media":9752,"template":"","meta":{"_acf_changed":false},"product_brand":[22964,22768,22957],"product_cat":[794],"product_tag":[],"class_list":{"0":"post-98096","1":"product","2":"type-product","3":"status-publish","4":"has-post-thumbnail","6":"product_brand-2019-2020-hypermotard-950-sp-rve","7":"product_brand-ducati","8":"product_brand-hypermotard-950-sp-rve","9":"product_cat-tube-sans-kat","11":"first","12":"instock","13":"shipping-taxable","14":"product-type-simple"},"acf":[],"_links":{"self":[{"href":"https:\/\/dev.mivv.com\/fr\/wp-json\/wp\/v2\/product\/98096","targetHints":{"allow":["GET"]}}],"collection":[{"href":"https:\/\/dev.mivv.com\/fr\/wp-json\/wp\/v2\/product"}],"about":[{"href":"https:\/\/dev.mivv.com\/fr\/wp-json\/wp\/v2\/types\/product"}],"wp:featuredmedia":[{"embeddable":true,"href":"https:\/\/dev.mivv.com\/fr\/wp-json\/wp\/v2\/media\/9752"}],"wp:attachment":[{"href":"https:\/\/dev.mivv.com\/fr\/wp-json\/wp\/v2\/media?parent=98096"}],"wp:term":[{"taxonomy":"product_brand","embeddable":true,"href":"https:\/\/dev.mivv.com\/fr\/wp-json\/wp\/v2\/product_brand?post=98096"},{"taxonomy":"product_cat","embeddable":true,"href":"https:\/\/dev.mivv.com\/fr\/wp-json\/wp\/v2\/product_cat?post=98096"},{"taxonomy":"product_tag","embeddable":true,"href":"https:\/\/dev.mivv.com\/fr\/wp-json\/wp\/v2\/product_tag?post=98096"}],"curies":[{"name":"wp","href":"https:\/\/api.w.org\/{rel}","templated":true}]}}