{"id":98131,"date":"2026-04-21T14:20:47","date_gmt":"2026-04-21T12:20:47","guid":{"rendered":"https:\/\/dev.mivv.com\/scarico-moto\/a-013-lc4t-aprilia-rs-660-2020-2024\/"},"modified":"2026-04-21T14:20:47","modified_gmt":"2026-04-21T12:20:47","slug":"a-013-lc4t-aprilia-rs-660-2020-2024","status":"publish","type":"product","link":"https:\/\/dev.mivv.com\/fr\/product\/a-013-lc4t-aprilia-rs-660-2020-2024\/","title":{"rendered":"A.013.LC4T- APRILIA RS 660 2020 > 2024"},"content":{"rendered":"<p>R\u00e9alis\u00e9 pour am\u00e9liorer <strong>l\u2019aspect, le son et les prestations<\/strong> de la moto, le pot slip-on Mivv est issu de l\u2019attention maximale vers le design, en vue de satisfaire ceux qui souhaitent se <strong>d\u00e9marquer<\/strong> aussi par l\u2019allure de leur moto.<\/p>\n<p>La gamme Mivv <strong>X-M1<\/strong>, fruit de l&rsquo;exp\u00e9rience acquise lors des championnats du monde <strong>MotoGP<\/strong> et <strong>Moto2<\/strong>, est la synth\u00e8se parfaite entre <strong>style de course<\/strong> et <strong>performance<\/strong>. Avec un <strong>design<\/strong> similaire aux \u00e9chappements con\u00e7us pour le championnat du monde, le silencieux <strong>X-M1<\/strong> a une forme <strong>conique<\/strong> et des dimensions <strong>compactes<\/strong> capables de d\u00e9gager le <strong>son<\/strong> captivant MIVV.<\/p>\n<p>La version <strong>Titane<\/strong> se caract\u00e9rise par un corps central en Titane degr\u00e9 1 slow avec un effet <strong>\u00ab\u00a0perle\u00a0\u00bb<\/strong> obtenu gr\u00e2ce \u00e0 un proc\u00e9d\u00e9 de finition sp\u00e9cial. C&rsquo;est la version parfaite pour ceux qui veulent r\u00e9aliser des \u00e9conomies de <strong>poids<\/strong> significatives.<\/p>\n<p><strong>X-M1 pur style italien<\/strong><\/p>\n","protected":false},"excerpt":{"rendered":"<p>HOMOLOGU\u00c9 EURO 5 UNIQUEMENT AVEC CATALYSEUR ACC.045.A1 INSTALL\u00c9. Pour am\u00e9liorer les performances, nous vous recommandons de remapper la bo\u00eete \u00e9lectronique. Pour plus d&rsquo;informations, regardez les notes techniques sous la bo\u00eete de documentation. NON COMPATIBLE AVEC LES V\u00c9HICULES EURO5+ \u00c9QUIP\u00c9S DE SONDE LAMBDA APRES-CATALYSEUR.<\/p>\n","protected":false},"featured_media":5692,"template":"","meta":{"_acf_changed":false},"product_brand":[21662,21564,21655],"product_cat":[821],"product_tag":[],"class_list":{"0":"post-98131","1":"product","2":"type-product","3":"status-publish","4":"has-post-thumbnail","6":"product_brand-2020-2021-rs-660","7":"product_brand-aprilia","8":"product_brand-rs-660","9":"product_cat-ligne-complete-steel","11":"first","12":"instock","13":"shipping-taxable","14":"product-type-simple"},"acf":[],"_links":{"self":[{"href":"https:\/\/dev.mivv.com\/fr\/wp-json\/wp\/v2\/product\/98131","targetHints":{"allow":["GET"]}}],"collection":[{"href":"https:\/\/dev.mivv.com\/fr\/wp-json\/wp\/v2\/product"}],"about":[{"href":"https:\/\/dev.mivv.com\/fr\/wp-json\/wp\/v2\/types\/product"}],"wp:featuredmedia":[{"embeddable":true,"href":"https:\/\/dev.mivv.com\/fr\/wp-json\/wp\/v2\/media\/5692"}],"wp:attachment":[{"href":"https:\/\/dev.mivv.com\/fr\/wp-json\/wp\/v2\/media?parent=98131"}],"wp:term":[{"taxonomy":"product_brand","embeddable":true,"href":"https:\/\/dev.mivv.com\/fr\/wp-json\/wp\/v2\/product_brand?post=98131"},{"taxonomy":"product_cat","embeddable":true,"href":"https:\/\/dev.mivv.com\/fr\/wp-json\/wp\/v2\/product_cat?post=98131"},{"taxonomy":"product_tag","embeddable":true,"href":"https:\/\/dev.mivv.com\/fr\/wp-json\/wp\/v2\/product_tag?post=98131"}],"curies":[{"name":"wp","href":"https:\/\/api.w.org\/{rel}","templated":true}]}}