{"id":98145,"date":"2026-04-21T14:20:53","date_gmt":"2026-04-21T12:20:53","guid":{"rendered":"https:\/\/dev.mivv.com\/scarico-moto\/acc-045-a1-aprilia-rs-660-2020-2021\/"},"modified":"2026-04-21T14:20:53","modified_gmt":"2026-04-21T12:20:53","slug":"acc-045-a1-aprilia-rs-660-2020-2021","status":"publish","type":"product","link":"https:\/\/dev.mivv.com\/fr\/product\/acc-045-a1-aprilia-rs-660-2020-2021\/","title":{"rendered":"ACC.045.A1 &#8211; APRILIA RS 660 2020 > 2021"},"content":{"rendered":"<p>Mivv propose des catalyseurs m\u00e9talliques afin de garantir \u00e0 votre moto une am\u00e9lioration des performances et du son.<br \/>\nCes catalyseurs sont \u00e9tudi\u00e9s pour obtenir une r\u00e9duction ad\u00e9quate des \u00e9missions polluantes qui permet l\u2019homologation du syst\u00e8me d\u2019\u00e9chappement selon les normes en vigueur.<\/p>\n","protected":false},"excerpt":{"rendered":"<p>IL S&rsquo;ADAPTE UNIQUEMENT AUX CODES SUIVANTS: A.013.LDRC, A.013.LC4T<\/p>\n","protected":false},"featured_media":63272,"template":"","meta":{"_acf_changed":false},"product_brand":[21662,21564,21655],"product_cat":[689],"product_tag":[],"class_list":{"0":"post-98145","1":"product","2":"type-product","3":"status-publish","4":"has-post-thumbnail","6":"product_brand-2020-2021-rs-660","7":"product_brand-aprilia","8":"product_brand-rs-660","9":"product_cat-catalyseur","11":"first","12":"instock","13":"shipping-taxable","14":"product-type-simple"},"acf":[],"_links":{"self":[{"href":"https:\/\/dev.mivv.com\/fr\/wp-json\/wp\/v2\/product\/98145","targetHints":{"allow":["GET"]}}],"collection":[{"href":"https:\/\/dev.mivv.com\/fr\/wp-json\/wp\/v2\/product"}],"about":[{"href":"https:\/\/dev.mivv.com\/fr\/wp-json\/wp\/v2\/types\/product"}],"wp:featuredmedia":[{"embeddable":true,"href":"https:\/\/dev.mivv.com\/fr\/wp-json\/wp\/v2\/media\/63272"}],"wp:attachment":[{"href":"https:\/\/dev.mivv.com\/fr\/wp-json\/wp\/v2\/media?parent=98145"}],"wp:term":[{"taxonomy":"product_brand","embeddable":true,"href":"https:\/\/dev.mivv.com\/fr\/wp-json\/wp\/v2\/product_brand?post=98145"},{"taxonomy":"product_cat","embeddable":true,"href":"https:\/\/dev.mivv.com\/fr\/wp-json\/wp\/v2\/product_cat?post=98145"},{"taxonomy":"product_tag","embeddable":true,"href":"https:\/\/dev.mivv.com\/fr\/wp-json\/wp\/v2\/product_tag?post=98145"}],"curies":[{"name":"wp","href":"https:\/\/api.w.org\/{rel}","templated":true}]}}