{"id":98810,"date":"2026-04-21T14:26:41","date_gmt":"2026-04-21T12:26:41","guid":{"rendered":"https:\/\/dev.mivv.com\/scarico-moto\/a-016-ldrc-aprilia-rsv4-2017-2020\/"},"modified":"2026-04-21T14:26:41","modified_gmt":"2026-04-21T12:26:41","slug":"a-016-ldrc-aprilia-rsv4-2017-2020","status":"publish","type":"product","link":"https:\/\/dev.mivv.com\/fr\/product\/a-016-ldrc-aprilia-rsv4-2017-2020\/","title":{"rendered":"A.016.LDRC &#8211; APRILIA RSV4  2017 > 2020"},"content":{"rendered":"<p>R\u00e9alis\u00e9 pour am\u00e9liorer <strong>l\u2019aspect, le son et les prestations<\/strong> de la moto, le pot slip-on Mivv est issu de l\u2019attention maximale vers le design, en vue de satisfaire ceux qui souhaitent se <strong>d\u00e9marquer<\/strong> aussi par l\u2019allure de leur moto.<\/p>\n<p>Le pot DELTA RACE a une <strong>forme incomparable<\/strong>, m\u00e9tamorphose graduelle de conique \u00e0 <strong>hexagonale<\/strong>. Plusieurs d\u00e9tailles rendent son style unique, comme l\u2019embout en carbone twill 3K\u00a0; le collier \u00e0 <strong>double file de rivets<\/strong>; l\u2019entr\u00e9e usin\u00e9e qui garantit un couplage de haute pr\u00e9cision. Le logo Mivv sur son corps est enfin marqu\u00e9 par laser.<\/p>\n<p>Le corps en\u00a0<strong>carbone poli<\/strong>. C\u2019est la choix de qui pr\u00e9tend\u00a0<strong>look et technologie au top au m\u00eame temps.<\/strong><\/p>\n","protected":false},"excerpt":{"rendered":"<p>HOMOLOGU\u00c9 EURO 4 UNIQUEMENT AVEC CATALYSEUR ACC.045.A1 INSTALL\u00c9. LES C\u00c2BLES DE LA SOUPAPE DOIVENT \u00caTRE RETIR\u00c9S. POUR PLUS D&rsquo;INFORMATIONS, LISEZ LES INFORMATIONS TECHNIQUES SOUS LA BO\u00ceTE DE DOCUMENTATION.<\/p>\n","protected":false},"featured_media":64968,"template":"","meta":{"_acf_changed":false},"product_brand":[21704,21564,21690],"product_cat":[704],"product_tag":[],"class_list":{"0":"post-98810","1":"product","2":"type-product","3":"status-publish","4":"has-post-thumbnail","6":"product_brand-2017-2020-rsv-4","7":"product_brand-aprilia","8":"product_brand-rsv4","9":"product_cat-slip-on","11":"first","12":"instock","13":"shipping-taxable","14":"product-type-simple"},"acf":[],"_links":{"self":[{"href":"https:\/\/dev.mivv.com\/fr\/wp-json\/wp\/v2\/product\/98810","targetHints":{"allow":["GET"]}}],"collection":[{"href":"https:\/\/dev.mivv.com\/fr\/wp-json\/wp\/v2\/product"}],"about":[{"href":"https:\/\/dev.mivv.com\/fr\/wp-json\/wp\/v2\/types\/product"}],"wp:featuredmedia":[{"embeddable":true,"href":"https:\/\/dev.mivv.com\/fr\/wp-json\/wp\/v2\/media\/64968"}],"wp:attachment":[{"href":"https:\/\/dev.mivv.com\/fr\/wp-json\/wp\/v2\/media?parent=98810"}],"wp:term":[{"taxonomy":"product_brand","embeddable":true,"href":"https:\/\/dev.mivv.com\/fr\/wp-json\/wp\/v2\/product_brand?post=98810"},{"taxonomy":"product_cat","embeddable":true,"href":"https:\/\/dev.mivv.com\/fr\/wp-json\/wp\/v2\/product_cat?post=98810"},{"taxonomy":"product_tag","embeddable":true,"href":"https:\/\/dev.mivv.com\/fr\/wp-json\/wp\/v2\/product_tag?post=98810"}],"curies":[{"name":"wp","href":"https:\/\/api.w.org\/{rel}","templated":true}]}}