{"id":98894,"date":"2026-04-21T14:27:17","date_gmt":"2026-04-21T12:27:17","guid":{"rendered":"https:\/\/dev.mivv.com\/scarico-moto\/b-037-c1-bmw-f-900-xr-2025-2026\/"},"modified":"2026-04-21T14:27:17","modified_gmt":"2026-04-21T12:27:17","slug":"b-037-c1-bmw-f-900-xr-2025-2026","status":"publish","type":"product","link":"https:\/\/dev.mivv.com\/fr\/product\/b-037-c1-bmw-f-900-xr-2025-2026\/","title":{"rendered":"B.037.C1 \u2013 BMW F 900 XR 2025> 2026"},"content":{"rendered":"<p>Les tubes d\u00e9catalyseur optionnelles, r\u00e9alis\u00e9s en acier inox, permettent d\u2019augmenter les performances du v\u00e9hicule surtout si associ\u00e9s au silencieux slip-on Mivv en garantissant un look plus \u00ab racing \u00bb et un son incomparable. Les tubes d\u00e9catalyseur ne sont pas homologu\u00e9s pour un usage routier.<\/p>\n","protected":false},"excerpt":{"rendered":"<p>No-kat pipe (convient aussi bien aux silencieux MIVV qu&rsquo;\u00e0 l&rsquo;original).<\/p>\n","protected":false},"featured_media":7891,"template":"","meta":{"_acf_changed":false},"product_brand":[22271,22103,22258],"product_cat":[794],"product_tag":[],"class_list":{"0":"post-98894","1":"product","2":"type-product","3":"status-publish","4":"has-post-thumbnail","6":"product_brand-2025-2026-9377","7":"product_brand-bmw","8":"product_brand-f-900-xr","9":"product_cat-tube-sans-kat","11":"first","12":"instock","13":"shipping-taxable","14":"product-type-simple"},"acf":[],"_links":{"self":[{"href":"https:\/\/dev.mivv.com\/fr\/wp-json\/wp\/v2\/product\/98894","targetHints":{"allow":["GET"]}}],"collection":[{"href":"https:\/\/dev.mivv.com\/fr\/wp-json\/wp\/v2\/product"}],"about":[{"href":"https:\/\/dev.mivv.com\/fr\/wp-json\/wp\/v2\/types\/product"}],"wp:featuredmedia":[{"embeddable":true,"href":"https:\/\/dev.mivv.com\/fr\/wp-json\/wp\/v2\/media\/7891"}],"wp:attachment":[{"href":"https:\/\/dev.mivv.com\/fr\/wp-json\/wp\/v2\/media?parent=98894"}],"wp:term":[{"taxonomy":"product_brand","embeddable":true,"href":"https:\/\/dev.mivv.com\/fr\/wp-json\/wp\/v2\/product_brand?post=98894"},{"taxonomy":"product_cat","embeddable":true,"href":"https:\/\/dev.mivv.com\/fr\/wp-json\/wp\/v2\/product_cat?post=98894"},{"taxonomy":"product_tag","embeddable":true,"href":"https:\/\/dev.mivv.com\/fr\/wp-json\/wp\/v2\/product_tag?post=98894"}],"curies":[{"name":"wp","href":"https:\/\/api.w.org\/{rel}","templated":true}]}}