{"id":99013,"date":"2026-04-21T14:28:06","date_gmt":"2026-04-21T12:28:06","guid":{"rendered":"https:\/\/dev.mivv.com\/scarico-moto\/hd-003-c1-harley-davidson-pan-america-special-2021-2024\/"},"modified":"2026-04-21T14:28:06","modified_gmt":"2026-04-21T12:28:06","slug":"hd-003-c1-harley-davidson-pan-america-special-2021-2024","status":"publish","type":"product","link":"https:\/\/dev.mivv.com\/fr\/product\/hd-003-c1-harley-davidson-pan-america-special-2021-2024\/","title":{"rendered":"HD.003.C1- HARLEY DAVIDSON PAN AMERICA \/ SPECIAL 2021 > 2024"},"content":{"rendered":"<p>Les tubes d\u00e9catalyseur optionnelles, r\u00e9alis\u00e9s en acier inox, permettent d\u2019augmenter les performances du v\u00e9hicule surtout si associ\u00e9s au silencieux slip-on Mivv en garantissant un look plus \u00ab racing \u00bb et un son incomparable. Les tubes d\u00e9catalyseur ne sont pas homologu\u00e9s pour un usage routier.<\/p>\n","protected":false},"excerpt":{"rendered":"<p>No-kat pipe (convient aussi bien aux silencieux MIVV qu&rsquo;\u00e0 l&rsquo;original). On recommande de remapper le boitier \u00e9lectronique.<\/p>\n","protected":false},"featured_media":11406,"template":"","meta":{"_acf_changed":false},"product_brand":[23706,23629,23699],"product_cat":[794],"product_tag":[],"class_list":{"0":"post-99013","1":"product","2":"type-product","3":"status-publish","4":"has-post-thumbnail","6":"product_brand-2021-2022-pan-america-special","7":"product_brand-harley-davidson","8":"product_brand-pan-america-special","9":"product_cat-tube-sans-kat","11":"first","12":"instock","13":"shipping-taxable","14":"product-type-simple"},"acf":[],"_links":{"self":[{"href":"https:\/\/dev.mivv.com\/fr\/wp-json\/wp\/v2\/product\/99013","targetHints":{"allow":["GET"]}}],"collection":[{"href":"https:\/\/dev.mivv.com\/fr\/wp-json\/wp\/v2\/product"}],"about":[{"href":"https:\/\/dev.mivv.com\/fr\/wp-json\/wp\/v2\/types\/product"}],"wp:featuredmedia":[{"embeddable":true,"href":"https:\/\/dev.mivv.com\/fr\/wp-json\/wp\/v2\/media\/11406"}],"wp:attachment":[{"href":"https:\/\/dev.mivv.com\/fr\/wp-json\/wp\/v2\/media?parent=99013"}],"wp:term":[{"taxonomy":"product_brand","embeddable":true,"href":"https:\/\/dev.mivv.com\/fr\/wp-json\/wp\/v2\/product_brand?post=99013"},{"taxonomy":"product_cat","embeddable":true,"href":"https:\/\/dev.mivv.com\/fr\/wp-json\/wp\/v2\/product_cat?post=99013"},{"taxonomy":"product_tag","embeddable":true,"href":"https:\/\/dev.mivv.com\/fr\/wp-json\/wp\/v2\/product_tag?post=99013"}],"curies":[{"name":"wp","href":"https:\/\/api.w.org\/{rel}","templated":true}]}}