{"id":99069,"date":"2026-04-21T14:28:31","date_gmt":"2026-04-21T12:28:31","guid":{"rendered":"https:\/\/dev.mivv.com\/scarico-moto\/m-ho-034-c1-honda-crf-450-r-2021-2024\/"},"modified":"2026-04-21T14:28:31","modified_gmt":"2026-04-21T12:28:31","slug":"m-ho-034-c1-honda-crf-450-r-2021-2024","status":"publish","type":"product","link":"https:\/\/dev.mivv.com\/fr\/product\/m-ho-034-c1-honda-crf-450-r-2021-2024\/","title":{"rendered":"M.HO.034.C1- HONDA CRF 450 R 2021 > 2024"},"content":{"rendered":"<p>Ce tuyau collecteur garantit des <strong>performances maximales<\/strong> lorsqu&rsquo;il est combin\u00e9 avec l&rsquo;\u00e9chappement Mivv slip on.<\/p>\n<p>Construits en <strong>acier inoxydable 304<\/strong>, les diam\u00e8tres utilis\u00e9s garantissent des <strong>performances maximales<\/strong> sur toute la plage de r\u00e9volutions du moteur. Il comprend \u00e9galement un <strong>power-bomb<\/strong> sp\u00e9cialement con\u00e7u pour assurer de meilleures <strong>performances<\/strong> et un meilleur <strong>sound level<\/strong>.<\/p>\n<p>Equip\u00e9 d&rsquo;une connexion <strong>sonde lambda<\/strong> pour toute intervention sur l&rsquo;\u00e9lectronique de la moto, il n&rsquo;inclut pas le catalyseur s&rsquo;il est pr\u00e9sent dans la ligne d&rsquo;origine. Le collecteur Mivv ne n\u00e9cessite pas de <strong>remappage<\/strong>. Le d\u00e9veloppement s&rsquo;est fait <strong>sans aucune modification<\/strong> de l&rsquo;\u00e9lectronique.<\/p>\n<p>Il comprend une <strong>patte soud\u00e9e<\/strong> qui permet de fixer le tube collecteur au cadre. Il est <strong>interchangeable<\/strong> avec le tube d&rsquo;origine.<\/p>\n<p>Ce produit est adapt\u00e9 \u00e0 une utilisation sur <strong>piste et sur parcours priv\u00e9s<\/strong> uniquement. Il a \u00e9t\u00e9 con\u00e7u pour s&rsquo;adapter \u00e0 une <strong>moto \u00e9quip\u00e9e de s\u00e9rie<\/strong> telle que livr\u00e9e par la soci\u00e9t\u00e9 fabricante.<\/p>\n","protected":false},"excerpt":{"rendered":"<p>Les valeurs au banc d&rsquo;essai se r\u00e9f\u00e8rent \u00e0 la configuration silencieux + collecteur racing. Niveau bruit : 114 db<\/p>\n","protected":false},"featured_media":25596,"template":"","meta":{"_acf_changed":false},"product_brand":[24406,24399,23846],"product_cat":[4356],"product_tag":[],"class_list":{"0":"post-99069","1":"product","2":"type-product","3":"status-publish","4":"has-post-thumbnail","6":"product_brand-2021-crf-450-r","7":"product_brand-crf-450-r","8":"product_brand-honda","9":"product_cat-collecteur-racing","11":"first","12":"instock","13":"shipping-taxable","14":"product-type-simple"},"acf":[],"_links":{"self":[{"href":"https:\/\/dev.mivv.com\/fr\/wp-json\/wp\/v2\/product\/99069","targetHints":{"allow":["GET"]}}],"collection":[{"href":"https:\/\/dev.mivv.com\/fr\/wp-json\/wp\/v2\/product"}],"about":[{"href":"https:\/\/dev.mivv.com\/fr\/wp-json\/wp\/v2\/types\/product"}],"wp:featuredmedia":[{"embeddable":true,"href":"https:\/\/dev.mivv.com\/fr\/wp-json\/wp\/v2\/media\/25596"}],"wp:attachment":[{"href":"https:\/\/dev.mivv.com\/fr\/wp-json\/wp\/v2\/media?parent=99069"}],"wp:term":[{"taxonomy":"product_brand","embeddable":true,"href":"https:\/\/dev.mivv.com\/fr\/wp-json\/wp\/v2\/product_brand?post=99069"},{"taxonomy":"product_cat","embeddable":true,"href":"https:\/\/dev.mivv.com\/fr\/wp-json\/wp\/v2\/product_cat?post=99069"},{"taxonomy":"product_tag","embeddable":true,"href":"https:\/\/dev.mivv.com\/fr\/wp-json\/wp\/v2\/product_tag?post=99069"}],"curies":[{"name":"wp","href":"https:\/\/api.w.org\/{rel}","templated":true}]}}