{"id":99111,"date":"2026-04-21T14:28:48","date_gmt":"2026-04-21T12:28:48","guid":{"rendered":"https:\/\/dev.mivv.com\/scarico-moto\/acc-073-a1-keeway-rkf-125-2021-2022\/"},"modified":"2026-04-21T14:28:48","modified_gmt":"2026-04-21T12:28:48","slug":"acc-073-a1-keeway-rkf-125-2021-2022","status":"publish","type":"product","link":"https:\/\/dev.mivv.com\/fr\/product\/acc-073-a1-keeway-rkf-125-2021-2022\/","title":{"rendered":"ACC.073.A1- KEEWAY RKF 125 2021 > 2022"},"content":{"rendered":"<p>Mivv propose des catalyseurs m\u00e9talliques afin de garantir \u00e0 votre moto une am\u00e9lioration des performances et du son.<br \/>\nCes catalyseurs sont \u00e9tudi\u00e9s pour obtenir une r\u00e9duction ad\u00e9quate des \u00e9missions polluantes qui permet l\u2019homologation du syst\u00e8me d\u2019\u00e9chappement selon les normes en vigueur.<\/p>\n","protected":false},"excerpt":{"rendered":"<p>UNIQUEMENT POUR GP<\/p>\n","protected":false},"featured_media":63272,"template":"","meta":{"_acf_changed":false},"product_brand":[25736,25722,25729],"product_cat":[689],"product_tag":[],"class_list":{"0":"post-99111","1":"product","2":"type-product","3":"status-publish","4":"has-post-thumbnail","6":"product_brand-2021-rkf-125","7":"product_brand-keeway","8":"product_brand-rkf-125","9":"product_cat-catalyseur","11":"first","12":"instock","13":"shipping-taxable","14":"product-type-simple"},"acf":[],"_links":{"self":[{"href":"https:\/\/dev.mivv.com\/fr\/wp-json\/wp\/v2\/product\/99111","targetHints":{"allow":["GET"]}}],"collection":[{"href":"https:\/\/dev.mivv.com\/fr\/wp-json\/wp\/v2\/product"}],"about":[{"href":"https:\/\/dev.mivv.com\/fr\/wp-json\/wp\/v2\/types\/product"}],"wp:featuredmedia":[{"embeddable":true,"href":"https:\/\/dev.mivv.com\/fr\/wp-json\/wp\/v2\/media\/63272"}],"wp:attachment":[{"href":"https:\/\/dev.mivv.com\/fr\/wp-json\/wp\/v2\/media?parent=99111"}],"wp:term":[{"taxonomy":"product_brand","embeddable":true,"href":"https:\/\/dev.mivv.com\/fr\/wp-json\/wp\/v2\/product_brand?post=99111"},{"taxonomy":"product_cat","embeddable":true,"href":"https:\/\/dev.mivv.com\/fr\/wp-json\/wp\/v2\/product_cat?post=99111"},{"taxonomy":"product_tag","embeddable":true,"href":"https:\/\/dev.mivv.com\/fr\/wp-json\/wp\/v2\/product_tag?post=99111"}],"curies":[{"name":"wp","href":"https:\/\/api.w.org\/{rel}","templated":true}]}}