{"id":99209,"date":"2026-04-21T14:29:28","date_gmt":"2026-04-21T12:29:28","guid":{"rendered":"https:\/\/dev.mivv.com\/scarico-moto\/a-017-c1-aprilia-tuareg-660-2022-2024\/"},"modified":"2026-04-21T14:29:28","modified_gmt":"2026-04-21T12:29:28","slug":"a-017-c1-aprilia-tuareg-660-2022-2024","status":"publish","type":"product","link":"https:\/\/dev.mivv.com\/fr\/product\/a-017-c1-aprilia-tuareg-660-2022-2024\/","title":{"rendered":"A.017.C1 \u2013 APRILIA TUAREG 660 2022 > 2024"},"content":{"rendered":"<p>Les tubes d\u00e9catalyseur optionnelles, r\u00e9alis\u00e9s en acier inox, permettent d\u2019augmenter les performances du v\u00e9hicule surtout si associ\u00e9s au silencieux slip-on Mivv en garantissant un look plus \u00ab racing \u00bb et un son incomparable. Les tubes d\u00e9catalyseur ne sont pas homologu\u00e9s pour un usage routier.<\/p>\n","protected":false},"excerpt":{"rendered":"<p>No-kat pipe (convient aussi bien aux silencieux MIVV qu&rsquo;\u00e0 l&rsquo;original). Pour am\u00e9liorer les performances, nous vous recommandons de remapper la bo\u00eete \u00e9lectronique. Pour plus d&rsquo;informations, regardez les notes techniques sous la bo\u00eete de documentation.<\/p>\n","protected":false},"featured_media":15125,"template":"","meta":{"_acf_changed":false},"product_brand":[21795,21564,21788],"product_cat":[794],"product_tag":[],"class_list":{"0":"post-99209","1":"product","2":"type-product","3":"status-publish","4":"has-post-thumbnail","6":"product_brand-2022-tuareg-660","7":"product_brand-aprilia","8":"product_brand-tuareg-660","9":"product_cat-tube-sans-kat","11":"first","12":"instock","13":"shipping-taxable","14":"product-type-simple"},"acf":[],"_links":{"self":[{"href":"https:\/\/dev.mivv.com\/fr\/wp-json\/wp\/v2\/product\/99209","targetHints":{"allow":["GET"]}}],"collection":[{"href":"https:\/\/dev.mivv.com\/fr\/wp-json\/wp\/v2\/product"}],"about":[{"href":"https:\/\/dev.mivv.com\/fr\/wp-json\/wp\/v2\/types\/product"}],"wp:featuredmedia":[{"embeddable":true,"href":"https:\/\/dev.mivv.com\/fr\/wp-json\/wp\/v2\/media\/15125"}],"wp:attachment":[{"href":"https:\/\/dev.mivv.com\/fr\/wp-json\/wp\/v2\/media?parent=99209"}],"wp:term":[{"taxonomy":"product_brand","embeddable":true,"href":"https:\/\/dev.mivv.com\/fr\/wp-json\/wp\/v2\/product_brand?post=99209"},{"taxonomy":"product_cat","embeddable":true,"href":"https:\/\/dev.mivv.com\/fr\/wp-json\/wp\/v2\/product_cat?post=99209"},{"taxonomy":"product_tag","embeddable":true,"href":"https:\/\/dev.mivv.com\/fr\/wp-json\/wp\/v2\/product_tag?post=99209"}],"curies":[{"name":"wp","href":"https:\/\/api.w.org\/{rel}","templated":true}]}}