{"id":99958,"date":"2026-04-21T14:35:57","date_gmt":"2026-04-21T12:35:57","guid":{"rendered":"https:\/\/dev.mivv.com\/scarico-moto\/e-008-c1-benelli-leoncino-800-2022-2024\/"},"modified":"2026-04-21T14:35:57","modified_gmt":"2026-04-21T12:35:57","slug":"e-008-c1-benelli-leoncino-800-2022-2024","status":"publish","type":"product","link":"https:\/\/dev.mivv.com\/fr\/product\/e-008-c1-benelli-leoncino-800-2022-2024\/","title":{"rendered":"E.008.C1 &#8211; BENELLI LEONCINO 800 2022 > 2024"},"content":{"rendered":"<p>Les tubes d\u00e9catalyseur optionnelles, r\u00e9alis\u00e9s en acier inox, permettent d\u2019augmenter les performances du v\u00e9hicule surtout si associ\u00e9s au silencieux slip-on Mivv en garantissant un look plus \u00ab racing \u00bb et un son incomparable. Les tubes d\u00e9catalyseur ne sont pas homologu\u00e9s pour un usage routier.<\/p>\n","protected":false},"excerpt":{"rendered":"<p>No-kat pipe (convient aussi bien aux silencieux MIVV qu&rsquo;\u00e0 l&rsquo;original).<\/p>\n","protected":false},"featured_media":7161,"template":"","meta":{"_acf_changed":false},"product_brand":[22005,21915,21998],"product_cat":[794],"product_tag":[],"class_list":{"0":"post-99958","1":"product","2":"type-product","3":"status-publish","4":"has-post-thumbnail","6":"product_brand-2022-leoncino-800","7":"product_brand-benelli","8":"product_brand-leoncino-800","9":"product_cat-tube-sans-kat","11":"first","12":"instock","13":"shipping-taxable","14":"product-type-simple"},"acf":[],"_links":{"self":[{"href":"https:\/\/dev.mivv.com\/fr\/wp-json\/wp\/v2\/product\/99958","targetHints":{"allow":["GET"]}}],"collection":[{"href":"https:\/\/dev.mivv.com\/fr\/wp-json\/wp\/v2\/product"}],"about":[{"href":"https:\/\/dev.mivv.com\/fr\/wp-json\/wp\/v2\/types\/product"}],"wp:featuredmedia":[{"embeddable":true,"href":"https:\/\/dev.mivv.com\/fr\/wp-json\/wp\/v2\/media\/7161"}],"wp:attachment":[{"href":"https:\/\/dev.mivv.com\/fr\/wp-json\/wp\/v2\/media?parent=99958"}],"wp:term":[{"taxonomy":"product_brand","embeddable":true,"href":"https:\/\/dev.mivv.com\/fr\/wp-json\/wp\/v2\/product_brand?post=99958"},{"taxonomy":"product_cat","embeddable":true,"href":"https:\/\/dev.mivv.com\/fr\/wp-json\/wp\/v2\/product_cat?post=99958"},{"taxonomy":"product_tag","embeddable":true,"href":"https:\/\/dev.mivv.com\/fr\/wp-json\/wp\/v2\/product_tag?post=99958"}],"curies":[{"name":"wp","href":"https:\/\/api.w.org\/{rel}","templated":true}]}}