{"id":1056,"date":"2026-02-03T17:19:02","date_gmt":"2026-02-03T16:19:02","guid":{"rendered":"http:\/\/mivv2026.local\/assistencia-ao-cliente-mivv\/"},"modified":"2026-03-04T18:11:44","modified_gmt":"2026-03-04T17:11:44","slug":"assistencia-ao-cliente-mivv","status":"publish","type":"page","link":"https:\/\/dev.mivv.com\/pt-pt\/assistencia-ao-cliente-mivv\/","title":{"rendered":"Assist\u00eancia ao Cliente MIVV"},"content":{"rendered":"\n<div class=\"wp-block-columns is-layout-flex wp-container-core-columns-is-layout-9d6595d7 wp-block-columns-is-layout-flex\">\n<div class=\"wp-block-column is-layout-flow wp-block-column-is-layout-flow\">\n<div class=\"wp-block-group card-assistenza pre-vendita has-white-color has-text-color has-background has-link-color wp-elements-bd76987f8f31514cc9f4935892790c83 is-vertical is-content-justification-center is-layout-flex wp-container-core-group-is-layout-4b2eccd6 wp-block-group-is-layout-flex\" style=\"background-color:#e21d2c\">\n<figure class=\"wp-block-image size-full\"><img loading=\"lazy\" decoding=\"async\" width=\"50\" height=\"50\" src=\"http:\/\/mivv2026.local\/wp-content\/uploads\/2026\/02\/icons8-punto-interrogativo-50-1.png\" alt=\"\" class=\"wp-image-886\"\/><\/figure>\n\n\n\n<h2 class=\"wp-block-heading\">Assist\u00eancia Pr\u00e9-Venda<\/h2>\n\n\n\n<p class=\"has-text-align-center\">Quer saber qual \u00e9 o escape perfeito para a sua moto? Se tiver d\u00favidas sobre a compatibilidade, o desempenho ou quiser um aconselhamento t\u00e9cnico antes de proceder \u00e0 compra, a nossa equipa comercial est\u00e1 \u00e0 sua disposi\u00e7\u00e3o.<\/p>\n\n\n\n<div class=\"wp-block-buttons is-layout-flex wp-block-buttons-is-layout-flex\">\n<div class=\"wp-block-button btn-assistenza\"><a class=\"wp-block-button__link wp-element-button\" href=\"http:\/\/mivv2026.local\/pt-pt\/assistencia-ao-cliente-mivv\/assistencia-pre-venda\/\" style=\"border-top-left-radius:0px;border-top-right-radius:0px;border-bottom-left-radius:0px;border-bottom-right-radius:0px\">Solicitar informa\u00e7\u00f5es<\/a><\/div>\n<\/div>\n<\/div>\n<\/div>\n\n\n\n<div class=\"wp-block-column is-vertically-aligned-top is-layout-flow wp-block-column-is-layout-flow\">\n<div class=\"wp-block-group card-assistenza post-vendita has-white-color has-black-background-color has-text-color has-background has-link-color wp-elements-0e04de7a9bfa923b5720adf9bae43e94 is-vertical is-content-justification-center is-layout-flex wp-container-core-group-is-layout-0472769e wp-block-group-is-layout-flex\">\n<figure class=\"wp-block-image size-full\"><img loading=\"lazy\" decoding=\"async\" width=\"50\" height=\"50\" src=\"http:\/\/mivv2026.local\/wp-content\/uploads\/2026\/02\/icons8-chiave-inglese-50-1.png\" alt=\"\" class=\"wp-image-873\"\/><\/figure>\n\n\n\n<h2 class=\"wp-block-heading\">Assist\u00eancia P\u00f3s-Venda<\/h2>\n\n\n\n<p class=\"has-text-align-center\">J\u00e1 adquiriu um produto MIVV e precisa de assist\u00eancia? Se tiver dificuldades na montagem ou tiver recebido um produto danificado, abra uma ocorr\u00eancia aqui.<\/p>\n\n\n\n<div class=\"wp-block-buttons is-layout-flex wp-block-buttons-is-layout-flex\">\n<div class=\"wp-block-button btn-assistenza\"><a class=\"wp-block-button__link wp-element-button\" href=\"http:\/\/mivv2026.local\/pt-pt\/assistencia-ao-cliente-mivv\/assistencia-pos-venda\/\" style=\"border-top-left-radius:0px;border-top-right-radius:0px;border-bottom-left-radius:0px;border-bottom-right-radius:0px\">Abrir uma ocorr\u00eancia<\/a><\/div>\n<\/div>\n<\/div>\n<\/div>\n<\/div>\n\n<div style=\"height:100px\" aria-hidden=\"true\" class=\"wp-block-spacer\"><\/div>\n\n<div class=\"wp-block-columns sezione-faq-assistenza is-layout-flex wp-container-core-columns-is-layout-9d6595d7 wp-block-columns-is-layout-flex\">\n<div class=\"wp-block-column is-vertically-aligned-center is-layout-flow wp-block-column-is-layout-flow\" style=\"flex-basis:80%\">\n<h2 class=\"wp-block-heading\">Encontre respostas imediatas<\/h2>\n\n\n\n<p>D\u00ea uma vista de olhos \u00e0 nossa sec\u00e7\u00e3o FAQ.<br\/>Reunimos as respostas \u00e0s perguntas mais frequentes sobre instala\u00e7\u00e3o, homologa\u00e7\u00f5es e manuten\u00e7\u00e3o.<br\/>A solu\u00e7\u00e3o para o seu problema pode j\u00e1 estar \u00e0 dist\u00e2ncia de um clique.<\/p>\n<\/div>\n\n\n\n<div class=\"wp-block-column is-vertically-aligned-center is-layout-flow wp-block-column-is-layout-flow\" style=\"flex-basis:20%\">\n<div class=\"wp-block-buttons is-layout-flex wp-block-buttons-is-layout-flex\">\n<div class=\"wp-block-button\"><a class=\"wp-block-button__link has-white-color has-black-background-color has-text-color has-background has-link-color wp-element-button\" href=\"http:\/\/mivv2026.local\/pt-pt\/faq\/\" style=\"border-top-left-radius:0px;border-top-right-radius:0px;border-bottom-left-radius:0px;border-bottom-right-radius:0px\">Consulte as FAQ<\/a><\/div>\n<\/div>\n<\/div>\n<\/div>\n","protected":false},"excerpt":{"rendered":"<p>Assist\u00eancia Pr\u00e9-Venda Quer saber qual \u00e9 o escape perfeito para a sua moto? Se tiver d\u00favidas sobre a compatibilidade, o desempenho ou quiser um aconselhamento t\u00e9cnico antes de proceder \u00e0 compra, a nossa equipa comercial est\u00e1 \u00e0 sua disposi\u00e7\u00e3o. Assist\u00eancia P\u00f3s-Venda J\u00e1 adquiriu um produto MIVV e precisa de assist\u00eancia? Se tiver dificuldades na montagem [&hellip;]<\/p>\n","protected":false},"author":2,"featured_media":0,"parent":0,"menu_order":0,"comment_status":"closed","ping_status":"closed","template":"","meta":{"_acf_changed":false,"footnotes":""},"class_list":["post-1056","page","type-page","status-publish","hentry"],"acf":[],"_links":{"self":[{"href":"https:\/\/dev.mivv.com\/pt-pt\/wp-json\/wp\/v2\/pages\/1056","targetHints":{"allow":["GET"]}}],"collection":[{"href":"https:\/\/dev.mivv.com\/pt-pt\/wp-json\/wp\/v2\/pages"}],"about":[{"href":"https:\/\/dev.mivv.com\/pt-pt\/wp-json\/wp\/v2\/types\/page"}],"author":[{"embeddable":true,"href":"https:\/\/dev.mivv.com\/pt-pt\/wp-json\/wp\/v2\/users\/2"}],"replies":[{"embeddable":true,"href":"https:\/\/dev.mivv.com\/pt-pt\/wp-json\/wp\/v2\/comments?post=1056"}],"version-history":[{"count":4,"href":"https:\/\/dev.mivv.com\/pt-pt\/wp-json\/wp\/v2\/pages\/1056\/revisions"}],"predecessor-version":[{"id":3068,"href":"https:\/\/dev.mivv.com\/pt-pt\/wp-json\/wp\/v2\/pages\/1056\/revisions\/3068"}],"wp:attachment":[{"href":"https:\/\/dev.mivv.com\/pt-pt\/wp-json\/wp\/v2\/media?parent=1056"}],"curies":[{"name":"wp","href":"https:\/\/api.w.org\/{rel}","templated":true}]}}