{"id":105890,"date":"2026-01-16T10:14:46","date_gmt":"2026-01-16T09:14:46","guid":{"rendered":"https:\/\/dev.mivv.com\/whistleblowing\/"},"modified":"2026-04-23T15:28:52","modified_gmt":"2026-04-23T13:28:52","slug":"whistleblowing","status":"publish","type":"page","link":"https:\/\/dev.mivv.com\/pt-pt\/whistleblowing\/","title":{"rendered":"Whistleblowing"},"content":{"rendered":"\n<h1 class=\"wp-block-heading\">Canal de den\u00fancias<\/h1>\n\n<p>Na <strong>Mivv S.p.A.<\/strong>, a corre\u00e7\u00e3o da conduta empresarial e o respeito pelos princ\u00edpios \u00e9ticos s\u00e3o valores fundamentais. Em conformidade com este compromisso e em conformidade com o D.Lgs. 24\/2023 (transposi\u00e7\u00e3o da Diretiva Europeia 2019\/1937), implement\u00e1mos um sistema interno para a gest\u00e3o de den\u00fancias de il\u00edcitos, conhecido como <strong>Whistleblowing<\/strong>.<\/p>\n\n<h3 class=\"wp-block-heading\">O que \u00e9 o Whistleblowing?<\/h3>\n\n<p>O Whistleblowing \u00e9 a ferramenta que permite a qualquer pessoa que opere no contexto laboral da Mivv S.p.A. revelar espontaneamente viola\u00e7\u00f5es, riscos ou situa\u00e7\u00f5es de perigo que possam causar dano \u00e0 empresa, aos colegas, aos clientes ou ao interesse p\u00fablico.<\/p>\n\n<h3 class=\"wp-block-heading\">O nosso compromisso com a sua prote\u00e7\u00e3o<\/h3>\n\n<p>A Mivv S.p.A. promove uma cultura baseada na integridade e compromete-se a proteger quem decidir reportar um comportamento incorreto. Atrav\u00e9s do nosso canal dedicado, garantimos:<\/p>\n\n<ul class=\"wp-block-list has-black-color has-text-color has-link-color wp-elements-2b2003945ce7a3c03246c9e3d8502973\">\n<li><strong>M\u00e1xima Confidencialidade:<\/strong> A identidade do denunciante e os detalhes da den\u00fancia s\u00e3o protegidos em todas as fases do processo.<br\/><\/li>\n\n\n\n<li><strong>Transpar\u00eancia na Gest\u00e3o:<\/strong> Cada den\u00fancia recebe uma notifica\u00e7\u00e3o de rece\u00e7\u00e3o, uma investiga\u00e7\u00e3o cuidadosa e um retorno final.<br\/><\/li>\n\n\n\n<li><strong>Respostas Atempadas:<\/strong> Comprometemo-nos a fornecer uma resposta sobre o resultado da den\u00fancia dentro de 3 meses ap\u00f3s a notifica\u00e7\u00e3o de rece\u00e7\u00e3o.<\/li>\n<\/ul>\n\n<p>Acreditamos que a participa\u00e7\u00e3o ativa e respons\u00e1vel de todos \u00e9 essencial para manter um ambiente de trabalho saud\u00e1vel, seguro e \u00e9tico.<\/p>\n\n<div class=\"wp-block-buttons is-nowrap is-layout-flex wp-container-core-buttons-is-layout-ad2f72ca wp-block-buttons-is-layout-flex\">\n<div class=\"wp-block-button\"><a class=\"wp-block-button__link has-background wp-element-button\" href=\"https:\/\/areariservata.mygovernance.it\/#!\/WB\/M.I.V.V.\" style=\"border-top-left-radius:0px;border-top-right-radius:0px;border-bottom-left-radius:0px;border-bottom-right-radius:0px;background-color:#d10008\" target=\"_blank\" rel=\"noreferrer noopener nofollow\">Aceda ao Portal de Den\u00fancias Mivv SPA<\/a><\/div>\n\n\n\n<div class=\"wp-block-button\"><a class=\"wp-block-button__link has-background wp-element-button\" href=\"\/wp-content\/uploads\/2026\/01\/whistleblowing-Informativa-sito-mivv_compressed.pdf\" style=\"border-top-left-radius:0px;border-top-right-radius:0px;border-bottom-left-radius:0px;border-bottom-right-radius:0px;background-color:#d10008\" target=\"_blank\" rel=\"noreferrer noopener nofollow\">Descarregue a Informa\u00e7\u00e3o Completa (PDF)<\/a><\/div>\n<\/div>\n\n<p><\/p>\n","protected":false},"excerpt":{"rendered":"<p>Canal de den\u00fancias Na Mivv S.p.A., a corre\u00e7\u00e3o da conduta empresarial e o respeito pelos princ\u00edpios \u00e9ticos s\u00e3o valores fundamentais. Em conformidade com este compromisso e em conformidade com o D.Lgs. 24\/2023 (transposi\u00e7\u00e3o da Diretiva Europeia 2019\/1937), implement\u00e1mos um sistema interno para a gest\u00e3o de den\u00fancias de il\u00edcitos, conhecido como Whistleblowing. O que \u00e9 o [&hellip;]<\/p>\n","protected":false},"author":2,"featured_media":0,"parent":0,"menu_order":0,"comment_status":"closed","ping_status":"closed","template":"","meta":{"_acf_changed":false,"footnotes":""},"class_list":["post-105890","page","type-page","status-publish","hentry"],"acf":[],"_links":{"self":[{"href":"https:\/\/dev.mivv.com\/pt-pt\/wp-json\/wp\/v2\/pages\/105890","targetHints":{"allow":["GET"]}}],"collection":[{"href":"https:\/\/dev.mivv.com\/pt-pt\/wp-json\/wp\/v2\/pages"}],"about":[{"href":"https:\/\/dev.mivv.com\/pt-pt\/wp-json\/wp\/v2\/types\/page"}],"author":[{"embeddable":true,"href":"https:\/\/dev.mivv.com\/pt-pt\/wp-json\/wp\/v2\/users\/2"}],"replies":[{"embeddable":true,"href":"https:\/\/dev.mivv.com\/pt-pt\/wp-json\/wp\/v2\/comments?post=105890"}],"version-history":[{"count":1,"href":"https:\/\/dev.mivv.com\/pt-pt\/wp-json\/wp\/v2\/pages\/105890\/revisions"}],"predecessor-version":[{"id":105891,"href":"https:\/\/dev.mivv.com\/pt-pt\/wp-json\/wp\/v2\/pages\/105890\/revisions\/105891"}],"wp:attachment":[{"href":"https:\/\/dev.mivv.com\/pt-pt\/wp-json\/wp\/v2\/media?parent=105890"}],"curies":[{"name":"wp","href":"https:\/\/api.w.org\/{rel}","templated":true}]}}