{"id":1101,"date":"2026-02-03T17:29:12","date_gmt":"2026-02-03T16:29:12","guid":{"rendered":"http:\/\/mivv2026.local\/assistencia-ao-cliente-mivv\/assistencia-pre-venda\/"},"modified":"2026-02-16T17:51:19","modified_gmt":"2026-02-16T16:51:19","slug":"assistencia-pre-venda","status":"publish","type":"page","link":"https:\/\/dev.mivv.com\/pt-pt\/assistencia-ao-cliente-mivv\/assistencia-pre-venda\/","title":{"rendered":"Assist\u00eancia Pr\u00e9-Venda"},"content":{"rendered":"\n<h2 class=\"wp-block-heading\">Precisa de ajuda para escolher o escape perfeito?<\/h2>\n\n<p>Preencha o formul\u00e1rio abaixo para receber assist\u00eancia personalizada da nossa equipa t\u00e9cnica.<br\/>Quer esteja \u00e0 procura de informa\u00e7\u00f5es sobre compatibilidade, detalhes sobre desempenho ou esclarecimentos sobre as normas de homologa\u00e7\u00e3o, estamos aqui para lhe garantir uma compra segura e informada.<\/p>\n\n<div style=\"height:50px\" aria-hidden=\"true\" class=\"wp-block-spacer\"><\/div>\n\n<div class=\"wp-block-contact-form-7-contact-form-selector\">\n<div class=\"wpcf7 no-js\" id=\"wpcf7-f86154-o1\" lang=\"pt-PT\" dir=\"ltr\" data-wpcf7-id=\"86154\">\n<div class=\"screen-reader-response\"><p role=\"status\" aria-live=\"polite\" aria-atomic=\"true\"><\/p> <ul><\/ul><\/div>\n<form action=\"\/pt-pt\/wp-json\/wp\/v2\/pages\/1101#wpcf7-f86154-o1\" method=\"post\" class=\"wpcf7-form init\" aria-label=\"Formul\u00e1rio de contacto\" novalidate=\"novalidate\" data-status=\"init\">\n<fieldset class=\"hidden-fields-container\"><input type=\"hidden\" name=\"_wpcf7\" value=\"86154\" \/><input type=\"hidden\" name=\"_wpcf7_version\" value=\"6.1.5\" \/><input type=\"hidden\" name=\"_wpcf7_locale\" value=\"pt_PT\" \/><input type=\"hidden\" name=\"_wpcf7_unit_tag\" value=\"wpcf7-f86154-o1\" \/><input type=\"hidden\" name=\"_wpcf7_container_post\" value=\"0\" \/><input type=\"hidden\" name=\"_wpcf7_posted_data_hash\" value=\"\" \/>\n<\/fieldset>\n<div class=\"mivv-form-pre-vendita\">\n\t<fieldset>\n\t\t<legend>Os seus contactos\n\t\t<\/legend>\n\t\t<div class=\"mivv-grid-half\">\n\t\t\t<p><label for=\"pre-nome\"> Nome <\/label><br \/>\n<span class=\"wpcf7-form-control-wrap\" data-name=\"pre-first-name\"><input size=\"40\" maxlength=\"400\" class=\"wpcf7-form-control wpcf7-text wpcf7-validates-as-required\" id=\"pre-nome\" aria-required=\"true\" aria-invalid=\"false\" placeholder=\"Ex.: Mario\" value=\"\" type=\"text\" name=\"pre-first-name\" \/><\/span>\n\t\t\t<\/p>\n\t\t<\/div>\n\t\t<div class=\"mivv-grid-half\">\n\t\t\t<p><label for=\"pre-cognome\"> Apelido <\/label><br \/>\n<span class=\"wpcf7-form-control-wrap\" data-name=\"pre-last-name\"><input size=\"40\" maxlength=\"400\" class=\"wpcf7-form-control wpcf7-text wpcf7-validates-as-required\" id=\"pre-cognome\" aria-required=\"true\" aria-invalid=\"false\" placeholder=\"Ex.: Rossi\" value=\"\" type=\"text\" name=\"pre-last-name\" \/><\/span>\n\t\t\t<\/p>\n\t\t<\/div>\n\t\t<div class=\"mivv-grid-half\">\n\t\t\t<p><label for=\"pre-email\"> E-mail <\/label><br \/>\n<span class=\"wpcf7-form-control-wrap\" data-name=\"pre-email\"><input size=\"40\" maxlength=\"400\" class=\"wpcf7-form-control wpcf7-email wpcf7-validates-as-required wpcf7-text wpcf7-validates-as-email\" id=\"pre-email\" aria-required=\"true\" aria-invalid=\"false\" placeholder=\"email@exemplo.pt\" value=\"\" type=\"email\" name=\"pre-email\" \/><\/span>\n\t\t\t<\/p>\n\t\t<\/div>\n\t\t<div class=\"mivv-grid-half\">\n\t\t\t<p><label for=\"pre-tel\"> Telefone (opcional) <\/label><br \/>\n<span class=\"wpcf7-form-control-wrap\" data-name=\"pre-tel\"><input size=\"40\" maxlength=\"400\" class=\"wpcf7-form-control wpcf7-tel wpcf7-text wpcf7-validates-as-tel\" id=\"pre-tel\" aria-invalid=\"false\" placeholder=\"+39\" value=\"\" type=\"tel\" name=\"pre-tel\" \/><\/span>\n\t\t\t<\/p>\n\t\t<\/div>\n\t<\/fieldset>\n\t<fieldset>\n\t\t<legend>Dados da mota e pedido\n\t\t<\/legend>\n\t\t<div class=\"mivv-grid-half\">\n\t\t\t<p><label for=\"pre-moto\"> Marca e modelo da mota <\/label><br \/>\n<span class=\"wpcf7-form-control-wrap\" data-name=\"pre-moto\"><input size=\"40\" maxlength=\"400\" class=\"wpcf7-form-control wpcf7-text wpcf7-validates-as-required\" id=\"pre-moto\" aria-required=\"true\" aria-invalid=\"false\" placeholder=\"Ex.: Honda Hornet 600\" value=\"\" type=\"text\" name=\"pre-moto\" \/><\/span>\n\t\t\t<\/p>\n\t\t<\/div>\n\t\t<div class=\"mivv-grid-half\">\n\t\t\t<p><label for=\"pre-anno\"> Ano <\/label><br \/>\n<span class=\"wpcf7-form-control-wrap\" data-name=\"pre-anno\"><input size=\"40\" maxlength=\"400\" class=\"wpcf7-form-control wpcf7-text wpcf7-validates-as-required\" id=\"pre-anno\" aria-required=\"true\" aria-invalid=\"false\" placeholder=\"Ex.: 2024\" value=\"\" type=\"text\" name=\"pre-anno\" \/><\/span>\n\t\t\t<\/p>\n\t\t<\/div>\n\t\t<div class=\"mivv-grid-full\">\n\t\t\t<p><label for=\"pre-info\"> Do que precisa? <\/label><br \/>\n<span class=\"wpcf7-form-control-wrap\" data-name=\"pre-info\"><select class=\"wpcf7-form-control wpcf7-select wpcf7-validates-as-required\" id=\"pre-info\" aria-required=\"true\" aria-invalid=\"false\" name=\"pre-info\"><option value=\"\">&#8212;Por favor escolha uma op\u00e7\u00e3o&#8212;<\/option><option value=\"Informa\u00e7\u00f5es sobre compatibilidade\">Informa\u00e7\u00f5es sobre compatibilidade<\/option><option value=\"Conselho sobre est\u00e9tica\/som\">Conselho sobre est\u00e9tica\/som<\/option><option value=\"Dados t\u00e9cnicos e desempenho\">Dados t\u00e9cnicos e desempenho<\/option><option value=\"Onde comprar\">Onde comprar<\/option><option value=\"Outro\">Outro<\/option><\/select><\/span>\n\t\t\t<\/p>\n\t\t<\/div>\n\t\t<div class=\"mivv-grid-full\">\n\t\t\t<p><label for=\"pre-messaggio\"> A sua mensagem <\/label><br \/>\n<span class=\"wpcf7-form-control-wrap\" data-name=\"pre-message\"><textarea cols=\"40\" rows=\"5\" maxlength=\"2000\" class=\"wpcf7-form-control wpcf7-textarea wpcf7-validates-as-required\" id=\"pre-messaggio\" aria-required=\"true\" aria-invalid=\"false\" placeholder=\"Escreva aqui a sua pergunta...\" name=\"pre-message\"><\/textarea><\/span>\n\t\t\t<\/p>\n\t\t<\/div>\n\t<\/fieldset>\n\t<div class=\"mivv-form-footer\">\n\t\t<p><span class=\"wpcf7-form-control-wrap\" data-name=\"privacy\"><span class=\"wpcf7-form-control wpcf7-acceptance\"><span class=\"wpcf7-list-item\"><label><input type=\"checkbox\" name=\"privacy\" value=\"1\" aria-invalid=\"false\" \/><span class=\"wpcf7-list-item-label\">Aceito a Pol\u00edtica de Privacidade<\/span><\/label><\/span><\/span><\/span><br \/>\n<input class=\"wpcf7-form-control wpcf7-submit has-spinner btn btn-dark\" type=\"submit\" value=\"Pedir informa\u00e7\u00f5es\" \/>\n\t\t<\/p>\n\t<\/div>\n<\/div><div class=\"wpcf7-response-output\" aria-hidden=\"true\"><\/div>\n<\/form>\n<\/div>\n<\/div>\n","protected":false},"excerpt":{"rendered":"<p>Precisa de ajuda para escolher o escape perfeito? Preencha o formul\u00e1rio abaixo para receber assist\u00eancia personalizada da nossa equipa t\u00e9cnica.Quer esteja \u00e0 procura de informa\u00e7\u00f5es sobre compatibilidade, detalhes sobre desempenho ou esclarecimentos sobre as normas de homologa\u00e7\u00e3o, estamos aqui para lhe garantir uma compra segura e informada.<\/p>\n","protected":false},"author":2,"featured_media":0,"parent":1056,"menu_order":0,"comment_status":"closed","ping_status":"closed","template":"","meta":{"_acf_changed":false,"footnotes":""},"class_list":["post-1101","page","type-page","status-publish","hentry"],"acf":[],"_links":{"self":[{"href":"https:\/\/dev.mivv.com\/pt-pt\/wp-json\/wp\/v2\/pages\/1101","targetHints":{"allow":["GET"]}}],"collection":[{"href":"https:\/\/dev.mivv.com\/pt-pt\/wp-json\/wp\/v2\/pages"}],"about":[{"href":"https:\/\/dev.mivv.com\/pt-pt\/wp-json\/wp\/v2\/types\/page"}],"author":[{"embeddable":true,"href":"https:\/\/dev.mivv.com\/pt-pt\/wp-json\/wp\/v2\/users\/2"}],"replies":[{"embeddable":true,"href":"https:\/\/dev.mivv.com\/pt-pt\/wp-json\/wp\/v2\/comments?post=1101"}],"version-history":[{"count":1,"href":"https:\/\/dev.mivv.com\/pt-pt\/wp-json\/wp\/v2\/pages\/1101\/revisions"}],"predecessor-version":[{"id":1102,"href":"https:\/\/dev.mivv.com\/pt-pt\/wp-json\/wp\/v2\/pages\/1101\/revisions\/1102"}],"up":[{"embeddable":true,"href":"https:\/\/dev.mivv.com\/pt-pt\/wp-json\/wp\/v2\/pages\/1056"}],"wp:attachment":[{"href":"https:\/\/dev.mivv.com\/pt-pt\/wp-json\/wp\/v2\/media?parent=1101"}],"curies":[{"name":"wp","href":"https:\/\/api.w.org\/{rel}","templated":true}]}}