{"id":1173,"date":"2026-01-02T16:10:36","date_gmt":"2026-01-02T15:10:36","guid":{"rendered":"http:\/\/mivv2026.local\/contactos\/"},"modified":"2026-04-22T15:08:19","modified_gmt":"2026-04-22T13:08:19","slug":"contactos","status":"publish","type":"page","link":"https:\/\/dev.mivv.com\/pt-pt\/contactos\/","title":{"rendered":"Contactos"},"content":{"rendered":"\n<div class=\"wp-block-columns is-layout-flex wp-container-core-columns-is-layout-9d6595d7 wp-block-columns-is-layout-flex\">\n<div class=\"wp-block-column is-layout-flow wp-block-column-is-layout-flow\">\n<figure class=\"wp-block-image size-full is-resized\"><img decoding=\"async\" src=\"http:\/\/mivv2026.local\/wp-content\/uploads\/2025\/11\/logo-mivv.svg\" alt=\"\" class=\"wp-image-17\" style=\"width:300px\"\/><\/figure>\n\n\n\n<h2 class=\"wp-block-heading\">M.I.V.V. Metal Industria Val Vibrata S.p.a.<\/h2>\n\n\n\n<h3 class=\"wp-block-heading info margin-top-50\">Endere\u00e7o<\/h3>\n\n\n\n<p>Zona Industrial &#8211; 64027 Sant\u2019Omero (TE) &#8211; Abruzzo \u2013 It\u00e1lia<br\/>Telefone: <a href=\"tel:+39086181201\">+39 0861 81201<\/a><br\/>E-mail: <a href=\"mailto:moto@mivv.it\">moto@mivv.it<\/a><\/p>\n\n\n\n<div style=\"height:60px\" aria-hidden=\"true\" class=\"wp-block-spacer\"><\/div>\n\n\n\n<h3 class=\"wp-block-heading\">Onde estamos<\/h3>\n\n\n\n<iframe src=\"https:\/\/www.google.com\/maps\/embed?pb=!1m14!1m8!1m3!1d5996012.691228987!2d8.842106474551413!3d42.79383399999998!3m2!1i1024!2i768!4f13.1!3m3!1m2!1s0x1331ee25fe682393%3A0xdee26b587ea7ca19!2sMetal%20Industria%20Val%20Vibrata%20S.p.a.!5e0!3m2!1sit!2sus!4v1767369476669!5m2!1sit!2sus\" width=\"100%\" height=\"400\" style=\"border:0;\" allowfullscreen=\"\" loading=\"lazy\" referrerpolicy=\"no-referrer-when-downgrade\"><\/iframe>\r\n\n\n\n<div style=\"height:60px\" aria-hidden=\"true\" class=\"wp-block-spacer\"><\/div>\n\n\n\n<h3 class=\"wp-block-heading\">Gabinete de imprensa<\/h3>\n\n\n\n<p>Se quiser receber mais informa\u00e7\u00f5es sobre um artigo ou sobre um servi\u00e7o jornal\u00edstico espec\u00edfico, escreva para <a href=\"mailto:press@mivv.it\">press@mivv.it<\/a><br\/><br\/><\/p>\n<\/div>\n\n\n\n<div class=\"wp-block-column is-layout-flow wp-block-column-is-layout-flow\">\n<div class=\"wp-block-group contact-right\"><div class=\"wp-block-group__inner-container is-layout-constrained wp-block-group-is-layout-constrained\">\n<p class=\"contact-title\">Envie-nos uma mensagem<\/p>\n\n\n\n<div class=\"wpcf7 no-js\" id=\"wpcf7-f86140-o1\" lang=\"pt-PT\" dir=\"ltr\" data-wpcf7-id=\"86140\">\n<div class=\"screen-reader-response\"><p role=\"status\" aria-live=\"polite\" aria-atomic=\"true\"><\/p> <ul><\/ul><\/div>\n<form action=\"\/pt-pt\/wp-json\/wp\/v2\/pages\/1173#wpcf7-f86140-o1\" method=\"post\" class=\"wpcf7-form init\" aria-label=\"Formul\u00e1rio de contacto\" novalidate=\"novalidate\" data-status=\"init\">\n<fieldset class=\"hidden-fields-container\"><input type=\"hidden\" name=\"_wpcf7\" value=\"86140\" \/><input type=\"hidden\" name=\"_wpcf7_version\" value=\"6.1.5\" \/><input type=\"hidden\" name=\"_wpcf7_locale\" value=\"pt_PT\" \/><input type=\"hidden\" name=\"_wpcf7_unit_tag\" value=\"wpcf7-f86140-o1\" \/><input type=\"hidden\" name=\"_wpcf7_container_post\" value=\"0\" \/><input type=\"hidden\" name=\"_wpcf7_posted_data_hash\" value=\"\" \/>\n<\/fieldset>\n<div class=\"form-group\">\n\t<div class=\"contact-form form\">\n\t\t<div class=\"form-field margin-top-20 margin-bottom-25\">\n\t\t\t<p><label for=\"nome\">Nome<\/label><br \/>\n<span class=\"wpcf7-form-control-wrap\" data-name=\"nome\"><input size=\"40\" maxlength=\"400\" class=\"wpcf7-form-control wpcf7-text wpcf7-validates-as-required input-form\" aria-required=\"true\" aria-invalid=\"false\" value=\"Nome\" type=\"text\" name=\"nome\" \/><\/span>\n\t\t\t<\/p>\n\t\t<\/div>\n\t\t<div class=\"form-field margin-top-20 margin-bottom-25\">\n\t\t\t<p><label for=\"postaelettronica\">E-mail<\/label><br \/>\n<span class=\"wpcf7-form-control-wrap\" data-name=\"postaelettronica\"><input size=\"40\" maxlength=\"400\" class=\"wpcf7-form-control wpcf7-email wpcf7-validates-as-required wpcf7-text wpcf7-validates-as-email input-form\" aria-required=\"true\" aria-invalid=\"false\" value=\"E-mail\" type=\"email\" name=\"postaelettronica\" \/><\/span>\n\t\t\t<\/p>\n\t\t<\/div>\n\t\t<div class=\"form-field margin-top-20 margin-bottom-25\">\n\t\t\t<p><label for=\"textarea-784\">Mensagem<\/label><br \/>\n<span class=\"wpcf7-form-control-wrap\" data-name=\"textarea-784\"><textarea cols=\"30\" rows=\"5\" maxlength=\"2000\" class=\"wpcf7-form-control wpcf7-textarea wpcf7-validates-as-required input-form msgTextArea\" aria-required=\"true\" aria-invalid=\"false\" name=\"textarea-784\"><\/textarea><\/span>\n\t\t\t<\/p>\n\t\t<\/div>\n\t\t<p><span class=\"wpcf7-form-control-wrap\" data-name=\"acceptance-353\"><span class=\"wpcf7-form-control wpcf7-acceptance\"><span class=\"wpcf7-list-item\"><label><input type=\"checkbox\" name=\"acceptance-353\" value=\"1\" class=\"form-check-input\" aria-invalid=\"false\" \/><span class=\"wpcf7-list-item-label\">Declaro que li a <a href=\"\/privacy-policy\/\" target=\"_blank\">Pol\u00edtica de Privacidade<\/a> e autorizo o tratamento dos meus dados pessoais<\/span><\/label><\/span><\/span><\/span>\n\t\t<\/p>\n\t\t<div class=\"btn-wrapper desktop-right\">\n\t\t\t<p><input class=\"wpcf7-form-control wpcf7-submit has-spinner btn sm-btn\" type=\"submit\" value=\"Enviar\" \/>\n\t\t\t<\/p>\n\t\t<\/div>\n\t<\/div>\n<\/div><div class=\"wpcf7-response-output\" aria-hidden=\"true\"><\/div>\n<\/form>\n<\/div>\n\n<\/div><\/div>\n<\/div>\n<\/div>\n\n<p><\/p>\n","protected":false},"excerpt":{"rendered":"<p>M.I.V.V. Metal Industria Val Vibrata S.p.a. Endere\u00e7o Zona Industrial &#8211; 64027 Sant\u2019Omero (TE) &#8211; Abruzzo \u2013 It\u00e1liaTelefone: +39 0861 81201E-mail: moto@mivv.it Onde estamos Gabinete de imprensa Se quiser receber mais informa\u00e7\u00f5es sobre um artigo ou sobre um servi\u00e7o jornal\u00edstico espec\u00edfico, escreva para press@mivv.it Envie-nos uma mensagem<\/p>\n","protected":false},"author":1,"featured_media":0,"parent":0,"menu_order":0,"comment_status":"closed","ping_status":"closed","template":"","meta":{"_acf_changed":false,"footnotes":""},"class_list":["post-1173","page","type-page","status-publish","hentry"],"acf":[],"_links":{"self":[{"href":"https:\/\/dev.mivv.com\/pt-pt\/wp-json\/wp\/v2\/pages\/1173","targetHints":{"allow":["GET"]}}],"collection":[{"href":"https:\/\/dev.mivv.com\/pt-pt\/wp-json\/wp\/v2\/pages"}],"about":[{"href":"https:\/\/dev.mivv.com\/pt-pt\/wp-json\/wp\/v2\/types\/page"}],"author":[{"embeddable":true,"href":"https:\/\/dev.mivv.com\/pt-pt\/wp-json\/wp\/v2\/users\/1"}],"replies":[{"embeddable":true,"href":"https:\/\/dev.mivv.com\/pt-pt\/wp-json\/wp\/v2\/comments?post=1173"}],"version-history":[{"count":3,"href":"https:\/\/dev.mivv.com\/pt-pt\/wp-json\/wp\/v2\/pages\/1173\/revisions"}],"predecessor-version":[{"id":105445,"href":"https:\/\/dev.mivv.com\/pt-pt\/wp-json\/wp\/v2\/pages\/1173\/revisions\/105445"}],"wp:attachment":[{"href":"https:\/\/dev.mivv.com\/pt-pt\/wp-json\/wp\/v2\/media?parent=1173"}],"curies":[{"name":"wp","href":"https:\/\/api.w.org\/{rel}","templated":true}]}}