{"id":1247,"date":"2026-01-07T19:37:24","date_gmt":"2026-01-07T18:37:24","guid":{"rendered":"http:\/\/mivv2026.local\/historia\/"},"modified":"2026-03-05T16:50:07","modified_gmt":"2026-03-05T15:50:07","slug":"historia","status":"publish","type":"page","link":"https:\/\/dev.mivv.com\/pt-pt\/historia\/","title":{"rendered":"Hist\u00f3ria"},"content":{"rendered":"\n<h2 class=\"wp-block-heading has-text-align-center\" style=\"font-size:60px;font-style:normal;font-weight:700\">MIVV, escapes por paix\u00e3o<\/h2>\n\n<div style=\"height:25px\" aria-hidden=\"true\" class=\"wp-block-spacer\"><\/div>\n\n<p class=\"has-text-align-center\">Na origem de tudo est\u00e1 uma grande paix\u00e3o: os motores.<br\/>O ano \u00e9 1970; o local, a zona industrial da prov\u00edncia de Teramo, na \u00dambria.<br\/>\u00c9 a\u00ed que nasce a Metal Industria Val Vibrata, conhecida desde o in\u00edcio como MIVV.<\/p>\n\n<div style=\"height:50px\" aria-hidden=\"true\" class=\"wp-block-spacer\"><\/div>\n<div class=\"wp-block-image\">\n<figure class=\"aligncenter size-large\"><img loading=\"lazy\" decoding=\"async\" width=\"1024\" height=\"303\" src=\"http:\/\/mivv2026.local\/wp-content\/uploads\/2026\/01\/stabilimenti-1-1024x303.jpg\" alt=\"Unidades de produ&#xE7;&#xE3;o MIVV\" class=\"wp-image-163\" srcset=\"https:\/\/dev.mivv.com\/wp-content\/uploads\/2026\/01\/stabilimenti-1-1024x303.jpg 1024w, https:\/\/dev.mivv.com\/wp-content\/uploads\/2026\/01\/stabilimenti-1-600x178.jpg 600w, https:\/\/dev.mivv.com\/wp-content\/uploads\/2026\/01\/stabilimenti-1-300x89.jpg 300w, https:\/\/dev.mivv.com\/wp-content\/uploads\/2026\/01\/stabilimenti-1-768x227.jpg 768w, https:\/\/dev.mivv.com\/wp-content\/uploads\/2026\/01\/stabilimenti-1.jpg 1200w\" sizes=\"auto, (max-width: 1024px) 100vw, 1024px\" \/><\/figure>\n<\/div>\n<div style=\"height:50px\" aria-hidden=\"true\" class=\"wp-block-spacer\"><\/div>\n\n<p class=\"has-text-align-center\">As duas rodas ainda est\u00e3o distantes: come\u00e7amos por produzir apenas escapes para autom\u00f3veis e fizemo-lo durante mais de vinte anos, com sucesso razo\u00e1vel, o suficiente para que em 1982 e 1988 fossem constru\u00eddas a segunda e a terceira unidade de produ\u00e7\u00e3o.<\/p>\n\n<p class=\"has-text-align-center\">Nesses 25 mil metros quadrados, ecoa, no entanto, outro rugido, o das motos. S\u00e3o os anos noventa e a nossa empresa come\u00e7a a complementar, \u00e0 produ\u00e7\u00e3o de escapes para autom\u00f3veis, a produ\u00e7\u00e3o de escapes para motos.<\/p>\n\n<div style=\"height:50px\" aria-hidden=\"true\" class=\"wp-block-spacer\"><\/div>\n\n<div class=\"wp-block-group\"><div class=\"wp-block-group__inner-container is-layout-constrained wp-block-group-is-layout-constrained\">\n<h2 class=\"wp-block-heading has-text-align-center\" style=\"font-size:60px;font-style:normal;font-weight:700\">Na vanguarda desde 1970<\/h2>\n\n\n\n<div style=\"height:25px\" aria-hidden=\"true\" class=\"wp-block-spacer\"><\/div>\n\n\n\n<p class=\"has-text-align-center\">O tra\u00e7o distintivo desta hist\u00f3ria \u00e9 dado pela compet\u00eancia da empresa: um n\u00edvel elevad\u00edssimo que permite projetar e produzir escapes para motos com alto conte\u00fado tecnol\u00f3gico, concebidos e fabricados para satisfazer as necessidades dos fabricantes de motociclos e dos pr\u00f3prios motociclistas.<\/p>\n\n\n\n<p class=\"has-text-align-center\">O nosso objetivo era e continua a ser o mesmo: fornecer ponteiras de escape fi\u00e1veis e capazes de garantir o m\u00e1ximo em termos de desempenho e emo\u00e7\u00f5es. Um objetivo que nos levou a alcan\u00e7ar grandes alturas, tamb\u00e9m no mundo do racing, onde colabor\u00e1mos com equipas oficiais envolvidas em campeonatos italianos, europeus e mundiais.<\/p>\n\n\n\n<div style=\"height:50px\" aria-hidden=\"true\" class=\"wp-block-spacer\"><\/div>\n\n\n<div class=\"wp-block-image\">\n<figure class=\"aligncenter size-large\"><img loading=\"lazy\" decoding=\"async\" width=\"1024\" height=\"330\" src=\"http:\/\/mivv2026.local\/wp-content\/uploads\/2026\/01\/tecnologia-1024x330.jpg\" alt=\"\" class=\"wp-image-166\" srcset=\"https:\/\/dev.mivv.com\/wp-content\/uploads\/2026\/01\/tecnologia-1024x330.jpg 1024w, https:\/\/dev.mivv.com\/wp-content\/uploads\/2026\/01\/tecnologia-600x194.jpg 600w, https:\/\/dev.mivv.com\/wp-content\/uploads\/2026\/01\/tecnologia-300x97.jpg 300w, https:\/\/dev.mivv.com\/wp-content\/uploads\/2026\/01\/tecnologia-768x248.jpg 768w, https:\/\/dev.mivv.com\/wp-content\/uploads\/2026\/01\/tecnologia.jpg 1200w\" sizes=\"auto, (max-width: 1024px) 100vw, 1024px\" \/><\/figure>\n<\/div><\/div><\/div>\n\n<div style=\"height:100px\" aria-hidden=\"true\" class=\"wp-block-spacer\"><\/div>\n","protected":false},"excerpt":{"rendered":"<p>MIVV, escapes por paix\u00e3o Na origem de tudo est\u00e1 uma grande paix\u00e3o: os motores.O ano \u00e9 1970; o local, a zona industrial da prov\u00edncia de Teramo, na \u00dambria.\u00c9 a\u00ed que nasce a Metal Industria Val Vibrata, conhecida desde o in\u00edcio como MIVV. As duas rodas ainda est\u00e3o distantes: come\u00e7amos por produzir apenas escapes para autom\u00f3veis [&hellip;]<\/p>\n","protected":false},"author":1,"featured_media":3417,"parent":0,"menu_order":0,"comment_status":"closed","ping_status":"closed","template":"","meta":{"_acf_changed":false,"footnotes":""},"class_list":["post-1247","page","type-page","status-publish","has-post-thumbnail","hentry"],"acf":[],"_links":{"self":[{"href":"https:\/\/dev.mivv.com\/pt-pt\/wp-json\/wp\/v2\/pages\/1247","targetHints":{"allow":["GET"]}}],"collection":[{"href":"https:\/\/dev.mivv.com\/pt-pt\/wp-json\/wp\/v2\/pages"}],"about":[{"href":"https:\/\/dev.mivv.com\/pt-pt\/wp-json\/wp\/v2\/types\/page"}],"author":[{"embeddable":true,"href":"https:\/\/dev.mivv.com\/pt-pt\/wp-json\/wp\/v2\/users\/1"}],"replies":[{"embeddable":true,"href":"https:\/\/dev.mivv.com\/pt-pt\/wp-json\/wp\/v2\/comments?post=1247"}],"version-history":[{"count":1,"href":"https:\/\/dev.mivv.com\/pt-pt\/wp-json\/wp\/v2\/pages\/1247\/revisions"}],"predecessor-version":[{"id":1248,"href":"https:\/\/dev.mivv.com\/pt-pt\/wp-json\/wp\/v2\/pages\/1247\/revisions\/1248"}],"wp:featuredmedia":[{"embeddable":true,"href":"https:\/\/dev.mivv.com\/pt-pt\/wp-json\/wp\/v2\/media\/3417"}],"wp:attachment":[{"href":"https:\/\/dev.mivv.com\/pt-pt\/wp-json\/wp\/v2\/media?parent=1247"}],"curies":[{"name":"wp","href":"https:\/\/api.w.org\/{rel}","templated":true}]}}