{"id":1539,"date":"2026-01-16T10:10:02","date_gmt":"2026-01-16T09:10:02","guid":{"rendered":"http:\/\/mivv2026.local\/codigo-de-etica\/"},"modified":"2026-02-27T18:09:44","modified_gmt":"2026-02-27T17:09:44","slug":"codigo-de-etica","status":"publish","type":"page","link":"https:\/\/dev.mivv.com\/pt-pt\/codigo-de-etica\/","title":{"rendered":"C\u00f3digo de \u00c9tica"},"content":{"rendered":"\n<h2 class=\"wp-block-heading\">\u00c9tica e Responsabilidade Social: O Nosso Compromisso<\/h2>\n\n<p>Na MIVV SpA, acreditamos que o sucesso empresarial n\u00e3o pode prescindir de uma conduta \u00e9tica rigorosa e de um profundo sentido de responsabilidade para com a comunidade e o ambiente. Por este motivo, adot\u00e1mos um C\u00f3digo de \u00c9tica e uma Pol\u00edtica de Responsabilidade Social que orientam cada uma das nossas a\u00e7\u00f5es di\u00e1rias.<\/p>\n\n<p>A nossa atua\u00e7\u00e3o baseia-se nos princ\u00edpios da norma UNI EN ISO 26000:2020, atrav\u00e9s dos quais nos comprometemos constantemente a garantir:<\/p>\n\n<ul class=\"wp-block-list has-black-color has-text-color has-link-color wp-elements-bf2cb82e70087de8641a3fc3314cc02c\">\n<li>Transpar\u00eancia e Accountability: Prestamos contas do impacto das nossas decis\u00f5es sobre os stakeholders, a sociedade e a economia.<\/li>\n\n\n\n<li>Respeito pelos Direitos Humanos: Promovemos a dignidade, a igualdade e a liberdade, rejeitando qualquer forma de discrimina\u00e7\u00e3o ou explora\u00e7\u00e3o. (poloinnovativo.it)<\/li>\n\n\n\n<li>Prote\u00e7\u00e3o do Trabalho: Garantimos aos nossos colaboradores condi\u00e7\u00f5es de trabalho justas, sa\u00fade, seguran\u00e7a e oportunidades de crescimento profissional.<\/li>\n\n\n\n<li>Sustentabilidade Ambiental: Agimos ativamente para prevenir a polui\u00e7\u00e3o, reduzir os res\u00edduos e utilizar os recursos de forma eficiente e renov\u00e1vel.<\/li>\n\n\n\n<li>Integridade nos Neg\u00f3cios: Operamos com lealdade no mercado, combatendo a corrup\u00e7\u00e3o e respeitando as normas de concorr\u00eancia.<\/li>\n<\/ul>\n\n<p>Este documento de s\u00edntese representa a b\u00fassola de valores para todos os membros da nossa organiza\u00e7\u00e3o e para os parceiros que colaboram connosco.<sup><\/sup><sup><\/sup><sup><\/sup><sup><\/sup>. \u00c9 a demonstra\u00e7\u00e3o do nosso compromisso em criar um valor sustent\u00e1vel ao longo do tempo, para a empresa e para o territ\u00f3rio.<sup><\/sup><sup><\/sup><sup><\/sup><sup><\/sup><sup><\/sup><sup><\/sup><sup><\/sup><sup><\/sup><sup><\/sup>.<\/p>\n\n<div class=\"wp-block-buttons is-content-justification-center is-layout-flex wp-container-core-buttons-is-layout-16018d1d wp-block-buttons-is-layout-flex\">\n<div class=\"wp-block-button\"><a class=\"wp-block-button__link has-background wp-element-button\" href=\"\/wp-content\/uploads\/2026\/01\/sintesi_codice_etico_e_politica_it_mivv_compressed.pdf\" style=\"border-top-left-radius:0px;border-top-right-radius:0px;border-bottom-left-radius:0px;border-bottom-right-radius:0px;background-color:#d10008\" target=\"_blank\" rel=\"noreferrer noopener nofollow\">Descarregar a S\u00edntese do C\u00f3digo de \u00c9tica e da Pol\u00edtica Empresarial (PDF)<\/a><\/div>\n<\/div>\n","protected":false},"excerpt":{"rendered":"<p>\u00c9tica e Responsabilidade Social: O Nosso Compromisso Na MIVV SpA, acreditamos que o sucesso empresarial n\u00e3o pode prescindir de uma conduta \u00e9tica rigorosa e de um profundo sentido de responsabilidade para com a comunidade e o ambiente. Por este motivo, adot\u00e1mos um C\u00f3digo de \u00c9tica e uma Pol\u00edtica de Responsabilidade Social que orientam cada uma [&hellip;]<\/p>\n","protected":false},"author":2,"featured_media":0,"parent":0,"menu_order":0,"comment_status":"closed","ping_status":"closed","template":"","meta":{"_acf_changed":false,"footnotes":""},"class_list":["post-1539","page","type-page","status-publish","hentry"],"acf":[],"_links":{"self":[{"href":"https:\/\/dev.mivv.com\/pt-pt\/wp-json\/wp\/v2\/pages\/1539","targetHints":{"allow":["GET"]}}],"collection":[{"href":"https:\/\/dev.mivv.com\/pt-pt\/wp-json\/wp\/v2\/pages"}],"about":[{"href":"https:\/\/dev.mivv.com\/pt-pt\/wp-json\/wp\/v2\/types\/page"}],"author":[{"embeddable":true,"href":"https:\/\/dev.mivv.com\/pt-pt\/wp-json\/wp\/v2\/users\/2"}],"replies":[{"embeddable":true,"href":"https:\/\/dev.mivv.com\/pt-pt\/wp-json\/wp\/v2\/comments?post=1539"}],"version-history":[{"count":1,"href":"https:\/\/dev.mivv.com\/pt-pt\/wp-json\/wp\/v2\/pages\/1539\/revisions"}],"predecessor-version":[{"id":1540,"href":"https:\/\/dev.mivv.com\/pt-pt\/wp-json\/wp\/v2\/pages\/1539\/revisions\/1540"}],"wp:attachment":[{"href":"https:\/\/dev.mivv.com\/pt-pt\/wp-json\/wp\/v2\/media?parent=1539"}],"curies":[{"name":"wp","href":"https:\/\/api.w.org\/{rel}","templated":true}]}}