{"id":203,"date":"2026-01-07T19:18:53","date_gmt":"2026-01-07T18:18:53","guid":{"rendered":"https:\/\/mivv2026.local\/quem-somos\/"},"modified":"2026-04-23T15:37:42","modified_gmt":"2026-04-23T13:37:42","slug":"quem-somos","status":"publish","type":"page","link":"https:\/\/dev.mivv.com\/pt-pt\/quem-somos\/","title":{"rendered":"Quem somos"},"content":{"rendered":"\n<div class=\"wp-block-columns is-layout-flex wp-container-core-columns-is-layout-9d6595d7 wp-block-columns-is-layout-flex\">\n<div class=\"wp-block-column is-vertically-aligned-center is-layout-flow wp-block-column-is-layout-flow\">\n<h2 class=\"wp-block-heading\" style=\"font-size:60px;font-style:normal;font-weight:700\">Puro estilo italiano<\/h2>\n\n\n\n<p><strong>O escape premium para motos exclusivas<\/strong><\/p>\n\n\n\n<div style=\"height:25px\" aria-hidden=\"true\" class=\"wp-block-spacer\"><\/div>\n\n\n\n<p>A Mivv \u00e9 uma empresa l\u00edder na cria\u00e7\u00e3o de sistemas de escape premium para motociclos que oferecem uma combina\u00e7\u00e3o perfeita entre desempenho e emo\u00e7\u00f5es envolventes.<\/p>\n\n\n\n<p>Desde a sua funda\u00e7\u00e3o em 1970, atravess\u00e1mos per\u00edodos de crescimento extraordin\u00e1rio, contando atualmente com 160 colaboradores distribu\u00eddos por 3 unidades produtivas que ocupam uma \u00e1rea total de 25.000 m\u00b2. Os nossos produtos est\u00e3o dispon\u00edveis em mais de 40 pa\u00edses em todo o mundo, testemunhando a nossa presen\u00e7a global.<\/p>\n\n\n\n<p>Os nossos sistemas de escape aftermarket s\u00e3o o resultado de uma investiga\u00e7\u00e3o constante dos materiais mais inovadores e das solu\u00e7\u00f5es de design mais apelativas. Cada detalhe \u00e9 cuidadosamente estudado para garantir n\u00e3o s\u00f3 um aumento de desempenho, mas tamb\u00e9m um som inimit\u00e1vel que transmite uma sensa\u00e7\u00e3o \u00fanica aos apaixonados pelas duas rodas.<\/p>\n<\/div>\n\n\n\n<div class=\"wp-block-column is-vertically-aligned-top is-layout-flow wp-block-column-is-layout-flow\"><div class=\"wp-block-image\">\n<figure class=\"alignright size-full\"><img loading=\"lazy\" decoding=\"async\" width=\"1800\" height=\"1600\" src=\"http:\/\/mivv2026.local\/wp-content\/uploads\/2026\/03\/mivv-design-prodotti-1.jpg\" alt=\"\" class=\"wp-image-3461\" style=\"object-fit:cover\" srcset=\"https:\/\/dev.mivv.com\/wp-content\/uploads\/2026\/03\/mivv-design-prodotti-1.jpg 1800w, https:\/\/dev.mivv.com\/wp-content\/uploads\/2026\/03\/mivv-design-prodotti-1-300x267.jpg 300w, https:\/\/dev.mivv.com\/wp-content\/uploads\/2026\/03\/mivv-design-prodotti-1-1024x910.jpg 1024w, https:\/\/dev.mivv.com\/wp-content\/uploads\/2026\/03\/mivv-design-prodotti-1-768x683.jpg 768w, https:\/\/dev.mivv.com\/wp-content\/uploads\/2026\/03\/mivv-design-prodotti-1-1536x1365.jpg 1536w, https:\/\/dev.mivv.com\/wp-content\/uploads\/2026\/03\/mivv-design-prodotti-1-600x533.jpg 600w\" sizes=\"auto, (max-width: 1800px) 100vw, 1800px\" \/><\/figure>\n<\/div><\/div>\n<\/div>\n\n<div class=\"wp-block-columns inverti-mobile is-layout-flex wp-container-core-columns-is-layout-9d6595d7 wp-block-columns-is-layout-flex\">\n<div class=\"wp-block-column is-layout-flow wp-block-column-is-layout-flow\" style=\"flex-basis:50%\"><div class=\"wp-block-image\">\n<figure class=\"alignleft size-full\"><img loading=\"lazy\" decoding=\"async\" width=\"1280\" height=\"1138\" src=\"http:\/\/mivv2026.local\/wp-content\/uploads\/2026\/03\/mivv-chi-siamo-2.jpg\" alt=\"\" class=\"wp-image-3477\" style=\"object-fit:cover\" srcset=\"https:\/\/dev.mivv.com\/wp-content\/uploads\/2026\/03\/mivv-chi-siamo-2.jpg 1280w, https:\/\/dev.mivv.com\/wp-content\/uploads\/2026\/03\/mivv-chi-siamo-2-300x267.jpg 300w, https:\/\/dev.mivv.com\/wp-content\/uploads\/2026\/03\/mivv-chi-siamo-2-1024x910.jpg 1024w, https:\/\/dev.mivv.com\/wp-content\/uploads\/2026\/03\/mivv-chi-siamo-2-768x683.jpg 768w, https:\/\/dev.mivv.com\/wp-content\/uploads\/2026\/03\/mivv-chi-siamo-2-600x533.jpg 600w\" sizes=\"auto, (max-width: 1280px) 100vw, 1280px\" \/><\/figure>\n<\/div><\/div>\n\n\n\n<div class=\"wp-block-column is-vertically-aligned-center is-layout-flow wp-block-column-is-layout-flow\" style=\"flex-basis:50%\">\n<h2 class=\"wp-block-heading\" style=\"font-size:60px;font-style:normal;font-weight:700\">Paix\u00e3o racing<\/h2>\n\n\n\n<p><strong>Tecnologia e artesanato italiano<\/strong><\/p>\n\n\n\n<div style=\"height:25px\" aria-hidden=\"true\" class=\"wp-block-spacer\"><\/div>\n\n\n\n<p>Comprometemo-nos constantemente com o crescimento tecnol\u00f3gico, impulsionados por uma paix\u00e3o e uma determina\u00e7\u00e3o sem limites. \u00c9 precisamente esta dedica\u00e7\u00e3o que nos permitiu alcan\u00e7ar marcos importantes em todos os principais mercados mundiais.<\/p>\n\n\n\n<p>A nossa experi\u00eancia no setor das competi\u00e7\u00f5es desempenhou um papel fundamental no nosso sucesso. Colaboramos com equipas de alto n\u00edvel envolvidas nos Campeonatos Italianos, Europeus e Mundiais, que nos forneceram conhecimentos e compet\u00eancias \u00fanicas para desenvolver produtos premium de qualidade superior.<\/p>\n\n\n\n<p>Ao escolher a Mivv, obt\u00e9m-se n\u00e3o apenas um sistema de escape premium, mas tamb\u00e9m um \u00edcone do estilo italiano que alia design e desempenho incompar\u00e1veis. As nossas solu\u00e7\u00f5es s\u00e3o uma express\u00e3o de paix\u00e3o e de artesanato italiano e conferem um toque distintivo a cada motociclo.<\/p>\n\n\n\n<div style=\"height:25px\" aria-hidden=\"true\" class=\"wp-block-spacer\"><\/div>\n\n\n\n<div class=\"wp-block-buttons is-layout-flex wp-block-buttons-is-layout-flex\">\n<div class=\"wp-block-button is-style-outline is-style-outline--1\"><a class=\"wp-block-button__link has-black-color has-text-color has-link-color has-text-align-center wp-element-button\" href=\"https:\/\/dev.mivv.com\/pt-pt\/escapes\/\" style=\"border-top-left-radius:0px;border-top-right-radius:0px;border-bottom-left-radius:0px;border-bottom-right-radius:0px;font-style:normal;font-weight:600;text-transform:uppercase\">Descubra os escapes Mivv<\/a><\/div>\n<\/div>\n<\/div>\n<\/div>\n\n<div style=\"height:100px\" aria-hidden=\"true\" class=\"wp-block-spacer\"><\/div>\n\n<p class=\"has-text-align-center\" style=\"font-size:50px;font-style:normal;font-weight:700;letter-spacing:0px\"><strong>O nosso desafio?<\/strong><\/p>\n\n<p class=\"has-text-align-center\" style=\"letter-spacing:0px\"><strong>Oferecer sistemas de escape premium capazes de garantir o m\u00e1ximo em termos de desempenho e emo\u00e7\u00f5es.<\/strong><\/p>\n\n<div style=\"height:50px\" aria-hidden=\"true\" class=\"wp-block-spacer\"><\/div>\n\n<div class=\"wp-block-group is-content-justification-center is-layout-flex wp-container-core-group-is-layout-64b26803 wp-block-group-is-layout-flex\">\n<iframe loading=\"lazy\" width=\"1120\" height=\"630\" src=\"https:\/\/www.youtube.com\/embed\/UmKH0TesqWk?si=PDE7C8kgL7EDvLXn\" title=\"Reprodutor de v\u00eddeo do YouTube<br>&#8221; frameborder=&#8221;0&#8243; allow=&#8221;accelerometer; autoplay; clipboard-write; encrypted-media; gyroscope; picture-in-picture; web-share&#8221; referrerpolicy=&#8221;strict-origin-when-cross-origin&#8221; allowfullscreen=&#8221;&#8221;><\/iframe>\r\n<\/div>\n","protected":false},"excerpt":{"rendered":"<p>Puro estilo italiano O escape premium para motos exclusivas A Mivv \u00e9 uma empresa l\u00edder na cria\u00e7\u00e3o de sistemas de escape premium para motociclos que oferecem uma combina\u00e7\u00e3o perfeita entre desempenho e emo\u00e7\u00f5es envolventes. Desde a sua funda\u00e7\u00e3o em 1970, atravess\u00e1mos per\u00edodos de crescimento extraordin\u00e1rio, contando atualmente com 160 colaboradores distribu\u00eddos por 3 unidades produtivas [&hellip;]<\/p>\n","protected":false},"author":1,"featured_media":0,"parent":0,"menu_order":0,"comment_status":"closed","ping_status":"closed","template":"","meta":{"_acf_changed":false,"footnotes":""},"class_list":["post-203","page","type-page","status-publish","hentry"],"acf":[],"_links":{"self":[{"href":"https:\/\/dev.mivv.com\/pt-pt\/wp-json\/wp\/v2\/pages\/203","targetHints":{"allow":["GET"]}}],"collection":[{"href":"https:\/\/dev.mivv.com\/pt-pt\/wp-json\/wp\/v2\/pages"}],"about":[{"href":"https:\/\/dev.mivv.com\/pt-pt\/wp-json\/wp\/v2\/types\/page"}],"author":[{"embeddable":true,"href":"https:\/\/dev.mivv.com\/pt-pt\/wp-json\/wp\/v2\/users\/1"}],"replies":[{"embeddable":true,"href":"https:\/\/dev.mivv.com\/pt-pt\/wp-json\/wp\/v2\/comments?post=203"}],"version-history":[{"count":12,"href":"https:\/\/dev.mivv.com\/pt-pt\/wp-json\/wp\/v2\/pages\/203\/revisions"}],"predecessor-version":[{"id":105906,"href":"https:\/\/dev.mivv.com\/pt-pt\/wp-json\/wp\/v2\/pages\/203\/revisions\/105906"}],"wp:attachment":[{"href":"https:\/\/dev.mivv.com\/pt-pt\/wp-json\/wp\/v2\/media?parent=203"}],"curies":[{"name":"wp","href":"https:\/\/api.w.org\/{rel}","templated":true}]}}