{"id":102026,"date":"2026-04-21T14:54:45","date_gmt":"2026-04-21T12:54:45","guid":{"rendered":"https:\/\/dev.mivv.com\/scarico-moto\/h-093-sm3c-honda-cbr-500-r-2024-2026\/"},"modified":"2026-04-21T14:54:45","modified_gmt":"2026-04-21T12:54:45","slug":"h-093-sm3c-honda-cbr-500-r-2024-2026","status":"publish","type":"product","link":"https:\/\/dev.mivv.com\/pt-pt\/product\/h-093-sm3c-honda-cbr-500-r-2024-2026\/","title":{"rendered":"H.093.SM3C &#8211; HONDA CBR 500 R 2024 > 2026"},"content":{"rendered":"<p>Concebidos para melhorar a <strong>est\u00e9tica, som e desempenho<\/strong> da moto, os Escapes mont\u00e1veis da Mivv s\u00e3o o resultado da m\u00e1xima aten\u00e7\u00e3o ao design, com o objetivo de satisfazer aqueles que se querem <strong>distinguir<\/strong> pelo <strong>aspeto<\/strong> das suas motos.<\/p>\n<p>A linha <strong>MK3<\/strong>, resultante da experi\u00eancia adquirida nos campeonatos mundiais de <strong>Moto3 e Moto2<\/strong>, \u00e9 a s\u00edntese perfeita entre <strong>desempenho e tecnologia<\/strong>. Com um <strong>design<\/strong> semelhante aos escapes feitos para <strong>compeonatos mundiais de Moto3<\/strong>, o MK3 \u00e9 um produto <strong>compacto<\/strong>, capaz de libertar o cativante <strong>som da mivv<\/strong>.<\/p>\n<p>A vers\u00e3o de Carbono apresenta um corpo central em <strong>carbono brilhante<\/strong> que, em combina\u00e7\u00e3o com a rede de prote\u00e7\u00e3o na tampa de sa\u00edda, confere ao produto um <strong>aspeto<\/strong> particularmente <strong>de alta tecnologia.<\/strong><\/p>\n","protected":false},"excerpt":{"rendered":"<p>N\u00c3O APROVADO. A instala\u00e7\u00e3o deste sistema de escape sem a switch-off key pode fazer com que a luz de aviso do motor se acenda.<\/p>\n","protected":false},"featured_media":64181,"template":"","meta":{"_acf_changed":false},"product_brand":[24192,24171,23849],"product_cat":[705],"product_tag":[],"class_list":{"0":"post-102026","1":"product","2":"type-product","3":"status-publish","4":"has-post-thumbnail","6":"product_brand-2024-2026-625","7":"product_brand-cbr-500-r","8":"product_brand-honda","9":"product_cat-slip-on","11":"first","12":"instock","13":"shipping-taxable","14":"product-type-simple"},"acf":[],"_links":{"self":[{"href":"https:\/\/dev.mivv.com\/pt-pt\/wp-json\/wp\/v2\/product\/102026","targetHints":{"allow":["GET"]}}],"collection":[{"href":"https:\/\/dev.mivv.com\/pt-pt\/wp-json\/wp\/v2\/product"}],"about":[{"href":"https:\/\/dev.mivv.com\/pt-pt\/wp-json\/wp\/v2\/types\/product"}],"wp:featuredmedia":[{"embeddable":true,"href":"https:\/\/dev.mivv.com\/pt-pt\/wp-json\/wp\/v2\/media\/64181"}],"wp:attachment":[{"href":"https:\/\/dev.mivv.com\/pt-pt\/wp-json\/wp\/v2\/media?parent=102026"}],"wp:term":[{"taxonomy":"product_brand","embeddable":true,"href":"https:\/\/dev.mivv.com\/pt-pt\/wp-json\/wp\/v2\/product_brand?post=102026"},{"taxonomy":"product_cat","embeddable":true,"href":"https:\/\/dev.mivv.com\/pt-pt\/wp-json\/wp\/v2\/product_cat?post=102026"},{"taxonomy":"product_tag","embeddable":true,"href":"https:\/\/dev.mivv.com\/pt-pt\/wp-json\/wp\/v2\/product_tag?post=102026"}],"curies":[{"name":"wp","href":"https:\/\/api.w.org\/{rel}","templated":true}]}}