{"id":102607,"date":"2026-04-21T15:00:09","date_gmt":"2026-04-21T13:00:09","guid":{"rendered":"https:\/\/dev.mivv.com\/scarico-moto\/d-053-ldkt-ducati-desert-x-2025-2025\/"},"modified":"2026-04-21T15:00:09","modified_gmt":"2026-04-21T13:00:09","slug":"d-053-ldkt-ducati-desert-x-2025-2025","status":"publish","type":"product","link":"https:\/\/dev.mivv.com\/pt-pt\/product\/d-053-ldkt-ducati-desert-x-2025-2025\/","title":{"rendered":"D.053.LDKT \u2013 DUCATI DESERT X 2025 > 2025"},"content":{"rendered":"<p>Concebidos para melhorar a <strong>est\u00e9tica, som e desempenho<\/strong> da moto, os Escapes mont\u00e1veis da Mivv s\u00e3o o resultado da m\u00e1xima aten\u00e7\u00e3o ao design, com o objetivo de satisfazer aqueles que se querem <strong>distinguir<\/strong> pelo <strong>aspeto<\/strong> das suas motos.<\/p>\n<p>O projeto Dakar \u00e9 o resultado da experi\u00eancia da I&#038;D no \u00e2mbito das <strong>competi\u00e7\u00f5es de rali<\/strong>. <\/p>\n<p>O resultado obtido \u00e9 um <strong>escape essencial e robusto<\/strong> adequado para aqueles que preferem um off road mais <strong>exigente<\/strong>.<\/p>\n<p>O escape\u00a0\u00e9 feito\u00a0<strong>de tit\u00e2nio<\/strong> com a adi\u00e7\u00e3o de um acabamento especial &#8220;<strong>perlead<\/strong>&#8221; que o torna &#8220;<strong>altamente resistente<\/strong>.&#8221;<\/p>\n","protected":false},"excerpt":{"rendered":"<p>Concebidos para melhorar a est\u00e9tica, som e desempenho da moto, os Escapes mont\u00e1veis da Mivv s\u00e3o o resultado da m\u00e1xima aten\u00e7\u00e3o ao design, com o objetivo de satisfazer aqueles que se querem distinguir pelo aspeto das suas motos. O projeto Dakar \u00e9 o resultado da experi\u00eancia da I&#038;D no \u00e2mbito das competi\u00e7\u00f5es de rali. O [&hellip;]<\/p>\n","protected":false},"featured_media":65413,"template":"","meta":{"_acf_changed":false},"product_brand":[22876,22771],"product_cat":[705],"product_tag":[],"class_list":{"0":"post-102607","1":"product","2":"type-product","3":"status-publish","4":"has-post-thumbnail","6":"product_brand-desert-x","7":"product_brand-ducati","8":"product_cat-slip-on","10":"first","11":"instock","12":"shipping-taxable","13":"product-type-simple"},"acf":[],"_links":{"self":[{"href":"https:\/\/dev.mivv.com\/pt-pt\/wp-json\/wp\/v2\/product\/102607","targetHints":{"allow":["GET"]}}],"collection":[{"href":"https:\/\/dev.mivv.com\/pt-pt\/wp-json\/wp\/v2\/product"}],"about":[{"href":"https:\/\/dev.mivv.com\/pt-pt\/wp-json\/wp\/v2\/types\/product"}],"wp:featuredmedia":[{"embeddable":true,"href":"https:\/\/dev.mivv.com\/pt-pt\/wp-json\/wp\/v2\/media\/65413"}],"wp:attachment":[{"href":"https:\/\/dev.mivv.com\/pt-pt\/wp-json\/wp\/v2\/media?parent=102607"}],"wp:term":[{"taxonomy":"product_brand","embeddable":true,"href":"https:\/\/dev.mivv.com\/pt-pt\/wp-json\/wp\/v2\/product_brand?post=102607"},{"taxonomy":"product_cat","embeddable":true,"href":"https:\/\/dev.mivv.com\/pt-pt\/wp-json\/wp\/v2\/product_cat?post=102607"},{"taxonomy":"product_tag","embeddable":true,"href":"https:\/\/dev.mivv.com\/pt-pt\/wp-json\/wp\/v2\/product_tag?post=102607"}],"curies":[{"name":"wp","href":"https:\/\/api.w.org\/{rel}","templated":true}]}}