{"id":102677,"date":"2026-04-21T15:00:45","date_gmt":"2026-04-21T13:00:45","guid":{"rendered":"https:\/\/dev.mivv.com\/scarico-moto\/h-085-lr1x-honda-cb-750-hornet-2025-2026\/"},"modified":"2026-04-21T15:00:45","modified_gmt":"2026-04-21T13:00:45","slug":"h-085-lr1x-honda-cb-750-hornet-2025-2026","status":"publish","type":"product","link":"https:\/\/dev.mivv.com\/pt-pt\/product\/h-085-lr1x-honda-cb-750-hornet-2025-2026\/","title":{"rendered":"H.085.LR1X \u2013  HONDA CB 750 HORNET 2025 > 2026"},"content":{"rendered":"<p>Concebidos para melhorar a <strong>est\u00e9tica, som e desempenho<\/strong> da moto, os Escapes mont\u00e1veis da Mivv s\u00e3o o resultado da m\u00e1xima aten\u00e7\u00e3o ao design, com o objetivo de satisfazer aqueles que se querem <strong>distinguir<\/strong> pelo <strong>aspeto<\/strong> das suas motos.<\/p>\n<p>Os escapes da linha <strong>SR-1<\/strong> s\u00e3o dedicados principalmente \u00e0s superbikes e hypernaked. <strong>SR-1<\/strong> herda toda a experi\u00eancia adquirida nos v\u00e1rios campeonatos mundiais <strong>MotoGp &#8211; Moto2 &#8211; Moto3<\/strong>. Terminado com grande aten\u00e7\u00e3o pelos detalhes, garante uma melhoria na <strong>apar\u00eancia<\/strong> e <strong>desempenho<\/strong> da moto.<\/p>\n<p>Apresenta um corpo em <strong>a\u00e7o inoxid\u00e1vel escovado<\/strong> com efeito de <strong>&#8220;p\u00e9rola&#8221;<\/strong>, obtido com um processo de acabamento especial que confere ao produto um <strong>aspeto inimit\u00e1vel<\/strong>.<\/p>\n","protected":false},"excerpt":{"rendered":"<p>Concebidos para melhorar a est\u00e9tica, som e desempenho da moto, os Escapes mont\u00e1veis da Mivv s\u00e3o o resultado da m\u00e1xima aten\u00e7\u00e3o ao design, com o objetivo de satisfazer aqueles que se querem distinguir pelo aspeto das suas motos. Os escapes da linha SR-1 s\u00e3o dedicados principalmente \u00e0s superbikes e hypernaked. SR-1 herda toda a experi\u00eancia [&hellip;]<\/p>\n","protected":false},"featured_media":25702,"template":"","meta":{"_acf_changed":false},"product_brand":[24066,24052,23849],"product_cat":[705],"product_tag":[],"class_list":{"0":"post-102677","1":"product","2":"type-product","3":"status-publish","4":"has-post-thumbnail","6":"product_brand-2025-2026-10820","7":"product_brand-cb-750-hornet","8":"product_brand-honda","9":"product_cat-slip-on","11":"first","12":"instock","13":"shipping-taxable","14":"product-type-simple"},"acf":[],"_links":{"self":[{"href":"https:\/\/dev.mivv.com\/pt-pt\/wp-json\/wp\/v2\/product\/102677","targetHints":{"allow":["GET"]}}],"collection":[{"href":"https:\/\/dev.mivv.com\/pt-pt\/wp-json\/wp\/v2\/product"}],"about":[{"href":"https:\/\/dev.mivv.com\/pt-pt\/wp-json\/wp\/v2\/types\/product"}],"wp:featuredmedia":[{"embeddable":true,"href":"https:\/\/dev.mivv.com\/pt-pt\/wp-json\/wp\/v2\/media\/25702"}],"wp:attachment":[{"href":"https:\/\/dev.mivv.com\/pt-pt\/wp-json\/wp\/v2\/media?parent=102677"}],"wp:term":[{"taxonomy":"product_brand","embeddable":true,"href":"https:\/\/dev.mivv.com\/pt-pt\/wp-json\/wp\/v2\/product_brand?post=102677"},{"taxonomy":"product_cat","embeddable":true,"href":"https:\/\/dev.mivv.com\/pt-pt\/wp-json\/wp\/v2\/product_cat?post=102677"},{"taxonomy":"product_tag","embeddable":true,"href":"https:\/\/dev.mivv.com\/pt-pt\/wp-json\/wp\/v2\/product_tag?post=102677"}],"curies":[{"name":"wp","href":"https:\/\/api.w.org\/{rel}","templated":true}]}}