{"id":103454,"date":"2026-04-21T15:07:46","date_gmt":"2026-04-21T13:07:46","guid":{"rendered":"https:\/\/dev.mivv.com\/scarico-moto\/h-096-lzk-honda-cbr-650-r-2024-2026\/"},"modified":"2026-04-21T15:07:46","modified_gmt":"2026-04-21T13:07:46","slug":"h-096-lzk-honda-cbr-650-r-2024-2026","status":"publish","type":"product","link":"https:\/\/dev.mivv.com\/pt-pt\/product\/h-096-lzk-honda-cbr-650-r-2024-2026\/","title":{"rendered":"H.096.LZK &#8211; HONDA CBR 650 R 2024 > 2026"},"content":{"rendered":"","protected":false},"excerpt":{"rendered":"<p>PROTETOR DE CALOR DE CARBONO INCLU\u00cdDO. APROVADO SOMENTE COM O CATALISADOR ACC.099.A1 INSTALADO. A instala\u00e7\u00e3o deste sistema de escape sem o catalisador e a switch-off key pode fazer com que a luz de aviso do motor se acenda. Catalisador remov\u00edvel ACC.099.A1 dispon\u00edvel como opcional<\/p>\n","protected":false},"featured_media":66113,"template":"","meta":{"_acf_changed":false},"product_brand":[24304,24290,23849],"product_cat":[19573],"product_tag":[],"class_list":{"0":"post-103454","1":"product","2":"type-product","3":"status-publish","4":"has-post-thumbnail","6":"product_brand-2024-cbr-650-r","7":"product_brand-cbr-650-r","8":"product_brand-honda","9":"product_cat-planta-completa","11":"first","12":"instock","13":"shipping-taxable","14":"product-type-simple"},"acf":[],"_links":{"self":[{"href":"https:\/\/dev.mivv.com\/pt-pt\/wp-json\/wp\/v2\/product\/103454","targetHints":{"allow":["GET"]}}],"collection":[{"href":"https:\/\/dev.mivv.com\/pt-pt\/wp-json\/wp\/v2\/product"}],"about":[{"href":"https:\/\/dev.mivv.com\/pt-pt\/wp-json\/wp\/v2\/types\/product"}],"wp:featuredmedia":[{"embeddable":true,"href":"https:\/\/dev.mivv.com\/pt-pt\/wp-json\/wp\/v2\/media\/66113"}],"wp:attachment":[{"href":"https:\/\/dev.mivv.com\/pt-pt\/wp-json\/wp\/v2\/media?parent=103454"}],"wp:term":[{"taxonomy":"product_brand","embeddable":true,"href":"https:\/\/dev.mivv.com\/pt-pt\/wp-json\/wp\/v2\/product_brand?post=103454"},{"taxonomy":"product_cat","embeddable":true,"href":"https:\/\/dev.mivv.com\/pt-pt\/wp-json\/wp\/v2\/product_cat?post=103454"},{"taxonomy":"product_tag","embeddable":true,"href":"https:\/\/dev.mivv.com\/pt-pt\/wp-json\/wp\/v2\/product_tag?post=103454"}],"curies":[{"name":"wp","href":"https:\/\/api.w.org\/{rel}","templated":true}]}}