{"id":104147,"date":"2026-04-21T15:13:48","date_gmt":"2026-04-21T13:13:48","guid":{"rendered":"https:\/\/dev.mivv.com\/scarico-moto\/h-096-k4k-honda-cbr-650-r-2024-2026\/"},"modified":"2026-04-21T15:13:48","modified_gmt":"2026-04-21T13:13:48","slug":"h-096-k4k-honda-cbr-650-r-2024-2026","status":"publish","type":"product","link":"https:\/\/dev.mivv.com\/pt-pt\/product\/h-096-k4k-honda-cbr-650-r-2024-2026\/","title":{"rendered":"H.096.K4K &#8211; HONDA CBR 650 R 2024 > 2026"},"content":{"rendered":"","protected":false},"excerpt":{"rendered":"<p>PROTETOR DE CALOR DE CARBONO INCLU\u00cdDO. Catalisador ACC.099.A1 inclu\u00eddo. Homologado E5+ (Reg.EC-UE 134\/2014). Ap\u00f3s a instala\u00e7\u00e3o deste sistema de escape, a luz indicadora do motor (MIL) poder\u00e1 acender. Caso isso ocorra, a instala\u00e7\u00e3o opcional da Switch-Off Key poder\u00e1 resolver o inconveniente. Para mais informa\u00e7\u00f5es, consulte a sec\u00e7\u00e3o de \u201cPe\u00e7as Opcionais\u201d.<\/p>\n","protected":false},"featured_media":66237,"template":"","meta":{"_acf_changed":false},"product_brand":[24304,24290,23849],"product_cat":[19573],"product_tag":[],"class_list":{"0":"post-104147","1":"product","2":"type-product","3":"status-publish","4":"has-post-thumbnail","6":"product_brand-2024-cbr-650-r","7":"product_brand-cbr-650-r","8":"product_brand-honda","9":"product_cat-planta-completa","11":"first","12":"instock","13":"shipping-taxable","14":"product-type-simple"},"acf":[],"_links":{"self":[{"href":"https:\/\/dev.mivv.com\/pt-pt\/wp-json\/wp\/v2\/product\/104147","targetHints":{"allow":["GET"]}}],"collection":[{"href":"https:\/\/dev.mivv.com\/pt-pt\/wp-json\/wp\/v2\/product"}],"about":[{"href":"https:\/\/dev.mivv.com\/pt-pt\/wp-json\/wp\/v2\/types\/product"}],"wp:featuredmedia":[{"embeddable":true,"href":"https:\/\/dev.mivv.com\/pt-pt\/wp-json\/wp\/v2\/media\/66237"}],"wp:attachment":[{"href":"https:\/\/dev.mivv.com\/pt-pt\/wp-json\/wp\/v2\/media?parent=104147"}],"wp:term":[{"taxonomy":"product_brand","embeddable":true,"href":"https:\/\/dev.mivv.com\/pt-pt\/wp-json\/wp\/v2\/product_brand?post=104147"},{"taxonomy":"product_cat","embeddable":true,"href":"https:\/\/dev.mivv.com\/pt-pt\/wp-json\/wp\/v2\/product_cat?post=104147"},{"taxonomy":"product_tag","embeddable":true,"href":"https:\/\/dev.mivv.com\/pt-pt\/wp-json\/wp\/v2\/product_tag?post=104147"}],"curies":[{"name":"wp","href":"https:\/\/api.w.org\/{rel}","templated":true}]}}