{"id":105106,"date":"2026-04-21T15:22:46","date_gmt":"2026-04-21T13:22:46","guid":{"rendered":"https:\/\/dev.mivv.com\/scarico-moto\/hd-005-lh1xa-harley-davidson-cvo-road-glide-st-street-glide-ultra-limited-ultra-limited-anniversary-2024-2026\/"},"modified":"2026-04-21T15:22:46","modified_gmt":"2026-04-21T13:22:46","slug":"hd-005-lh1xa-harley-davidson-cvo-road-glide-st-street-glide-ultra-limited-ultra-limited-anniversary-2024-2026","status":"publish","type":"product","link":"https:\/\/dev.mivv.com\/pt-pt\/product\/hd-005-lh1xa-harley-davidson-cvo-road-glide-st-street-glide-ultra-limited-ultra-limited-anniversary-2024-2026\/","title":{"rendered":"HD.005.LH1XA &#8211; HARLEY DAVIDSON CVO ROAD GLIDE ST \/ STREET GLIDE \/ ULTRA LIMITED \/ ULTRA LIMITED ANNIVERSARY 2024 > 2026"},"content":{"rendered":"<p>Concebidos para melhorar a <strong>est\u00e9tica, som e desempenho<\/strong> da moto, os Escapes mont\u00e1veis da Mivv s\u00e3o o resultado da m\u00e1xima aten\u00e7\u00e3o ao design, com o objetivo de satisfazer aqueles que se querem <strong>distinguir<\/strong> pelo <strong>aspeto<\/strong> das suas motos.<\/p>\n<p>Os escapes da linha HR-1 t\u00eam uma forma redonda. O tubo de sa\u00edda \u00e9 feito de <strong>alum\u00ednio envernizado preto<\/strong> ou <strong>carbono  &#8220;twill 3K look&#8221;<\/strong><\/p>\n<p>Apresenta um corpo central em <strong>a\u00e7o inoxid\u00e1vel<\/strong> com efeito <strong>&#8220;Mirror&#8221;<\/strong>, obtido gra\u00e7as a um processo especial de polimento que confere ao produto um <strong>aspeto &#8220;classic style&#8221;<\/strong><\/p>\n","protected":false},"excerpt":{"rendered":"<p>Concebidos para melhorar a est\u00e9tica, som e desempenho da moto, os Escapes mont\u00e1veis da Mivv s\u00e3o o resultado da m\u00e1xima aten\u00e7\u00e3o ao design, com o objetivo de satisfazer aqueles que se querem distinguir pelo aspeto das suas motos. Os escapes da linha HR-1 t\u00eam uma forma redonda. O tubo de sa\u00edda \u00e9 feito de alum\u00ednio [&hellip;]<\/p>\n","protected":false},"featured_media":11518,"template":"","meta":{"_acf_changed":false},"product_brand":[23653,23639,23632],"product_cat":[850],"product_tag":[],"class_list":{"0":"post-105106","1":"product","2":"type-product","3":"status-publish","4":"has-post-thumbnail","6":"product_brand-2024-cvo-road-glide-st-street-glide-ultra-limited-ultra-limited-anniversary","7":"product_brand-cvo-road-glide-st-street-glide-ultra-limited-ultra-limited-anniversary","8":"product_brand-harley-davidson","9":"product_cat-2-slip-on","11":"first","12":"instock","13":"shipping-taxable","14":"product-type-simple"},"acf":[],"_links":{"self":[{"href":"https:\/\/dev.mivv.com\/pt-pt\/wp-json\/wp\/v2\/product\/105106","targetHints":{"allow":["GET"]}}],"collection":[{"href":"https:\/\/dev.mivv.com\/pt-pt\/wp-json\/wp\/v2\/product"}],"about":[{"href":"https:\/\/dev.mivv.com\/pt-pt\/wp-json\/wp\/v2\/types\/product"}],"wp:featuredmedia":[{"embeddable":true,"href":"https:\/\/dev.mivv.com\/pt-pt\/wp-json\/wp\/v2\/media\/11518"}],"wp:attachment":[{"href":"https:\/\/dev.mivv.com\/pt-pt\/wp-json\/wp\/v2\/media?parent=105106"}],"wp:term":[{"taxonomy":"product_brand","embeddable":true,"href":"https:\/\/dev.mivv.com\/pt-pt\/wp-json\/wp\/v2\/product_brand?post=105106"},{"taxonomy":"product_cat","embeddable":true,"href":"https:\/\/dev.mivv.com\/pt-pt\/wp-json\/wp\/v2\/product_cat?post=105106"},{"taxonomy":"product_tag","embeddable":true,"href":"https:\/\/dev.mivv.com\/pt-pt\/wp-json\/wp\/v2\/product_tag?post=105106"}],"curies":[{"name":"wp","href":"https:\/\/api.w.org\/{rel}","templated":true}]}}