{"id":69463,"date":"2026-04-15T16:51:33","date_gmt":"2026-04-15T14:51:33","guid":{"rendered":"https:\/\/dev.mivv.com\/scarico-moto\/c-su-0007-b-suzuki-burgman-400-2006-2020\/"},"modified":"2026-04-15T16:51:33","modified_gmt":"2026-04-15T14:51:33","slug":"c-su-0007-b-suzuki-burgman-400-2006-2020","status":"publish","type":"product","link":"https:\/\/dev.mivv.com\/pt-pt\/product\/c-su-0007-b-suzuki-burgman-400-2006-2020\/","title":{"rendered":"C.SU.0007.B \u2013 SUZUKI BURGMAN 400 2006 > 2020"},"content":{"rendered":"<p>Os escapes Mivv para scooters t\u00eam como objetivo melhorar o <strong>som<\/strong> e o <strong>desempenho<\/strong>, bem como o <strong>aspeto<\/strong> das pr\u00f3prias scooters. Uma mistura perfeita para uma scooter completamente <strong>especial<\/strong>.<\/p>\n<p>URBAN \u00e9 uma gama alternativa no que diz respeito ao <strong>aspeto<\/strong> e \u00e0s caracter\u00edsticas t\u00e9cnicas. Totalmente fabricado em <strong>a\u00e7o inoxid\u00e1vel escovado<\/strong>, combina <strong>estilo e pre\u00e7o<\/strong> de forma inteligente.<\/p>\n<p> A gama Urban tamb\u00e9m est\u00e1 dispon\u00edvel na vers\u00e3o catalisada, em conformidade com as normas Europeias.<\/p>\n","protected":false},"excerpt":{"rendered":"<p>Os escapes Mivv para scooters t\u00eam como objetivo melhorar o som e o desempenho, bem como o aspeto das pr\u00f3prias scooters. Uma mistura perfeita para uma scooter completamente especial. URBAN \u00e9 uma gama alternativa no que diz respeito ao aspeto e \u00e0s caracter\u00edsticas t\u00e9cnicas. Totalmente fabricado em a\u00e7o inoxid\u00e1vel escovado, combina estilo e pre\u00e7o de [&hellip;]<\/p>\n","protected":false},"featured_media":62549,"template":"","meta":{"_acf_changed":false},"product_brand":[21224,21221,21211],"product_cat":[19573],"product_tag":[],"class_list":{"0":"post-69463","1":"product","2":"type-product","3":"status-publish","4":"has-post-thumbnail","6":"product_brand-2006-2016-burgman-400","7":"product_brand-burgman-400","8":"product_brand-suzuki","9":"product_cat-planta-completa","11":"first","12":"instock","13":"shipping-taxable","14":"product-type-simple"},"acf":[],"_links":{"self":[{"href":"https:\/\/dev.mivv.com\/pt-pt\/wp-json\/wp\/v2\/product\/69463","targetHints":{"allow":["GET"]}}],"collection":[{"href":"https:\/\/dev.mivv.com\/pt-pt\/wp-json\/wp\/v2\/product"}],"about":[{"href":"https:\/\/dev.mivv.com\/pt-pt\/wp-json\/wp\/v2\/types\/product"}],"wp:featuredmedia":[{"embeddable":true,"href":"https:\/\/dev.mivv.com\/pt-pt\/wp-json\/wp\/v2\/media\/62549"}],"wp:attachment":[{"href":"https:\/\/dev.mivv.com\/pt-pt\/wp-json\/wp\/v2\/media?parent=69463"}],"wp:term":[{"taxonomy":"product_brand","embeddable":true,"href":"https:\/\/dev.mivv.com\/pt-pt\/wp-json\/wp\/v2\/product_brand?post=69463"},{"taxonomy":"product_cat","embeddable":true,"href":"https:\/\/dev.mivv.com\/pt-pt\/wp-json\/wp\/v2\/product_cat?post=69463"},{"taxonomy":"product_tag","embeddable":true,"href":"https:\/\/dev.mivv.com\/pt-pt\/wp-json\/wp\/v2\/product_tag?post=69463"}],"curies":[{"name":"wp","href":"https:\/\/api.w.org\/{rel}","templated":true}]}}