{"id":70238,"date":"2026-04-15T17:33:27","date_gmt":"2026-04-15T15:33:27","guid":{"rendered":"https:\/\/dev.mivv.com\/scarico-moto\/y-018-lxb-yamaha-t-max-500-2001-2007\/"},"modified":"2026-04-15T17:33:27","modified_gmt":"2026-04-15T15:33:27","slug":"y-018-lxb-yamaha-t-max-500-2001-2007","status":"publish","type":"product","link":"https:\/\/dev.mivv.com\/pt-pt\/product\/y-018-lxb-yamaha-t-max-500-2001-2007\/","title":{"rendered":"Y.018.LXB &#8211; YAMAHA T-MAX 500 2001 > 2007"},"content":{"rendered":"<p>Os escapes Mivv para scooters t\u00eam como objetivo melhorar o <strong>som<\/strong> e o <strong>desempenho<\/strong>, bem como o <strong>aspeto<\/strong> das pr\u00f3prias scooters. Uma mistura perfeita para uma scooter completamente <strong>especial<\/strong>.<\/p>\n<p>Fabricado implementando as solu\u00e7\u00f5es t\u00e9cnicas dos modelos da <strong>competi\u00e7\u00e3o<\/strong>, o escape GP \u00e9 um silenciador redondo curto com sa\u00edda ampliada.<\/p>\n<p>Este escape apresenta um corpo central em a\u00e7o inoxid\u00e1vel preto com efeito <strong>&#8220;Black Moon&#8221;<\/strong> escovado, obtido com um processo de colora\u00e7\u00e3o especial que proporciona um aspeto mais <strong>agressivo<\/strong> ao silenciador.<\/p>\n","protected":false},"excerpt":{"rendered":"<p>Os escapes Mivv para scooters t\u00eam como objetivo melhorar o som e o desempenho, bem como o aspeto das pr\u00f3prias scooters. Uma mistura perfeita para uma scooter completamente especial. Fabricado implementando as solu\u00e7\u00f5es t\u00e9cnicas dos modelos da competi\u00e7\u00e3o, o escape GP \u00e9 um silenciador redondo curto com sa\u00edda ampliada. Este escape apresenta um corpo central [&hellip;]<\/p>\n","protected":false},"featured_media":62610,"template":"","meta":{"_acf_changed":false},"product_brand":[21422,21421,21384],"product_cat":[19573],"product_tag":[],"class_list":{"0":"post-70238","1":"product","2":"type-product","3":"status-publish","4":"has-post-thumbnail","6":"product_brand-2001-2007-t-max-500","7":"product_brand-t-max-500","8":"product_brand-yamaha","9":"product_cat-planta-completa","11":"first","12":"instock","13":"shipping-taxable","14":"product-type-simple"},"acf":[],"_links":{"self":[{"href":"https:\/\/dev.mivv.com\/pt-pt\/wp-json\/wp\/v2\/product\/70238","targetHints":{"allow":["GET"]}}],"collection":[{"href":"https:\/\/dev.mivv.com\/pt-pt\/wp-json\/wp\/v2\/product"}],"about":[{"href":"https:\/\/dev.mivv.com\/pt-pt\/wp-json\/wp\/v2\/types\/product"}],"wp:featuredmedia":[{"embeddable":true,"href":"https:\/\/dev.mivv.com\/pt-pt\/wp-json\/wp\/v2\/media\/62610"}],"wp:attachment":[{"href":"https:\/\/dev.mivv.com\/pt-pt\/wp-json\/wp\/v2\/media?parent=70238"}],"wp:term":[{"taxonomy":"product_brand","embeddable":true,"href":"https:\/\/dev.mivv.com\/pt-pt\/wp-json\/wp\/v2\/product_brand?post=70238"},{"taxonomy":"product_cat","embeddable":true,"href":"https:\/\/dev.mivv.com\/pt-pt\/wp-json\/wp\/v2\/product_cat?post=70238"},{"taxonomy":"product_tag","embeddable":true,"href":"https:\/\/dev.mivv.com\/pt-pt\/wp-json\/wp\/v2\/product_tag?post=70238"}],"curies":[{"name":"wp","href":"https:\/\/api.w.org\/{rel}","templated":true}]}}