{"id":70350,"date":"2026-04-15T17:33:56","date_gmt":"2026-04-15T15:33:56","guid":{"rendered":"https:\/\/dev.mivv.com\/scarico-moto\/y-013-l3-yamaha-yzf-600-r6-2003-2005\/"},"modified":"2026-04-15T17:33:56","modified_gmt":"2026-04-15T15:33:56","slug":"y-013-l3-yamaha-yzf-600-r6-2003-2005","status":"publish","type":"product","link":"https:\/\/dev.mivv.com\/pt-pt\/product\/y-013-l3-yamaha-yzf-600-r6-2003-2005\/","title":{"rendered":"Y.013.L3 &#8211; YAMAHA YZF 600 R6 2003 > 2005"},"content":{"rendered":"<p>Concebidos para melhorar a <strong>est\u00e9tica, som e desempenho<\/strong> da moto, os Escapes mont\u00e1veis da Mivv s\u00e3o o resultado da m\u00e1xima aten\u00e7\u00e3o ao design, com o objetivo de satisfazer aqueles que se querem <strong>distinguir<\/strong> pelo <strong>aspeto<\/strong> das suas motos.<\/p>\n<p>O escape OVAL \u00e9 perfeitamente adequado para todos os tipos de motos. Com a m\u00e1xima aten\u00e7\u00e3o aos detalhes, esta gama \u00e9 o melhor compromisso entre o <strong>visual<\/strong> e o <strong>desempenho<\/strong>. <\/p>\n<p>O corpo central \u00e9 feito de carbono, um material que confere leveza e um car\u00e1ter desportivo ao silenciador.<\/p>\n","protected":false},"excerpt":{"rendered":"<p>Concebidos para melhorar a est\u00e9tica, som e desempenho da moto, os Escapes mont\u00e1veis da Mivv s\u00e3o o resultado da m\u00e1xima aten\u00e7\u00e3o ao design, com o objetivo de satisfazer aqueles que se querem distinguir pelo aspeto das suas motos. O escape OVAL \u00e9 perfeitamente adequado para todos os tipos de motos. Com a m\u00e1xima aten\u00e7\u00e3o aos [&hellip;]<\/p>\n","protected":false},"featured_media":62674,"template":"","meta":{"_acf_changed":false},"product_brand":[21491,21384,21489],"product_cat":[705],"product_tag":[],"class_list":{"0":"post-70350","1":"product","2":"type-product","3":"status-publish","4":"has-post-thumbnail","6":"product_brand-2003-2005-yzf-600-r6","7":"product_brand-yamaha","8":"product_brand-yzf-600-r6","9":"product_cat-slip-on","11":"first","12":"instock","13":"shipping-taxable","14":"product-type-simple"},"acf":[],"_links":{"self":[{"href":"https:\/\/dev.mivv.com\/pt-pt\/wp-json\/wp\/v2\/product\/70350","targetHints":{"allow":["GET"]}}],"collection":[{"href":"https:\/\/dev.mivv.com\/pt-pt\/wp-json\/wp\/v2\/product"}],"about":[{"href":"https:\/\/dev.mivv.com\/pt-pt\/wp-json\/wp\/v2\/types\/product"}],"wp:featuredmedia":[{"embeddable":true,"href":"https:\/\/dev.mivv.com\/pt-pt\/wp-json\/wp\/v2\/media\/62674"}],"wp:attachment":[{"href":"https:\/\/dev.mivv.com\/pt-pt\/wp-json\/wp\/v2\/media?parent=70350"}],"wp:term":[{"taxonomy":"product_brand","embeddable":true,"href":"https:\/\/dev.mivv.com\/pt-pt\/wp-json\/wp\/v2\/product_brand?post=70350"},{"taxonomy":"product_cat","embeddable":true,"href":"https:\/\/dev.mivv.com\/pt-pt\/wp-json\/wp\/v2\/product_cat?post=70350"},{"taxonomy":"product_tag","embeddable":true,"href":"https:\/\/dev.mivv.com\/pt-pt\/wp-json\/wp\/v2\/product_tag?post=70350"}],"curies":[{"name":"wp","href":"https:\/\/api.w.org\/{rel}","templated":true}]}}